{"id":1164,"date":"2017-04-26T17:12:49","date_gmt":"2017-04-26T15:12:49","guid":{"rendered":"http:\/\/www.hotel-sabbiadoro.it\/?page_id=1164\/"},"modified":"2017-04-26T17:13:35","modified_gmt":"2017-04-26T15:13:35","slug":"habitaciones-san-vincenzo","status":"publish","type":"page","link":"https:\/\/www.hotel-sabbiadoro.it\/es\/habitaciones-san-vincenzo\/","title":{"rendered":"Habitaciones"},"content":{"rendered":"<p>[vc_row grandium_select_container=\u00bbtopandbottom\u00bb el_class=\u00bblucanopadding\u00bb][vc_column]<!-- Section About Promo --><div class=\"section \"  ><div class=\"widget-about-promo\" data-background=\"\"><div class=\"wrapper-inner\"><div class=\"widget-inner\"><div class=\"row\"><div class=\"col-md-6\"><h5>HABITACIONES CON VISTA AL MAR<\/h5><h2>Hotel 4 estrellas San Vincenzo<\/h2><\/p>\n<p class=\"western\" lang=\"es-ES\">El Hotel ofrece a los hu\u00e9spedes la posibilidad de elegir entre varios tipos de habitaci\u00f3n:<\/p>\n<p><\/div><\/div><\/div><\/div><\/div><\/div><!-- Section About Promo End -->[\/vc_column][\/vc_row][vc_row grandium_select_container=\u00bbtopandbottom\u00bb el_class=\u00bblucanopadding\u00bb][vc_column]<!-- Section Rooms --><div class=\"section \" id=\"rooms\"><div class=\"wrapper-inner\"> <!-- Rooms List --><div class=\"widget-rooms-list\"><div class=\"rooms-item\"><div class=\"item-photo\"><a href=\"https:\/\/www.hotel-sabbiadoro.it\/es\/rooms\/matrimoniale-classic\/\" data-background=\"https:\/\/www.hotel-sabbiadoro.it\/wp-content\/uploads\/2016\/07\/DSCF8372-600x600.jpg\"><\/a><\/div><div class=\"item-desc\"><h2><a href=\"https:\/\/www.hotel-sabbiadoro.it\/es\/rooms\/matrimoniale-classic\/\">Matrimoniale Elegance<\/a><\/h2><p>Matrimoniale Elegance Confortables y acogedoras est\u00e1n amobladas con sencillez y armon\u00eda y disponen de un peque\u00f1o balc\u00f3n. Tienen un tama\u00f1<\/p><div class=\"desc-features\"><ul><li><i class=\"fa fa-check\"><\/i> Climatizaci\u00f3n<\/li><li><i class=\"fa fa-check\"><\/i> Calefacci\u00f3n<\/li><li><i class=\"fa fa-check\"><\/i> Mini bar <\/li><li><i class=\"fa fa-check\"><\/i> televisores LCD satelitales<\/li><li><i class=\"fa fa-check\"><\/i> Tel\u00e9fono<\/li><li><i class=\"fa fa-check\"><\/i> Caja fuerte<\/li><li><i class=\"fa fa-check\"><\/i> Secador de pelo<\/li><li><i class=\"fa fa-check\"><\/i> Wi-Fi<\/li> <\/ul><\/div><\/div><div class=\"item-price\"><div class=\"price-inner\"><h3> <\/h3><h4> <\/h4><h5><\/h5><a href=\"https:\/\/www.hotel-sabbiadoro.it\/es\/rooms\/matrimoniale-classic\/\" class=\"btn\">Dettaglio<\/a><\/div><\/div><\/div><div class=\"rooms-item\"><div class=\"item-photo\"><a href=\"https:\/\/www.hotel-sabbiadoro.it\/es\/rooms\/matrimoniale-family\/\" data-background=\"https:\/\/www.hotel-sabbiadoro.it\/wp-content\/uploads\/2016\/07\/1-600x600.jpg\"><\/a><\/div><div class=\"item-desc\"><h2><a href=\"https:\/\/www.hotel-sabbiadoro.it\/es\/rooms\/matrimoniale-family\/\">Matrimoniale Family<\/a><\/h2><p>Matrimoniale Family Sofisticadas y acogedoras nuestras habitaciones Familia con cama doble o Somier separados y cama adicional son ideales pa<\/p><div class=\"desc-features\"><ul><li><i class=\"fa fa-check\"><\/i> Climatizaci\u00f3n<\/li><li><i class=\"fa fa-check\"><\/i> Calefacci\u00f3n<\/li><li><i class=\"fa fa-check\"><\/i> Mini bar <\/li><li><i class=\"fa fa-check\"><\/i> televisores LCD satelitales<\/li><li><i class=\"fa fa-check\"><\/i> Tel\u00e9fono<\/li><li><i class=\"fa fa-check\"><\/i> Caja fuerte<\/li><li><i class=\"fa fa-check\"><\/i> Secador de pelo<\/li><li><i class=\"fa fa-check\"><\/i> Wi-Fi<\/li> <\/ul><\/div><\/div><div class=\"item-price\"><div class=\"price-inner\"><h3> <\/h3><h4> <\/h4><h5><\/h5><a href=\"https:\/\/www.hotel-sabbiadoro.it\/es\/rooms\/matrimoniale-family\/\" class=\"btn\">Dettaglio<\/a><\/div><\/div><\/div><div class=\"rooms-item\"><div class=\"item-photo\"><a href=\"https:\/\/www.hotel-sabbiadoro.it\/es\/rooms\/junior-suite\/\" data-background=\"https:\/\/www.hotel-sabbiadoro.it\/wp-content\/uploads\/2016\/07\/JuniorSuite.Elegance.Suite_-600x600.jpg\"><\/a><\/div><div class=\"item-desc\"><h2><a href=\"https:\/\/www.hotel-sabbiadoro.it\/es\/rooms\/junior-suite\/\">Junior Suite<\/a><\/h2><p>Junior Suite Las Junior Suites, formadas por dos habitaciones dobles comunicadas, tienen cuartos de ba\u00f1o doble y dos balcones con vista dire<\/p><div class=\"desc-features\"><ul><li><i class=\"fa fa-check\"><\/i> Climatizaci\u00f3n<\/li><li><i class=\"fa fa-check\"><\/i> Calefacci\u00f3n<\/li><li><i class=\"fa fa-check\"><\/i> Mini bar <\/li><li><i class=\"fa fa-check\"><\/i> televisores LCD satelitales<\/li><li><i class=\"fa fa-check\"><\/i> Tel\u00e9fono<\/li><li><i class=\"fa fa-check\"><\/i> Caja fuerte<\/li><li><i class=\"fa fa-check\"><\/i> Secador de pelo<\/li><li><i class=\"fa fa-check\"><\/i> Wi-Fi<\/li> <\/ul><\/div><\/div><div class=\"item-price\"><div class=\"price-inner\"><h3> <\/h3><h4> <\/h4><h5><\/h5><a href=\"https:\/\/www.hotel-sabbiadoro.it\/es\/rooms\/junior-suite\/\" class=\"btn\">Dettaglio<\/a><\/div><\/div><\/div><div class=\"rooms-item\"><div class=\"item-photo\"><a href=\"https:\/\/www.hotel-sabbiadoro.it\/es\/rooms\/matrimoniale-elegance\/\" data-background=\"https:\/\/www.hotel-sabbiadoro.it\/wp-content\/uploads\/2016\/11\/DSCF8118-600x600.jpg\"><\/a><\/div><div class=\"item-desc\"><h2><a href=\"https:\/\/www.hotel-sabbiadoro.it\/es\/rooms\/matrimoniale-elegance\/\">Matrimoniale elegance<\/a><\/h2><p>Matrimoniale Elegance Estas habitaciones amobladas con elegancia adquieren una atm\u00f3sfera lujosa que har\u00e1n de su permanencia un recuerdo ino<\/p><div class=\"desc-features\"><ul><li><i class=\"fa fa-check\"><\/i> Climatizaci\u00f3n<\/li><li><i class=\"fa fa-check\"><\/i> Mini bar <\/li><li><i class=\"fa fa-check\"><\/i> televisores LCD satelitales<\/li><li><i class=\"fa fa-check\"><\/i> Tel\u00e9fono<\/li><li><i class=\"fa fa-check\"><\/i> Caja fuerte<\/li><li><i class=\"fa fa-check\"><\/i> Secador de pelo<\/li><li><i class=\"fa fa-check\"><\/i> Wi-Fi<\/li> <\/ul><\/div><\/div><div class=\"item-price\"><div class=\"price-inner\"><h3> <\/h3><h4> <\/h4><h5><\/h5><a href=\"https:\/\/www.hotel-sabbiadoro.it\/es\/rooms\/matrimoniale-elegance\/\" class=\"btn\">Dettaglio<\/a><\/div><\/div><\/div><div class=\"rooms-item\"><div class=\"item-photo\"><a href=\"https:\/\/www.hotel-sabbiadoro.it\/es\/rooms\/suite\/\" data-background=\"https:\/\/www.hotel-sabbiadoro.it\/wp-content\/uploads\/2016\/11\/IMG_4610-600x600.jpg\"><\/a><\/div><div class=\"item-desc\"><h2><a href=\"https:\/\/www.hotel-sabbiadoro.it\/es\/rooms\/suite\/\">Suite<\/a><\/h2><p>Suite Nuestras Suites cuentan con dormitorio y comedor, tienen cuartos de ba\u00f1o doble y dos balcones frente al mar, para ofrecer a nuestros h<\/p><div class=\"desc-features\"><ul><li><i class=\"fa fa-check\"><\/i> Climatizaci\u00f3n<\/li><li><i class=\"fa fa-check\"><\/i> Calefacci\u00f3n<\/li><li><i class=\"fa fa-check\"><\/i> Mini bar <\/li><li><i class=\"fa fa-check\"><\/i> 2 televisores LCD satelitales<\/li><li><i class=\"fa fa-check\"><\/i> Tel\u00e9fono<\/li><li><i class=\"fa fa-check\"><\/i> Caja fuerte<\/li><li><i class=\"fa fa-check\"><\/i> Secador de pelo<\/li><li><i class=\"fa fa-check\"><\/i> Wi-Fi<\/li> <\/ul><\/div><\/div><div class=\"item-price\"><div class=\"price-inner\"><h3> <\/h3><h4> <\/h4><h5><\/h5><a href=\"https:\/\/www.hotel-sabbiadoro.it\/es\/rooms\/suite\/\" class=\"btn\">Dettaglio<\/a><\/div><\/div><\/div> <\/div><!-- Rooms List End --><!-- Pager --><div class=\"widget-pager\"> <\/div><!-- Pager End --> <\/div><\/div><!-- Section Rooms End -->[\/vc_column][\/vc_row]<\/p>\n","protected":false},"excerpt":{"rendered":"<p>[vc_row grandium_select_container=\u00bbtopandbottom\u00bb el_class=\u00bblucanopadding\u00bb][vc_column][\/vc_column][\/vc_row][vc_row grandium_select_container=\u00bbtopandbottom\u00bb el_class=\u00bblucanopadding\u00bb][vc_column][\/vc_column][\/vc_row]<\/p>\n","protected":false},"author":2,"featured_media":0,"parent":0,"menu_order":0,"comment_status":"closed","ping_status":"closed","template":"frontpage.php","meta":{"_expiration-date-status":"saved","_expiration-date":0,"_expiration-date-type":"","_expiration-date-categories":[],"_expiration-date-options":[]},"yoast_head":"<!-- This site is optimized with the Yoast SEO plugin v19.10 - https:\/\/yoast.com\/wordpress\/plugins\/seo\/ -->\n<title>Habitaciones - Hotel Sabbia d&#039;Oro<\/title>\n<meta name=\"robots\" content=\"index, follow, max-snippet:-1, max-image-preview:large, max-video-preview:-1\" \/>\n<link rel=\"canonical\" href=\"https:\/\/www.hotel-sabbiadoro.it\/es\/habitaciones-san-vincenzo\/\" \/>\n<meta property=\"og:locale\" content=\"es_ES\" \/>\n<meta property=\"og:type\" content=\"article\" \/>\n<meta property=\"og:title\" content=\"Habitaciones - Hotel Sabbia d&#039;Oro\" \/>\n<meta property=\"og:description\" content=\"[vc_row grandium_select_container=\u00bbtopandbottom\u00bb el_class=\u00bblucanopadding\u00bb][vc_column][\/vc_column][\/vc_row][vc_row grandium_select_container=\u00bbtopandbottom\u00bb el_class=\u00bblucanopadding\u00bb][vc_column][\/vc_column][\/vc_row]\" \/>\n<meta property=\"og:url\" content=\"https:\/\/www.hotel-sabbiadoro.it\/es\/habitaciones-san-vincenzo\/\" \/>\n<meta property=\"og:site_name\" content=\"Hotel Sabbia d&#039;Oro\" \/>\n<meta property=\"article:modified_time\" content=\"2017-04-26T15:13:35+00:00\" \/>\n<meta name=\"twitter:card\" content=\"summary_large_image\" \/>\n<script type=\"application\/ld+json\" class=\"yoast-schema-graph\">{\"@context\":\"https:\/\/schema.org\",\"@graph\":[{\"@type\":\"WebPage\",\"@id\":\"https:\/\/www.hotel-sabbiadoro.it\/es\/habitaciones-san-vincenzo\/\",\"url\":\"https:\/\/www.hotel-sabbiadoro.it\/es\/habitaciones-san-vincenzo\/\",\"name\":\"Habitaciones - Hotel Sabbia d&#039;Oro\",\"isPartOf\":{\"@id\":\"https:\/\/www.hotel-sabbiadoro.it\/en\/#website\"},\"datePublished\":\"2017-04-26T15:12:49+00:00\",\"dateModified\":\"2017-04-26T15:13:35+00:00\",\"breadcrumb\":{\"@id\":\"https:\/\/www.hotel-sabbiadoro.it\/es\/habitaciones-san-vincenzo\/#breadcrumb\"},\"inLanguage\":\"es\",\"potentialAction\":[{\"@type\":\"ReadAction\",\"target\":[\"https:\/\/www.hotel-sabbiadoro.it\/es\/habitaciones-san-vincenzo\/\"]}]},{\"@type\":\"BreadcrumbList\",\"@id\":\"https:\/\/www.hotel-sabbiadoro.it\/es\/habitaciones-san-vincenzo\/#breadcrumb\",\"itemListElement\":[{\"@type\":\"ListItem\",\"position\":1,\"name\":\"Home\",\"item\":\"https:\/\/www.hotel-sabbiadoro.it\/es\/\"},{\"@type\":\"ListItem\",\"position\":2,\"name\":\"Habitaciones\"}]},{\"@type\":\"WebSite\",\"@id\":\"https:\/\/www.hotel-sabbiadoro.it\/en\/#website\",\"url\":\"https:\/\/www.hotel-sabbiadoro.it\/en\/\",\"name\":\"Hotel Sabbia d&#039;Oro\",\"description\":\"Hotel con Centro Benessere\",\"potentialAction\":[{\"@type\":\"SearchAction\",\"target\":{\"@type\":\"EntryPoint\",\"urlTemplate\":\"https:\/\/www.hotel-sabbiadoro.it\/en\/?s={search_term_string}\"},\"query-input\":\"required name=search_term_string\"}],\"inLanguage\":\"es\"}]}<\/script>\n<!-- \/ Yoast SEO plugin. -->","yoast_head_json":{"title":"Habitaciones - Hotel Sabbia d&#039;Oro","robots":{"index":"index","follow":"follow","max-snippet":"max-snippet:-1","max-image-preview":"max-image-preview:large","max-video-preview":"max-video-preview:-1"},"canonical":"https:\/\/www.hotel-sabbiadoro.it\/es\/habitaciones-san-vincenzo\/","og_locale":"es_ES","og_type":"article","og_title":"Habitaciones - Hotel Sabbia d&#039;Oro","og_description":"[vc_row grandium_select_container=\u00bbtopandbottom\u00bb el_class=\u00bblucanopadding\u00bb][vc_column][\/vc_column][\/vc_row][vc_row grandium_select_container=\u00bbtopandbottom\u00bb el_class=\u00bblucanopadding\u00bb][vc_column][\/vc_column][\/vc_row]","og_url":"https:\/\/www.hotel-sabbiadoro.it\/es\/habitaciones-san-vincenzo\/","og_site_name":"Hotel Sabbia d&#039;Oro","article_modified_time":"2017-04-26T15:13:35+00:00","twitter_card":"summary_large_image","schema":{"@context":"https:\/\/schema.org","@graph":[{"@type":"WebPage","@id":"https:\/\/www.hotel-sabbiadoro.it\/es\/habitaciones-san-vincenzo\/","url":"https:\/\/www.hotel-sabbiadoro.it\/es\/habitaciones-san-vincenzo\/","name":"Habitaciones - Hotel Sabbia d&#039;Oro","isPartOf":{"@id":"https:\/\/www.hotel-sabbiadoro.it\/en\/#website"},"datePublished":"2017-04-26T15:12:49+00:00","dateModified":"2017-04-26T15:13:35+00:00","breadcrumb":{"@id":"https:\/\/www.hotel-sabbiadoro.it\/es\/habitaciones-san-vincenzo\/#breadcrumb"},"inLanguage":"es","potentialAction":[{"@type":"ReadAction","target":["https:\/\/www.hotel-sabbiadoro.it\/es\/habitaciones-san-vincenzo\/"]}]},{"@type":"BreadcrumbList","@id":"https:\/\/www.hotel-sabbiadoro.it\/es\/habitaciones-san-vincenzo\/#breadcrumb","itemListElement":[{"@type":"ListItem","position":1,"name":"Home","item":"https:\/\/www.hotel-sabbiadoro.it\/es\/"},{"@type":"ListItem","position":2,"name":"Habitaciones"}]},{"@type":"WebSite","@id":"https:\/\/www.hotel-sabbiadoro.it\/en\/#website","url":"https:\/\/www.hotel-sabbiadoro.it\/en\/","name":"Hotel Sabbia d&#039;Oro","description":"Hotel con Centro Benessere","potentialAction":[{"@type":"SearchAction","target":{"@type":"EntryPoint","urlTemplate":"https:\/\/www.hotel-sabbiadoro.it\/en\/?s={search_term_string}"},"query-input":"required name=search_term_string"}],"inLanguage":"es"}]}},"_links":{"self":[{"href":"https:\/\/www.hotel-sabbiadoro.it\/es\/wp-json\/wp\/v2\/pages\/1164"}],"collection":[{"href":"https:\/\/www.hotel-sabbiadoro.it\/es\/wp-json\/wp\/v2\/pages"}],"about":[{"href":"https:\/\/www.hotel-sabbiadoro.it\/es\/wp-json\/wp\/v2\/types\/page"}],"author":[{"embeddable":true,"href":"https:\/\/www.hotel-sabbiadoro.it\/es\/wp-json\/wp\/v2\/users\/2"}],"replies":[{"embeddable":true,"href":"https:\/\/www.hotel-sabbiadoro.it\/es\/wp-json\/wp\/v2\/comments?post=1164"}],"version-history":[{"count":0,"href":"https:\/\/www.hotel-sabbiadoro.it\/es\/wp-json\/wp\/v2\/pages\/1164\/revisions"}],"wp:attachment":[{"href":"https:\/\/www.hotel-sabbiadoro.it\/es\/wp-json\/wp\/v2\/media?parent=1164"}],"curies":[{"name":"wp","href":"https:\/\/api.w.org\/{rel}","templated":true}]}}