{"id":1161,"date":"2017-04-26T17:07:25","date_gmt":"2017-04-26T15:07:25","guid":{"rendered":"http:\/\/www.hotel-sabbiadoro.it\/?page_id=1161\/"},"modified":"2025-09-18T11:50:26","modified_gmt":"2025-09-18T09:50:26","slug":"servicios","status":"publish","type":"page","link":"https:\/\/www.hotel-sabbiadoro.it\/es\/servicios\/","title":{"rendered":"servicios"},"content":{"rendered":"<p>[vc_row][vc_column]<!-- Section About Promo --><div class=\"section \" id=\"about-section\" ><div class=\"widget-about-promo\" data-background=\"https:\/\/www.hotel-sabbiadoro.it\/wp-content\/uploads\/2016\/07\/photo-services-2-2-1.jpg\"><div class=\"wrapper-inner\"><div class=\"widget-inner\"><div class=\"row\"><div class=\"col-md-6\"><h5>PLAYA PRIVADA Y<\/h5><h2>Muchos otros servicios<\/h2><\/p>\n<p class=\"western\" lang=\"es-ES\">Despu\u00e9s de un largo viaje en auto, tren o avi\u00f3n todos sue\u00f1an con dejar las maletas en la habitaci\u00f3n de un hotel decorada detalladamente, asomarse al balc\u00f3n del que se puede contemplar el mar hasta donde alcanza la vista y luego bajar a pasear por una playa de arena fina.<\/p>\n<p class=\"western\" lang=\"es-ES\">El Hotel Sabbia d\u2019Oro realiza sus sue\u00f1os.<\/p>\n<p class=\"western\" lang=\"es-ES\">La posici\u00f3n del hotel permite a los hu\u00e9spedes transcurrir sus propias vacaciones totalmente junto al mar: a las espaldas de la playa se encuentra de hecho, una terraza muy amplia, a disposici\u00f3n de quien quieredesayuno, almuerzo y cena al aire libre, mientras las glorietas ubicadas al final de la terraza son un oasis reparado del sol o del viento en los d\u00edas calurosos de verano o en las tardes frescas de oto\u00f1o.<\/p>\n<p><\/div><\/div><\/div><\/div><\/div><\/div><!-- Section About Promo End -->[\/vc_column][\/vc_row][vc_row css=\u00bb.vc_custom_1478514262931{margin-top: -40px !important;margin-bottom: -50px !important;background-color: #ffffff !important;}\u00bb][vc_column]<!-- Section Services --><div class=\"section \" ><div class=\"wrapper-inner\"><!-- Services List --><div class=\"widget-services-list\"><div class=\"services-item\"><div class=\"item-photo\"><div class=\"photo-big\" data-background=\"https:\/\/www.hotel-sabbiadoro.it\/wp-content\/uploads\/2016\/07\/f.jpg\"><\/div><div class=\"photo-small\" data-background=\"https:\/\/www.hotel-sabbiadoro.it\/wp-content\/uploads\/2016\/11\/TERRAZZA-SERA.jpg\"><\/div><\/div><div class=\"item-desc\"><h2>Relax en el Hotel<\/h2>Aunque su ubicaci\u00f3n \u00fanica invita a salir del hotel, con el mar atrayendo en cualquier estaci\u00f3n, quienes deseen pasar tiempo en el hotel no se aburrir\u00e1n: el centro de bienestar ofrece un Recorrido Emocional (con acceso a la Sauna Finlandesa y al Ba\u00f1o Turco). M\u00fasica relajante y luces suaves crean el ambiente perfecto en un \u00e1rea dise\u00f1ada completamente para su bienestar, donde nuestro personal con amplia experiencia le guiar\u00e1 a trav\u00e9s de masajes tradicionales y tratamientos corporales.\n\nPara quien no se puede alejar por completo del trabajo o quiere seguir siempre en contacto con los amigos, el hotel pone a disposici\u00f3n un servicio gratuito de internet inal\u00e1mbrico en las zonas comunes y en cada habitaci\u00f3n.<\/div><\/div> <\/div>\r\n            <!-- Services List End -->\r\n        <\/div>\r\n    <\/div>\r\n    <!-- Section Services End -->[\/vc_column][\/vc_row][vc_row css=\u00bb.vc_custom_1479921681812{margin-top: -50px !important;padding-bottom: 30px !important;background-image: url(https:\/\/www.hotel-sabbiadoro.it\/wp-content\/uploads\/2016\/07\/coppia.jpg?id=492) !important;}\u00bb el_class=\u00bblucanospaces\u00bb][vc_column]<!-- Section About Promo --><div class=\"section \"  ><div class=\"widget-about-promo\" data-background=\"\"><div class=\"wrapper-inner\"><div class=\"widget-inner\"><div class=\"row\"><div class=\"col-md-6\"><h5><\/h5><h2>Muchos m\u00e1s servicios...<\/h2><\/div><\/div><\/div><\/div><\/div><\/div><!-- Section About Promo End -->[vc_empty_space height=\u00bb40px\u00bb]<div class=\"section \"  ><div class=\"widget-about-grid\"><div class=\"wrapper-inner\"><div class=\"widget-inner\"><div class=\"widget-item\"><h5>Playa privada<\/h5><h2><\/h2>equipada y directamente conectada al hotel<p><\/p><\/div><div class=\"widget-item\"><h5>Terraza sobre el mar<\/h5><h2><\/h2>equipada con glorietas y tumbonas<p><\/p><\/div><div class=\"widget-item\"><h5>Restaurante<\/h5><h2><\/h2>Disponibles men\u00fas para ni\u00f1os<p><\/p><\/div><\/div><\/div><\/div><\/div><div class=\"section \"  ><div class=\"widget-about-grid\"><div class=\"wrapper-inner\"><div class=\"widget-inner\"><div class=\"widget-item\"><h5>Cafeter\u00eda <\/h5><h2><\/h2>Concederse una pausa frente a un caf\u00e9<p><\/p><\/div><div class=\"widget-item\"><h5>Estacionamiento y garaje<\/h5><h2><\/h2>reservado para los hu\u00e9spedes<p><\/p><\/div><div class=\"widget-item\"><h5>Sala de reuniones<\/h5><h2><\/h2>para congresos y conferencias<p><\/p><\/div><\/div><\/div><\/div><\/div><div class=\"section \"  ><div class=\"widget-about-grid\"><div class=\"wrapper-inner\"><div class=\"widget-inner\"><div class=\"widget-item\"><h5>Centro Bienestar<\/h5><h2><\/h2>Itinerarios wellness exclusivos<p><\/p><\/div><div class=\"widget-item\"><h5>Actividades al aire libre<\/h5><h2><\/h2>con entrenadores cualificados<p><\/p><\/div><div class=\"widget-item\"><h5>Servicio de guarder\u00eda<\/h5><h2><\/h2>bajo petici\u00f3n<p><\/p><\/div><\/div><\/div><\/div><\/div><div class=\"section \"  ><div class=\"widget-about-grid\"><div class=\"wrapper-inner\"><div class=\"widget-inner\"><div class=\"widget-item\"><h5>Hora del c\u00f3ctel<\/h5><h2><\/h2>2 veces a la semana con m\u00fasica en vivo<p><\/p><\/div><div class=\"widget-item\"><h5>Servicio informaci\u00f3n<\/h5><h2><\/h2>y reserva de excursiones<p><\/p><\/div><div class=\"widget-item\"><h5><\/h5><h2><\/h2><p><\/p><\/div><\/div><\/div><\/div><\/div>[\/vc_column][\/vc_row]<\/p>\n","protected":false},"excerpt":{"rendered":"<p>[vc_row][vc_column][\/vc_column][\/vc_row][vc_row css=\u00bb.vc_custom_1478514262931{margin-top: -40px !important;margin-bottom: -50px !important;background-color: #ffffff !important;}\u00bb][vc_column][\/vc_column][\/vc_row][vc_row css=\u00bb.vc_custom_1479921681812{margin-top: -50px !important;padding-bottom: 30px !important;background-image: url(https:\/\/www.hotel-sabbiadoro.it\/wp-content\/uploads\/2016\/07\/coppia.jpg?id=492) !important;}\u00bb el_class=\u00bblucanospaces\u00bb][vc_column][vc_empty_space height=\u00bb40px\u00bb][\/vc_column][\/vc_row]<\/p>\n","protected":false},"author":2,"featured_media":0,"parent":0,"menu_order":0,"comment_status":"closed","ping_status":"closed","template":"frontpage.php","meta":{"_expiration-date-status":"","_expiration-date":0,"_expiration-date-type":"","_expiration-date-categories":[],"_expiration-date-options":[]},"yoast_head":"<!-- This site is optimized with the Yoast SEO plugin v19.10 - https:\/\/yoast.com\/wordpress\/plugins\/seo\/ -->\n<title>servicios - Hotel Sabbia d&#039;Oro<\/title>\n<meta name=\"robots\" content=\"index, follow, max-snippet:-1, max-image-preview:large, max-video-preview:-1\" \/>\n<link rel=\"canonical\" href=\"https:\/\/www.hotel-sabbiadoro.it\/es\/servicios\/\" \/>\n<meta property=\"og:locale\" content=\"es_ES\" \/>\n<meta property=\"og:type\" content=\"article\" \/>\n<meta property=\"og:title\" content=\"servicios - Hotel Sabbia d&#039;Oro\" \/>\n<meta property=\"og:description\" content=\"[vc_row][vc_column][\/vc_column][\/vc_row][vc_row css=\u00bb.vc_custom_1478514262931{margin-top: -40px !important;margin-bottom: -50px !important;background-color: #ffffff !important;}\u00bb][vc_column][\/vc_column][\/vc_row][vc_row css=\u00bb.vc_custom_1479921681812{margin-top: -50px !important;padding-bottom: 30px !important;background-image: url(https:\/\/www.hotel-sabbiadoro.it\/wp-content\/uploads\/2016\/07\/coppia.jpg?id=492) !important;}\u00bb el_class=\u00bblucanospaces\u00bb][vc_column][vc_empty_space height=\u00bb40px\u00bb][\/vc_column][\/vc_row]\" \/>\n<meta property=\"og:url\" content=\"https:\/\/www.hotel-sabbiadoro.it\/es\/servicios\/\" \/>\n<meta property=\"og:site_name\" content=\"Hotel Sabbia d&#039;Oro\" \/>\n<meta property=\"article:modified_time\" content=\"2025-09-18T09:50:26+00:00\" \/>\n<meta name=\"twitter:card\" content=\"summary_large_image\" \/>\n<meta name=\"twitter:label1\" content=\"Tiempo de lectura\" \/>\n\t<meta name=\"twitter:data1\" content=\"1 minuto\" \/>\n<script type=\"application\/ld+json\" class=\"yoast-schema-graph\">{\"@context\":\"https:\/\/schema.org\",\"@graph\":[{\"@type\":\"WebPage\",\"@id\":\"https:\/\/www.hotel-sabbiadoro.it\/es\/servicios\/\",\"url\":\"https:\/\/www.hotel-sabbiadoro.it\/es\/servicios\/\",\"name\":\"servicios - Hotel Sabbia d&#039;Oro\",\"isPartOf\":{\"@id\":\"https:\/\/www.hotel-sabbiadoro.it\/en\/#website\"},\"datePublished\":\"2017-04-26T15:07:25+00:00\",\"dateModified\":\"2025-09-18T09:50:26+00:00\",\"breadcrumb\":{\"@id\":\"https:\/\/www.hotel-sabbiadoro.it\/es\/servicios\/#breadcrumb\"},\"inLanguage\":\"es\",\"potentialAction\":[{\"@type\":\"ReadAction\",\"target\":[\"https:\/\/www.hotel-sabbiadoro.it\/es\/servicios\/\"]}]},{\"@type\":\"BreadcrumbList\",\"@id\":\"https:\/\/www.hotel-sabbiadoro.it\/es\/servicios\/#breadcrumb\",\"itemListElement\":[{\"@type\":\"ListItem\",\"position\":1,\"name\":\"Home\",\"item\":\"https:\/\/www.hotel-sabbiadoro.it\/es\/\"},{\"@type\":\"ListItem\",\"position\":2,\"name\":\"servicios\"}]},{\"@type\":\"WebSite\",\"@id\":\"https:\/\/www.hotel-sabbiadoro.it\/en\/#website\",\"url\":\"https:\/\/www.hotel-sabbiadoro.it\/en\/\",\"name\":\"Hotel Sabbia d&#039;Oro\",\"description\":\"Hotel con Centro Benessere\",\"potentialAction\":[{\"@type\":\"SearchAction\",\"target\":{\"@type\":\"EntryPoint\",\"urlTemplate\":\"https:\/\/www.hotel-sabbiadoro.it\/en\/?s={search_term_string}\"},\"query-input\":\"required name=search_term_string\"}],\"inLanguage\":\"es\"}]}<\/script>\n<!-- \/ Yoast SEO plugin. -->","yoast_head_json":{"title":"servicios - Hotel Sabbia d&#039;Oro","robots":{"index":"index","follow":"follow","max-snippet":"max-snippet:-1","max-image-preview":"max-image-preview:large","max-video-preview":"max-video-preview:-1"},"canonical":"https:\/\/www.hotel-sabbiadoro.it\/es\/servicios\/","og_locale":"es_ES","og_type":"article","og_title":"servicios - Hotel Sabbia d&#039;Oro","og_description":"[vc_row][vc_column][\/vc_column][\/vc_row][vc_row css=\u00bb.vc_custom_1478514262931{margin-top: -40px !important;margin-bottom: -50px !important;background-color: #ffffff !important;}\u00bb][vc_column][\/vc_column][\/vc_row][vc_row css=\u00bb.vc_custom_1479921681812{margin-top: -50px !important;padding-bottom: 30px !important;background-image: url(https:\/\/www.hotel-sabbiadoro.it\/wp-content\/uploads\/2016\/07\/coppia.jpg?id=492) !important;}\u00bb el_class=\u00bblucanospaces\u00bb][vc_column][vc_empty_space height=\u00bb40px\u00bb][\/vc_column][\/vc_row]","og_url":"https:\/\/www.hotel-sabbiadoro.it\/es\/servicios\/","og_site_name":"Hotel Sabbia d&#039;Oro","article_modified_time":"2025-09-18T09:50:26+00:00","twitter_card":"summary_large_image","twitter_misc":{"Tiempo de lectura":"1 minuto"},"schema":{"@context":"https:\/\/schema.org","@graph":[{"@type":"WebPage","@id":"https:\/\/www.hotel-sabbiadoro.it\/es\/servicios\/","url":"https:\/\/www.hotel-sabbiadoro.it\/es\/servicios\/","name":"servicios - Hotel Sabbia d&#039;Oro","isPartOf":{"@id":"https:\/\/www.hotel-sabbiadoro.it\/en\/#website"},"datePublished":"2017-04-26T15:07:25+00:00","dateModified":"2025-09-18T09:50:26+00:00","breadcrumb":{"@id":"https:\/\/www.hotel-sabbiadoro.it\/es\/servicios\/#breadcrumb"},"inLanguage":"es","potentialAction":[{"@type":"ReadAction","target":["https:\/\/www.hotel-sabbiadoro.it\/es\/servicios\/"]}]},{"@type":"BreadcrumbList","@id":"https:\/\/www.hotel-sabbiadoro.it\/es\/servicios\/#breadcrumb","itemListElement":[{"@type":"ListItem","position":1,"name":"Home","item":"https:\/\/www.hotel-sabbiadoro.it\/es\/"},{"@type":"ListItem","position":2,"name":"servicios"}]},{"@type":"WebSite","@id":"https:\/\/www.hotel-sabbiadoro.it\/en\/#website","url":"https:\/\/www.hotel-sabbiadoro.it\/en\/","name":"Hotel Sabbia d&#039;Oro","description":"Hotel con Centro Benessere","potentialAction":[{"@type":"SearchAction","target":{"@type":"EntryPoint","urlTemplate":"https:\/\/www.hotel-sabbiadoro.it\/en\/?s={search_term_string}"},"query-input":"required name=search_term_string"}],"inLanguage":"es"}]}},"_links":{"self":[{"href":"https:\/\/www.hotel-sabbiadoro.it\/es\/wp-json\/wp\/v2\/pages\/1161"}],"collection":[{"href":"https:\/\/www.hotel-sabbiadoro.it\/es\/wp-json\/wp\/v2\/pages"}],"about":[{"href":"https:\/\/www.hotel-sabbiadoro.it\/es\/wp-json\/wp\/v2\/types\/page"}],"author":[{"embeddable":true,"href":"https:\/\/www.hotel-sabbiadoro.it\/es\/wp-json\/wp\/v2\/users\/2"}],"replies":[{"embeddable":true,"href":"https:\/\/www.hotel-sabbiadoro.it\/es\/wp-json\/wp\/v2\/comments?post=1161"}],"version-history":[{"count":2,"href":"https:\/\/www.hotel-sabbiadoro.it\/es\/wp-json\/wp\/v2\/pages\/1161\/revisions"}],"predecessor-version":[{"id":30445,"href":"https:\/\/www.hotel-sabbiadoro.it\/es\/wp-json\/wp\/v2\/pages\/1161\/revisions\/30445"}],"wp:attachment":[{"href":"https:\/\/www.hotel-sabbiadoro.it\/es\/wp-json\/wp\/v2\/media?parent=1161"}],"curies":[{"name":"wp","href":"https:\/\/api.w.org\/{rel}","templated":true}]}}