{"id":1152,"date":"2017-04-26T16:39:44","date_gmt":"2017-04-26T14:39:44","guid":{"rendered":"http:\/\/www.hotel-sabbiadoro.it\/?page_id=1152\/"},"modified":"2017-04-26T16:42:47","modified_gmt":"2017-04-26T14:42:47","slug":"centro-bienestar-san-vincenzo","status":"publish","type":"page","link":"https:\/\/www.hotel-sabbiadoro.it\/es\/centro-bienestar-san-vincenzo\/","title":{"rendered":"Centro Bienestar San Vincenzo"},"content":{"rendered":"<p>[vc_row][vc_column]<!-- Section About Promo --><div class=\"section \" id=\"about-section\" ><div class=\"widget-about-promo\" data-background=\"https:\/\/www.hotel-sabbiadoro.it\/wp-content\/uploads\/2016\/07\/spa.jpg\"><div class=\"wrapper-inner\"><div class=\"widget-inner\"><div class=\"row\"><div class=\"col-md-6\"><h5>HOTEL SPA<\/h5><h2>Centro Bienestar San Vincenzo<\/h2><\/p>\n<p class=\"western\" lang=\"es-ES\">\u00a1Cuidamos de ti!<\/p>\n<p class=\"western\" lang=\"es-ES\">Este es el lema con el que el nuevo Centro bienestar del hotel Sabbia d\u2019Oro recibe a sus hu\u00e9spedes.<\/p>\n<p class=\"western\" lang=\"es-ES\">En el Centro Bienestar se encuentra una zona de relajaci\u00f3n en donde los hu\u00e9spedes podr\u00e1n alternar el Itinerario Emocional (accediendo a la Sauna Finlandesa, Ba\u00f1o Turco, Ducha Emocional, Piscinas con Hidromasajes) a la zona relax en donde saborear fruta fresca, tomar tisanas, jugos y zumos de fruta.<\/p>\n<p class=\"western\" lang=\"es-ES\">M\u00fasica relajante y luz tenue son una escenograf\u00eda perfecta para esta zona pensada para su relajamiento, en donde nuestras colaboradoras gracias a su experiencia plurianual, les guiar\u00e1n entre masajes tradicionales y t\u00e9cnicas de relajaci\u00f3n oriental, como el ayurveda y la reflexolog\u00eda podal.<\/p>\n<p><\/div><\/div><\/div><\/div><\/div><\/div><!-- Section About Promo End -->[\/vc_column][\/vc_row][vc_row css=\u00bb.vc_custom_1478514262931{margin-top: -40px !important;margin-bottom: -50px !important;background-color: #ffffff !important;}\u00bb][vc_column]<!-- Section Services --><div class=\"section \" ><div class=\"wrapper-inner\"><!-- Services List --><div class=\"widget-services-list\"><div class=\"services-item\"><div class=\"item-photo\"><div class=\"photo-big\" data-background=\"https:\/\/www.hotel-sabbiadoro.it\/wp-content\/uploads\/2016\/07\/spa-2.jpg\"><\/div><div class=\"photo-small\" data-background=\"https:\/\/www.hotel-sabbiadoro.it\/wp-content\/uploads\/2016\/07\/Wellness-Center.jpg\"><\/div><\/div><div class=\"item-desc\"><h2>Itinerarios est\u00e9ticos<\/h2>Adem\u00e1s de estos tratamientos hol\u00edsticos, caracterizados por un enfoque en el individuo que no separa el bienestar f\u00edsico del emocional, el centro del Hotel Sabbia D\u2019Oro propone tambi\u00e9n tratamientos est\u00e9ticos m\u00e1s espec\u00edficos para el rostro y el cuerpo, adem\u00e1s de jornadas formativas realizadas con la participaci\u00f3n de profesionistas del sector.<\/div><\/div><div class=\"services-item\"><div class=\"item-photo\"><div class=\"photo-big\" data-background=\"https:\/\/www.hotel-sabbiadoro.it\/wp-content\/uploads\/2016\/07\/spa-1.jpg\"><\/div><div class=\"photo-small\" data-background=\"https:\/\/www.hotel-sabbiadoro.it\/wp-content\/uploads\/2016\/07\/IMG_4672.jpg\"><\/div><\/div><div class=\"item-desc\"><h2>Terapia alimenticia<\/h2>Abierto tambi\u00e9n para los residentes, el centro bienestar se dirige principalmente a los turistas proponiendo actividades durante la temporada, para intentar crear una relaci\u00f3n con el territorio y sus ciclos productivos: en los meses de oto\u00f1o los itinerarios sobre las terapias del vino y el aceite se combinan con excursiones y degustaciones en las bodegas y en los molinos locales, garantizando un servicio \u00fanico e inigualable en cualquier otro lugar.<\/div><\/div> <\/div>\r\n            <!-- Services List End -->\r\n        <\/div>\r\n    <\/div>\r\n    <!-- Section Services End -->[\/vc_column][\/vc_row][vc_row css=\u00bb.vc_custom_1478514243251{margin-top: -50px !important;}\u00bb][vc_column]<!-- Section Gallery --><div class=\"section \" ><div class=\"widget-gallery-carousel\"><div class=\"wrapper-full-inner\"><!-- Gallery Title --><div class=\"widget-title\"><h5><\/h5><h2><\/h2><p><\/p><\/div><!-- Gallery Title End --><!-- Gallery Carousel --><div class=\"widget-carousel owl-carousel owl-theme\"><div class=\"gallery-item\"><a href=\"https:\/\/www.hotel-sabbiadoro.it\/wp-content\/uploads\/2016\/07\/Senzanome3.png\" data-background=\"https:\/\/www.hotel-sabbiadoro.it\/wp-content\/uploads\/2016\/07\/Senzanome3.png\" title=\"Centro Bienestar San Vincenzo\" class=\"grandium-popup-gallery\"> <\/a><\/div><div class=\"gallery-item\"><a href=\"https:\/\/www.hotel-sabbiadoro.it\/wp-content\/uploads\/2016\/07\/Senzanome1.png\" data-background=\"https:\/\/www.hotel-sabbiadoro.it\/wp-content\/uploads\/2016\/07\/Senzanome1.png\" title=\"Centro Bienestar San Vincenzo\" class=\"grandium-popup-gallery\"> <\/a><\/div><div class=\"gallery-item\"><a href=\"https:\/\/www.hotel-sabbiadoro.it\/wp-content\/uploads\/2016\/07\/IMG_4723.jpg\" data-background=\"https:\/\/www.hotel-sabbiadoro.it\/wp-content\/uploads\/2016\/07\/IMG_4723.jpg\" title=\"Centro Bienestar San Vincenzo\" class=\"grandium-popup-gallery\"> <\/a><\/div><div class=\"gallery-item\"><a href=\"https:\/\/www.hotel-sabbiadoro.it\/wp-content\/uploads\/2016\/07\/IMG_4672.jpg\" data-background=\"https:\/\/www.hotel-sabbiadoro.it\/wp-content\/uploads\/2016\/07\/IMG_4672.jpg\" title=\"Centro Bienestar San Vincenzo\" class=\"grandium-popup-gallery\"> <\/a><\/div><div class=\"gallery-item\"><a href=\"https:\/\/www.hotel-sabbiadoro.it\/wp-content\/uploads\/2016\/07\/Wellness-Center.jpg\" data-background=\"https:\/\/www.hotel-sabbiadoro.it\/wp-content\/uploads\/2016\/07\/Wellness-Center.jpg\" title=\"Centro Bienestar San Vincenzo\" class=\"grandium-popup-gallery\"> <\/a><\/div><div class=\"gallery-item\"><a href=\"https:\/\/www.hotel-sabbiadoro.it\/wp-content\/uploads\/2016\/07\/Senzanome4.png\" data-background=\"https:\/\/www.hotel-sabbiadoro.it\/wp-content\/uploads\/2016\/07\/Senzanome4.png\" title=\"Centro Bienestar San Vincenzo\" class=\"grandium-popup-gallery\"> <\/a><\/div><div class=\"gallery-item\"><a href=\"https:\/\/www.hotel-sabbiadoro.it\/wp-content\/uploads\/2016\/07\/Senzanome2.png\" data-background=\"https:\/\/www.hotel-sabbiadoro.it\/wp-content\/uploads\/2016\/07\/Senzanome2.png\" title=\"Centro Bienestar San Vincenzo\" class=\"grandium-popup-gallery\"> <\/a><\/div><\/div><!-- Gallery Carousel End --><\/div><\/div><\/div><!-- Section Gallery End -->[\/vc_column][\/vc_row]<\/p>\n","protected":false},"excerpt":{"rendered":"<p>[vc_row][vc_column][\/vc_column][\/vc_row][vc_row css=\u00bb.vc_custom_1478514262931{margin-top: -40px !important;margin-bottom: -50px !important;background-color: #ffffff !important;}\u00bb][vc_column][\/vc_column][\/vc_row][vc_row css=\u00bb.vc_custom_1478514243251{margin-top: -50px !important;}\u00bb][vc_column][\/vc_column][\/vc_row]<\/p>\n","protected":false},"author":2,"featured_media":0,"parent":0,"menu_order":0,"comment_status":"closed","ping_status":"closed","template":"frontpage.php","meta":{"_expiration-date-status":"saved","_expiration-date":0,"_expiration-date-type":"","_expiration-date-categories":[],"_expiration-date-options":[]},"yoast_head":"<!-- This site is optimized with the Yoast SEO plugin v19.10 - https:\/\/yoast.com\/wordpress\/plugins\/seo\/ -->\n<title>Centro Bienestar San Vincenzo - Hotel Sabbia d&#039;Oro<\/title>\n<meta name=\"robots\" content=\"index, follow, max-snippet:-1, max-image-preview:large, max-video-preview:-1\" \/>\n<link rel=\"canonical\" href=\"https:\/\/www.hotel-sabbiadoro.it\/es\/centro-bienestar-san-vincenzo\/\" \/>\n<meta property=\"og:locale\" content=\"es_ES\" \/>\n<meta property=\"og:type\" content=\"article\" \/>\n<meta property=\"og:title\" content=\"Centro Bienestar San Vincenzo - Hotel Sabbia d&#039;Oro\" \/>\n<meta property=\"og:description\" content=\"[vc_row][vc_column][\/vc_column][\/vc_row][vc_row css=\u00bb.vc_custom_1478514262931{margin-top: -40px !important;margin-bottom: -50px !important;background-color: #ffffff !important;}\u00bb][vc_column][\/vc_column][\/vc_row][vc_row css=\u00bb.vc_custom_1478514243251{margin-top: -50px !important;}\u00bb][vc_column][\/vc_column][\/vc_row]\" \/>\n<meta property=\"og:url\" content=\"https:\/\/www.hotel-sabbiadoro.it\/es\/centro-bienestar-san-vincenzo\/\" \/>\n<meta property=\"og:site_name\" content=\"Hotel Sabbia d&#039;Oro\" \/>\n<meta property=\"article:modified_time\" content=\"2017-04-26T14:42:47+00:00\" \/>\n<meta name=\"twitter:card\" content=\"summary_large_image\" \/>\n<meta name=\"twitter:label1\" content=\"Tiempo de lectura\" \/>\n\t<meta name=\"twitter:data1\" content=\"2 minutos\" \/>\n<script type=\"application\/ld+json\" class=\"yoast-schema-graph\">{\"@context\":\"https:\/\/schema.org\",\"@graph\":[{\"@type\":\"WebPage\",\"@id\":\"https:\/\/www.hotel-sabbiadoro.it\/es\/centro-bienestar-san-vincenzo\/\",\"url\":\"https:\/\/www.hotel-sabbiadoro.it\/es\/centro-bienestar-san-vincenzo\/\",\"name\":\"Centro Bienestar San Vincenzo - Hotel Sabbia d&#039;Oro\",\"isPartOf\":{\"@id\":\"https:\/\/www.hotel-sabbiadoro.it\/en\/#website\"},\"datePublished\":\"2017-04-26T14:39:44+00:00\",\"dateModified\":\"2017-04-26T14:42:47+00:00\",\"breadcrumb\":{\"@id\":\"https:\/\/www.hotel-sabbiadoro.it\/es\/centro-bienestar-san-vincenzo\/#breadcrumb\"},\"inLanguage\":\"es\",\"potentialAction\":[{\"@type\":\"ReadAction\",\"target\":[\"https:\/\/www.hotel-sabbiadoro.it\/es\/centro-bienestar-san-vincenzo\/\"]}]},{\"@type\":\"BreadcrumbList\",\"@id\":\"https:\/\/www.hotel-sabbiadoro.it\/es\/centro-bienestar-san-vincenzo\/#breadcrumb\",\"itemListElement\":[{\"@type\":\"ListItem\",\"position\":1,\"name\":\"Home\",\"item\":\"https:\/\/www.hotel-sabbiadoro.it\/es\/\"},{\"@type\":\"ListItem\",\"position\":2,\"name\":\"Centro Bienestar San Vincenzo\"}]},{\"@type\":\"WebSite\",\"@id\":\"https:\/\/www.hotel-sabbiadoro.it\/en\/#website\",\"url\":\"https:\/\/www.hotel-sabbiadoro.it\/en\/\",\"name\":\"Hotel Sabbia d&#039;Oro\",\"description\":\"Hotel con Centro Benessere\",\"potentialAction\":[{\"@type\":\"SearchAction\",\"target\":{\"@type\":\"EntryPoint\",\"urlTemplate\":\"https:\/\/www.hotel-sabbiadoro.it\/en\/?s={search_term_string}\"},\"query-input\":\"required name=search_term_string\"}],\"inLanguage\":\"es\"}]}<\/script>\n<!-- \/ Yoast SEO plugin. -->","yoast_head_json":{"title":"Centro Bienestar San Vincenzo - Hotel Sabbia d&#039;Oro","robots":{"index":"index","follow":"follow","max-snippet":"max-snippet:-1","max-image-preview":"max-image-preview:large","max-video-preview":"max-video-preview:-1"},"canonical":"https:\/\/www.hotel-sabbiadoro.it\/es\/centro-bienestar-san-vincenzo\/","og_locale":"es_ES","og_type":"article","og_title":"Centro Bienestar San Vincenzo - Hotel Sabbia d&#039;Oro","og_description":"[vc_row][vc_column][\/vc_column][\/vc_row][vc_row css=\u00bb.vc_custom_1478514262931{margin-top: -40px !important;margin-bottom: -50px !important;background-color: #ffffff !important;}\u00bb][vc_column][\/vc_column][\/vc_row][vc_row css=\u00bb.vc_custom_1478514243251{margin-top: -50px !important;}\u00bb][vc_column][\/vc_column][\/vc_row]","og_url":"https:\/\/www.hotel-sabbiadoro.it\/es\/centro-bienestar-san-vincenzo\/","og_site_name":"Hotel Sabbia d&#039;Oro","article_modified_time":"2017-04-26T14:42:47+00:00","twitter_card":"summary_large_image","twitter_misc":{"Tiempo de lectura":"2 minutos"},"schema":{"@context":"https:\/\/schema.org","@graph":[{"@type":"WebPage","@id":"https:\/\/www.hotel-sabbiadoro.it\/es\/centro-bienestar-san-vincenzo\/","url":"https:\/\/www.hotel-sabbiadoro.it\/es\/centro-bienestar-san-vincenzo\/","name":"Centro Bienestar San Vincenzo - Hotel Sabbia d&#039;Oro","isPartOf":{"@id":"https:\/\/www.hotel-sabbiadoro.it\/en\/#website"},"datePublished":"2017-04-26T14:39:44+00:00","dateModified":"2017-04-26T14:42:47+00:00","breadcrumb":{"@id":"https:\/\/www.hotel-sabbiadoro.it\/es\/centro-bienestar-san-vincenzo\/#breadcrumb"},"inLanguage":"es","potentialAction":[{"@type":"ReadAction","target":["https:\/\/www.hotel-sabbiadoro.it\/es\/centro-bienestar-san-vincenzo\/"]}]},{"@type":"BreadcrumbList","@id":"https:\/\/www.hotel-sabbiadoro.it\/es\/centro-bienestar-san-vincenzo\/#breadcrumb","itemListElement":[{"@type":"ListItem","position":1,"name":"Home","item":"https:\/\/www.hotel-sabbiadoro.it\/es\/"},{"@type":"ListItem","position":2,"name":"Centro Bienestar San Vincenzo"}]},{"@type":"WebSite","@id":"https:\/\/www.hotel-sabbiadoro.it\/en\/#website","url":"https:\/\/www.hotel-sabbiadoro.it\/en\/","name":"Hotel Sabbia d&#039;Oro","description":"Hotel con Centro Benessere","potentialAction":[{"@type":"SearchAction","target":{"@type":"EntryPoint","urlTemplate":"https:\/\/www.hotel-sabbiadoro.it\/en\/?s={search_term_string}"},"query-input":"required name=search_term_string"}],"inLanguage":"es"}]}},"_links":{"self":[{"href":"https:\/\/www.hotel-sabbiadoro.it\/es\/wp-json\/wp\/v2\/pages\/1152"}],"collection":[{"href":"https:\/\/www.hotel-sabbiadoro.it\/es\/wp-json\/wp\/v2\/pages"}],"about":[{"href":"https:\/\/www.hotel-sabbiadoro.it\/es\/wp-json\/wp\/v2\/types\/page"}],"author":[{"embeddable":true,"href":"https:\/\/www.hotel-sabbiadoro.it\/es\/wp-json\/wp\/v2\/users\/2"}],"replies":[{"embeddable":true,"href":"https:\/\/www.hotel-sabbiadoro.it\/es\/wp-json\/wp\/v2\/comments?post=1152"}],"version-history":[{"count":0,"href":"https:\/\/www.hotel-sabbiadoro.it\/es\/wp-json\/wp\/v2\/pages\/1152\/revisions"}],"wp:attachment":[{"href":"https:\/\/www.hotel-sabbiadoro.it\/es\/wp-json\/wp\/v2\/media?parent=1152"}],"curies":[{"name":"wp","href":"https:\/\/api.w.org\/{rel}","templated":true}]}}