{"id":1136,"date":"2017-04-26T15:43:10","date_gmt":"2017-04-26T13:43:10","guid":{"rendered":"http:\/\/www.hotel-sabbiadoro.it\/?page_id=1136\/"},"modified":"2024-06-03T09:50:36","modified_gmt":"2024-06-03T07:50:36","slug":"terminos-y-condiciones","status":"publish","type":"page","link":"https:\/\/www.hotel-sabbiadoro.it\/es\/terminos-y-condiciones\/","title":{"rendered":"T\u00e9rminos y Condiciones"},"content":{"rendered":"<p>[vc_row el_class=\u00bblucaterminicondizioni\u00bb][vc_column]<!-- Section Services --><div class=\"section \" id=\"services\"><div class=\"wrapper-inner\"><!-- Services List --><div class=\"widget-services-list\"><div class=\"services-item\"><div class=\"item-photo\"><\/div><div class=\"item-desc\"><h2>CONDICIONES GENERALES<\/h2>La solicitud sobre la disponibilidad no es vinculante y no asume forma de contrato, ni para el Cliente ni para el Hotel Sabbia D'Oro. La solicitud de reserva se realiza a trav\u00e9s del Formulario de Pedido y por esta raz\u00f3n se considera vinculante para el Cliente ,pero no para el Hotel Sabbia D'Oro, el cual se considera libre de no aceptar la reserva. La confirmaci\u00f3n de la reserva que el Hotel Sabbia D'Oro env\u00eda al Cliente es vinculante para ambas partes y constituye el perfeccionamiento del contrato de reserva con derecho. En el caso en que se solicite un dep\u00f3sito de confirmaci\u00f3n o los datos de la tarjeta de cr\u00e9dito, el Cliente tiene el deber de enviarlos dentro de los t\u00e9rminos establecidos por la direcci\u00f3n del Hotel Sabbia D'Oro, para que se elimine la opci\u00f3n y se confirme definitivamente la reserva. De tal manera el Hotel Sabbia D'Oro se compromete a enviar al Cliente el acuse de recibo y el Cup\u00f3n recapitulativo que el Cliente mismo deber\u00e1 mostrar en el momento del check-in. Todas las reservas se deben re-confirmar por email aceptando las condiciones de cancelaci\u00f3n de la estructura.<\/div><\/div><div class=\"services-item\"><div class=\"item-photo\"><\/div><div class=\"item-desc\"><h2>T\u00e9rminos y Condiciones<\/h2>La reserva se considera vinculante para nuestra estructura s\u00f3lo cuando obtendr\u00e1 el recibo de pago del dep\u00f3sito (correspondiente al 30% del importe total de la permanencia) o de los datos de la tarjeta de cr\u00e9dito en la que realizar la recogida autorizada. Cuando su reserva est\u00e9 confirmada recibir\u00e1n un cup\u00f3n (confirmaci\u00f3n por email) que tendr\u00e1 que presentar durante el check-in en nuestra estructura. Llegada (check-in): las habitaciones estar\u00e1n disponibles despu\u00e9s de las 3.00 hrs p.m. y no m\u00e1s tarde de las 6.00 hrs p.m., excepto si el Cliente habr\u00e1 avisado al Hotel del retraso (de todas formas, se podr\u00e1 guardar previamente el equipaje). Salida (check-out): las habitaciones se tendr\u00e1n que dejar dentro de las 10.00 hrs a.m. del d\u00eda de partida. RESCICI\u00d3N. En caso de que se renuncie a la reserva, la estructura se retendr\u00e1 todo el importe del dep\u00f3sito.<\/div><\/div><div class=\"services-item\"><div class=\"item-photo\"><\/div><div class=\"item-desc\"><h2>Formas de pago<\/h2>TRANSFERENCIA BANCARIA Pueden realizar el env\u00edo del dep\u00f3sito a trav\u00e9s de una transferencia en EUROS a nuestra cuenta bancaria, utilizando los siguientes datos:\n\nCuenta corriente a nombre de SABBIA MARINA SRL\n\nIBAN: IT17 W084 6170 7700 0001 1000 050\nBanco: CASTAGNETO BANCA 1910, sucursal de San Vincenzo LI\n\nEnviar la notificaci\u00f3n del pago por email.\n\nGIRO POSTAL Pueden realizar el pago del dep\u00f3sito con un giro postal enviado a la direcci\u00f3n siguiente: Hotel Sabbia D'Oro, V. della Repubblica 38, 57027 San Vincenzo (LI).\nEnviar la notificaci\u00f3n del pago por email.<\/div><\/div><div class=\"services-item\"><div class=\"item-photo\"><\/div><div class=\"item-desc\"><h2>Jurisdicci\u00f3n competente<\/h2>Cualquier controversia que surja por la interpretaci\u00f3n, la ejecuci\u00f3n y\/o resoluci\u00f3n de los contratos de reserva a los que se le aplican estos t\u00e9rminos y condiciones generales en que el Hotel Sabbia D'Oro sea parte procesal, se presentar\u00e1 \u00fanicamente ante los Tribunales competentes de Livorno.<\/div><\/div> <\/div>\r\n            <!-- Services List End -->\r\n        <\/div>\r\n    <\/div>\r\n    <!-- Section Services End -->[\/vc_column][\/vc_row]<\/p>\n","protected":false},"excerpt":{"rendered":"<p>[vc_row el_class=\u00bblucaterminicondizioni\u00bb][vc_column][\/vc_column][\/vc_row]<\/p>\n","protected":false},"author":2,"featured_media":0,"parent":0,"menu_order":0,"comment_status":"closed","ping_status":"closed","template":"frontpage.php","meta":{"_expiration-date-status":"","_expiration-date":0,"_expiration-date-type":"","_expiration-date-categories":[],"_expiration-date-options":[]},"yoast_head":"<!-- This site is optimized with the Yoast SEO plugin v19.10 - https:\/\/yoast.com\/wordpress\/plugins\/seo\/ -->\n<title>T\u00e9rminos y Condiciones - Hotel Sabbia d&#039;Oro<\/title>\n<meta name=\"robots\" content=\"index, follow, max-snippet:-1, max-image-preview:large, max-video-preview:-1\" \/>\n<link rel=\"canonical\" href=\"https:\/\/www.hotel-sabbiadoro.it\/es\/terminos-y-condiciones\/\" \/>\n<meta property=\"og:locale\" content=\"es_ES\" \/>\n<meta property=\"og:type\" content=\"article\" \/>\n<meta property=\"og:title\" content=\"T\u00e9rminos y Condiciones - Hotel Sabbia d&#039;Oro\" \/>\n<meta property=\"og:description\" content=\"[vc_row el_class=\u00bblucaterminicondizioni\u00bb][vc_column][\/vc_column][\/vc_row]\" \/>\n<meta property=\"og:url\" content=\"https:\/\/www.hotel-sabbiadoro.it\/es\/terminos-y-condiciones\/\" \/>\n<meta property=\"og:site_name\" content=\"Hotel Sabbia d&#039;Oro\" \/>\n<meta property=\"article:modified_time\" content=\"2024-06-03T07:50:36+00:00\" \/>\n<meta name=\"twitter:card\" content=\"summary_large_image\" \/>\n<meta name=\"twitter:label1\" content=\"Tiempo de lectura\" \/>\n\t<meta name=\"twitter:data1\" content=\"1 minuto\" \/>\n<script type=\"application\/ld+json\" class=\"yoast-schema-graph\">{\"@context\":\"https:\/\/schema.org\",\"@graph\":[{\"@type\":\"WebPage\",\"@id\":\"https:\/\/www.hotel-sabbiadoro.it\/es\/terminos-y-condiciones\/\",\"url\":\"https:\/\/www.hotel-sabbiadoro.it\/es\/terminos-y-condiciones\/\",\"name\":\"T\u00e9rminos y Condiciones - Hotel Sabbia d&#039;Oro\",\"isPartOf\":{\"@id\":\"https:\/\/www.hotel-sabbiadoro.it\/en\/#website\"},\"datePublished\":\"2017-04-26T13:43:10+00:00\",\"dateModified\":\"2024-06-03T07:50:36+00:00\",\"breadcrumb\":{\"@id\":\"https:\/\/www.hotel-sabbiadoro.it\/es\/terminos-y-condiciones\/#breadcrumb\"},\"inLanguage\":\"es\",\"potentialAction\":[{\"@type\":\"ReadAction\",\"target\":[\"https:\/\/www.hotel-sabbiadoro.it\/es\/terminos-y-condiciones\/\"]}]},{\"@type\":\"BreadcrumbList\",\"@id\":\"https:\/\/www.hotel-sabbiadoro.it\/es\/terminos-y-condiciones\/#breadcrumb\",\"itemListElement\":[{\"@type\":\"ListItem\",\"position\":1,\"name\":\"Home\",\"item\":\"https:\/\/www.hotel-sabbiadoro.it\/es\/\"},{\"@type\":\"ListItem\",\"position\":2,\"name\":\"T\u00e9rminos y Condiciones\"}]},{\"@type\":\"WebSite\",\"@id\":\"https:\/\/www.hotel-sabbiadoro.it\/en\/#website\",\"url\":\"https:\/\/www.hotel-sabbiadoro.it\/en\/\",\"name\":\"Hotel Sabbia d&#039;Oro\",\"description\":\"Hotel con Centro Benessere\",\"potentialAction\":[{\"@type\":\"SearchAction\",\"target\":{\"@type\":\"EntryPoint\",\"urlTemplate\":\"https:\/\/www.hotel-sabbiadoro.it\/en\/?s={search_term_string}\"},\"query-input\":\"required name=search_term_string\"}],\"inLanguage\":\"es\"}]}<\/script>\n<!-- \/ Yoast SEO plugin. -->","yoast_head_json":{"title":"T\u00e9rminos y Condiciones - Hotel Sabbia d&#039;Oro","robots":{"index":"index","follow":"follow","max-snippet":"max-snippet:-1","max-image-preview":"max-image-preview:large","max-video-preview":"max-video-preview:-1"},"canonical":"https:\/\/www.hotel-sabbiadoro.it\/es\/terminos-y-condiciones\/","og_locale":"es_ES","og_type":"article","og_title":"T\u00e9rminos y Condiciones - Hotel Sabbia d&#039;Oro","og_description":"[vc_row el_class=\u00bblucaterminicondizioni\u00bb][vc_column][\/vc_column][\/vc_row]","og_url":"https:\/\/www.hotel-sabbiadoro.it\/es\/terminos-y-condiciones\/","og_site_name":"Hotel Sabbia d&#039;Oro","article_modified_time":"2024-06-03T07:50:36+00:00","twitter_card":"summary_large_image","twitter_misc":{"Tiempo de lectura":"1 minuto"},"schema":{"@context":"https:\/\/schema.org","@graph":[{"@type":"WebPage","@id":"https:\/\/www.hotel-sabbiadoro.it\/es\/terminos-y-condiciones\/","url":"https:\/\/www.hotel-sabbiadoro.it\/es\/terminos-y-condiciones\/","name":"T\u00e9rminos y Condiciones - Hotel Sabbia d&#039;Oro","isPartOf":{"@id":"https:\/\/www.hotel-sabbiadoro.it\/en\/#website"},"datePublished":"2017-04-26T13:43:10+00:00","dateModified":"2024-06-03T07:50:36+00:00","breadcrumb":{"@id":"https:\/\/www.hotel-sabbiadoro.it\/es\/terminos-y-condiciones\/#breadcrumb"},"inLanguage":"es","potentialAction":[{"@type":"ReadAction","target":["https:\/\/www.hotel-sabbiadoro.it\/es\/terminos-y-condiciones\/"]}]},{"@type":"BreadcrumbList","@id":"https:\/\/www.hotel-sabbiadoro.it\/es\/terminos-y-condiciones\/#breadcrumb","itemListElement":[{"@type":"ListItem","position":1,"name":"Home","item":"https:\/\/www.hotel-sabbiadoro.it\/es\/"},{"@type":"ListItem","position":2,"name":"T\u00e9rminos y Condiciones"}]},{"@type":"WebSite","@id":"https:\/\/www.hotel-sabbiadoro.it\/en\/#website","url":"https:\/\/www.hotel-sabbiadoro.it\/en\/","name":"Hotel Sabbia d&#039;Oro","description":"Hotel con Centro Benessere","potentialAction":[{"@type":"SearchAction","target":{"@type":"EntryPoint","urlTemplate":"https:\/\/www.hotel-sabbiadoro.it\/en\/?s={search_term_string}"},"query-input":"required name=search_term_string"}],"inLanguage":"es"}]}},"_links":{"self":[{"href":"https:\/\/www.hotel-sabbiadoro.it\/es\/wp-json\/wp\/v2\/pages\/1136"}],"collection":[{"href":"https:\/\/www.hotel-sabbiadoro.it\/es\/wp-json\/wp\/v2\/pages"}],"about":[{"href":"https:\/\/www.hotel-sabbiadoro.it\/es\/wp-json\/wp\/v2\/types\/page"}],"author":[{"embeddable":true,"href":"https:\/\/www.hotel-sabbiadoro.it\/es\/wp-json\/wp\/v2\/users\/2"}],"replies":[{"embeddable":true,"href":"https:\/\/www.hotel-sabbiadoro.it\/es\/wp-json\/wp\/v2\/comments?post=1136"}],"version-history":[{"count":3,"href":"https:\/\/www.hotel-sabbiadoro.it\/es\/wp-json\/wp\/v2\/pages\/1136\/revisions"}],"predecessor-version":[{"id":24013,"href":"https:\/\/www.hotel-sabbiadoro.it\/es\/wp-json\/wp\/v2\/pages\/1136\/revisions\/24013"}],"wp:attachment":[{"href":"https:\/\/www.hotel-sabbiadoro.it\/es\/wp-json\/wp\/v2\/media?parent=1136"}],"curies":[{"name":"wp","href":"https:\/\/api.w.org\/{rel}","templated":true}]}}