{"id":991,"date":"2017-02-22T17:53:07","date_gmt":"2017-02-22T15:53:07","guid":{"rendered":"http:\/\/www.hotel-sabbiadoro.it\/de\/?page_id=991"},"modified":"2025-09-18T11:30:23","modified_gmt":"2025-09-18T09:30:23","slug":"homepage","status":"publish","type":"page","link":"https:\/\/www.hotel-sabbiadoro.it\/de\/","title":{"rendered":"Homepage"},"content":{"rendered":"<p>[vc_row full_width=&#8220;stretch_row&#8220;][vc_column]\n\t\t\t<!-- START Video1 REVOLUTION SLIDER 6.6.14 --><p class=\"rs-p-wp-fix\"><\/p>\n\t\t\t<rs-module-wrap id=\"rev_slider_3_1_wrapper\" data-source=\"gallery\" style=\"visibility:hidden;background:transparent;padding:0;margin:0px auto;margin-top:0;margin-bottom:0;\">\n\t\t\t\t<rs-module id=\"rev_slider_3_1\" style=\"\" data-version=\"6.6.14\">\n\t\t\t\t\t<rs-slides style=\"overflow: hidden; position: absolute;\">\n\t\t\t\t\t\t<rs-slide style=\"position: absolute;\" data-key=\"rs-3\" data-title=\"Slide\" data-in=\"o:0;\" data-out=\"a:false;\">\n\t\t\t\t\t\t\t<img src=\"\/\/www.hotel-sabbiadoro.it\/wp-content\/plugins\/revslider\/public\/assets\/assets\/dummy.png\" alt=\"\" title=\"Homepage\" class=\"rev-slidebg tp-rs-img rs-lazyload\" data-lazyload=\"\/\/img.youtube.com\/vi\/7TQY8KVcCeM\/sddefault.jpg\" data-no-retina>\n\t\t\t\t\t\t\t<rs-bgvideo \n\t\t\t\t\t\t\t\tdata-video=\"vc:none;w:100%;h:100%;nse:false;l:true;ptimer:false;\"\n\t\t\t\t\t\t\t\tdata-ytid=\"7TQY8KVcCeM\"\n\t\t\t\t\t\t\t\tdata-vatr=\"version=3&amp;enablejsapi=1&amp;html5=1&amp;controls=0&amp;modestbranding=1&amp;showinfo=0&amp;rel=0&amp;hd=1&amp;wmode=opaque&amp;origin=https:\/\/www.hotel-sabbiadoro.it;\"\n\t\t\t\t\t\t\t><\/rs-bgvideo>\n<!---->\t\t\t\t\t\t<\/rs-slide>\n\t\t\t\t\t<\/rs-slides>\n\t\t\t\t\t<rs-static-layers><!--\n\t\t\t\t\t--><\/rs-static-layers>\n\t\t\t\t<\/rs-module>\n\t\t\t\t<script>\n\t\t\t\t\tsetREVStartSize({c: 'rev_slider_3_1',rl:[1240,1024,778,480],el:[1000],gw:[1240],gh:[1000],type:'standard',justify:'',layout:'fullwidth',mh:\"0\"});if (window.RS_MODULES!==undefined && window.RS_MODULES.modules!==undefined && window.RS_MODULES.modules[\"revslider31\"]!==undefined) {window.RS_MODULES.modules[\"revslider31\"].once = false;window.revapi3 = undefined;if (window.RS_MODULES.checkMinimal!==undefined) window.RS_MODULES.checkMinimal()}\n\t\t\t\t<\/script>\n\t\t\t\t<script src=\"https:\/\/www.youtube.com\/iframe_api\"><\/script>\n\t\t\t<\/rs-module-wrap>\n\t\t\t<!-- END REVOLUTION SLIDER -->\n[\/vc_column][\/vc_row][vc_row el_id=&#8220;bookink_row&#8220;][vc_column][vc_column_text css=&#8220;.vc_custom_1490177930439{margin-top: -150px !important;background-color: #3a4a60 !important;}&#8220;]<\/p>\n<form class=\"wrapper-inner\" style=\"padding: 0;\" action=\"\/de\/kontakte\/\" method=\"post\">\n<div class=\"col-lg-3 col-sm-3 col-xs-12\"><input id=\"checkin\" style=\"margin: 10px 0; width: 100%; height: 40px; border: 1px solid #F1B858;\" type=\"input\" value=\"\" placeholder=\"check in\" \/><\/div>\n<div class=\"col-lg-3 col-sm-3 col-xs-12\"><input id=\"checkout\" style=\"margin: 10px 0; width: 100%; height: 40px; border: 1px solid #F1B858;\" type=\"input\" value=\"\" placeholder=\"check out\" \/><\/div>\n<div class=\"col-lg-2 col-sm-2 col-xs-12\"><select id=\"adulti\" style=\"margin: 10px 0; width: 100%; height: 40px; border: 1px solid #F1B858;\"><option value=\"1\">1 Erwachsene<\/option><option selected=\"selected\" value=\"2\">2 Erwachsene<\/option><option value=\"3\">3 Erwachsene<\/option><option value=\"4\">4 Erwachsene<\/option><option value=\"5\">5 Erwachsene<\/option><\/select><\/div>\n<div class=\"col-lg-2 col-sm-2 col-xs-12\"><select id=\"bambini\" style=\"margin: 10px 0; width: 100%; height: 40px; border: 1px solid #F1B858;\"><option value=\"0\">-kinder-<\/option><option value=\"1\">1<\/option><option value=\"2\">2<\/option><option value=\"3\">3<\/option><option value=\"4\">4<\/option><option value=\"5\">5<\/option><\/select><\/div>\n<div class=\"col-lg-2 col-sm-2 col-xs-12\"><input id=\"submit_button\" style=\"margin: 10px 0; background-color: #f1b858; width: 100%; height: 40px; color: #fff;\" type=\"submit\" value=\"SENDEN\" \/><\/div>\n<div style=\"clear: both;\"><\/div>\n<\/form>\n<p>[\/vc_column_text][\/vc_column][\/vc_row][vc_row][vc_column]<!-- Section Rooms --><div class=\"section \" id=\"room-carousel-section\"><div class=\"widget-rooms-carousel top-over\"><div class=\"wrapper-inner\"><!-- Rooms Title --><div class=\"widget-title\"><h5>Label<\/h5><h2>Heading<\/h2><p>Description<\/p><\/div><!-- Rooms Title End --><!-- Rooms Carousel --><div class=\"widget-carousel owl-carousel owl-theme\"> <\/div><!-- Rooms Carousel End --><\/div><\/div><\/div><!-- Section Rooms End -->[\/vc_column][\/vc_row][vc_row][vc_column]<!-- Section About Promo --><div class=\"section  vc_custom_1487778603149\" id=\"features-section\" ><div class=\"widget-about-promo\" data-background=\"https:\/\/www.hotel-sabbiadoro.it\/wp-content\/uploads\/2016\/07\/photo-about-1.jpg\"><div class=\"wrapper-inner\"><div class=\"widget-inner\"><div class=\"row\"><div class=\"col-md-6\"><h5>Willkommen zu<\/h5><h2>Hotel Sabbia D'Oro<\/h2>Das Hotel Sabbia d\u2019Oro befindet sich in einer einzigartigen traumhaften Lage. Es blickt direkt auf einen breiten Sandstrand der Costa degli Etruschi,die zu langen Strandspazierg\u00e4ngen einl\u00e4dt. Vor der K\u00fcste liegen die Inseln des toskanischen Archipels, die sieben Perlen, die einer Legende nach von der Halskette der Venus herabgefallen sind<\/p>\n<p>Das Hotel, das seit 2011 wegen verbesserten Dienstleistungen mit vier Sternen pr\u00e4miert ist, liegt im s\u00fcdlichen Bezirk von San Vincenzo.<\/p>\n<p>Es ist weniger als einen Kilometer von der Altstadt entfernt und befindet sich in ruhiger und gr\u00fcner Lage. \u00dcber die alte Strada della Principessa, die nur wenige Meter vom Hotel entfernt ist, kann man bequem die pittoresken K\u00fcstenorte erreichen. <\/div><\/div><\/div><\/div><\/div><\/div><!-- Section About Promo End -->[\/vc_column][\/vc_row][vc_row][vc_column]<!-- Section Features --><div id=\"our-facilities\" class=\"section \"><div class=\"widget-features-grid\"><div class=\"wrapper-inner\"><!-- Features Title --><div class=\"widget-title\"><h5>HOTEL SABBIA D'ORO<\/h5><h2>Unsere Dienstleistungen<\/h2><p>Nach einer langen Reise mit dem Auto, dem Zug oder dem Flugzeug tr\u00e4umt jeder davon, sein Gep\u00e4ck in einem komfortablen Hotelzimmer abzustellen, auf den Balkon hinauszutreten, um den herrlichen Meerblick zu genie\u00dfen, und anschlie\u00dfend am Sandstrand entlang zu spazieren.<\/p><\/div><!-- Features Title End --><!-- Features Content --><div class=\"widget-inner\"><div class=\"row\"><div class=\"col-lg-4 col-sm-6\"><div class=\"features-item\" data-background=\"https:\/\/www.hotel-sabbiadoro.it\/wp-content\/uploads\/2016\/07\/box-1-670x690.jpg\"><a href=\"http:\/\/www.hotel-sabbiadoro.it\/de\/dienstleistungen\/\" target=\"\"><h3>Ausgestatteter Strand<\/h3><p><\/p><\/a> <\/div><\/div><div class=\"col-lg-4 col-sm-6\"><div class=\"features-item\" data-background=\"https:\/\/www.hotel-sabbiadoro.it\/wp-content\/uploads\/2016\/07\/box-3-670x690.jpg\"><a href=\"http:\/\/www.hotel-sabbiadoro.it\/de\/restaurant\/\" target=\"\"><h3>Restaurant<\/h3><p><\/p><\/a> <\/div><\/div><div class=\"col-lg-4 col-sm-6\"><div class=\"features-item\" data-background=\"https:\/\/www.hotel-sabbiadoro.it\/wp-content\/uploads\/2017\/10\/IMG-670x690.jpg\"><a href=\"http:\/\/www.hotel-sabbiadoro.it\/de\/wellnesszentrum\/\" target=\"\"><h3>Wellnesszentrum<\/h3><p><\/p><\/a> <\/div><\/div><div class=\"col-lg-4 col-sm-6\"><div class=\"features-item\" data-background=\"https:\/\/www.hotel-sabbiadoro.it\/wp-content\/uploads\/2016\/07\/box-4-670x690.jpg\"><a href=\"http:\/\/www.hotel-sabbiadoro.it\/de\/meeting-und-kongresse\/\" target=\"\"><h3>Konferenzraum<\/h3><p><\/p><\/a> <\/div><\/div><div class=\"col-lg-4 col-sm-6\"><div class=\"features-item\" data-background=\"https:\/\/www.hotel-sabbiadoro.it\/wp-content\/uploads\/2016\/07\/box-5-670x690.jpg\"><a href=\"http:\/\/www.hotel-sabbiadoro.it\/de\/dienstleistungen\/\" target=\"\"><h3>Bar<\/h3><p><\/p><\/a> <\/div><\/div><div class=\"col-lg-4 col-sm-6\"><div class=\"features-item\" data-background=\"https:\/\/www.hotel-sabbiadoro.it\/wp-content\/uploads\/2016\/07\/box-6-670x690.jpg\"><a href=\"http:\/\/www.hotel-sabbiadoro.it\/de\/wedding\/\" target=\"\"><h3>Wedding<\/h3><p><\/p><\/a> <\/div><\/div><\/div><\/div><!-- Features Content End --><\/div><\/div><\/div><!-- Section Features End -->[\/vc_column][\/vc_row][vc_row][vc_column]<!-- Section Gallery --><div class=\"section \" id=\"gallery-carousel\"><div class=\"widget-gallery-carousel\"><div class=\"wrapper-full-inner\"><!-- Gallery Title --><div class=\"widget-title\"><h5>ENTDECKEN SIE UNSER HOTEL<\/h5><h2>Fotogallery<\/h2><p>Sehen Sie unsere Fotogalerie, entdecken Sie unsere Zimmer, das Hotel Interieur und Wellness Center, die Umgebung von San Vincenzo.<\/p><\/div><!-- Gallery Title End --><!-- Gallery Carousel --><div class=\"widget-carousel owl-carousel owl-theme\"><div class=\"gallery-item\"><a href=\"https:\/\/www.hotel-sabbiadoro.it\/wp-content\/uploads\/2016\/07\/photo-services-2-2-1.jpg\" data-background=\"https:\/\/www.hotel-sabbiadoro.it\/wp-content\/uploads\/2016\/07\/photo-services-2-2-1.jpg\" title=\"Homepage\" class=\"grandium-popup-gallery\"><span class=\"item-text\">San Vincenzo<\/span> <\/a><\/div><div class=\"gallery-item\"><a href=\"https:\/\/www.hotel-sabbiadoro.it\/wp-content\/uploads\/2016\/07\/photo-services-2-1-1.jpg\" data-background=\"https:\/\/www.hotel-sabbiadoro.it\/wp-content\/uploads\/2016\/07\/photo-services-2-1-1.jpg\" title=\"Homepage\" class=\"grandium-popup-gallery\"><span class=\"item-text\">Hall<\/span> <\/a><\/div><div class=\"gallery-item\"><a href=\"https:\/\/www.hotel-sabbiadoro.it\/wp-content\/uploads\/2016\/07\/f.jpg\" data-background=\"https:\/\/www.hotel-sabbiadoro.it\/wp-content\/uploads\/2016\/07\/f.jpg\" title=\"Homepage\" class=\"grandium-popup-gallery\"><span class=\"item-text\">Wellness<\/span> <\/a><\/div><div class=\"gallery-item\"><a href=\"https:\/\/www.hotel-sabbiadoro.it\/wp-content\/uploads\/2016\/11\/TERRAZZA-SERA.jpg\" data-background=\"https:\/\/www.hotel-sabbiadoro.it\/wp-content\/uploads\/2016\/11\/TERRAZZA-SERA.jpg\" title=\"Homepage\" class=\"grandium-popup-gallery\"><span class=\"item-text\">Sky Bar & Lounge<\/span> <\/a><\/div><div class=\"gallery-item\"><a href=\"https:\/\/www.hotel-sabbiadoro.it\/wp-content\/uploads\/2016\/07\/CAMERA.jpg\" data-background=\"https:\/\/www.hotel-sabbiadoro.it\/wp-content\/uploads\/2016\/07\/CAMERA.jpg\" title=\"Homepage\" class=\"grandium-popup-gallery\"><span class=\"item-text\">Zimmer<\/span> <\/a><\/div><\/div><!-- Gallery Carousel End --><\/div><\/div><\/div><!-- Section Gallery End -->[\/vc_column][\/vc_row][vc_row][vc_column]<!-- Section Video --><div class=\"section  vc_custom_1487778094448\" id=\"video-section\"><div class=\"widget-video-full\" data-background=\"\"><div class=\"wrapper-full-inner\"><!-- Video Title --><div class=\"widget-title\"><h5>AUSSICHT<\/h5><h2>Unsere Videos<\/h2><p>Sehen Sie sich unsere Videos an und entdecken Sie die Sch\u00f6nheit eines Traumurlaubs in einem Vier-Sterne-Hotel am Meer!<\/p><\/div>\r\n                <!-- Video Title End -->\r\n                <!-- Video Content --><div class=\"widget-inner\"><a href=\"https:\/\/www.youtube.com\/watch?v=bKmJlNAlON0\" class=\"video-play popup-video\"><i class=\"fa fa-play\"><\/i><\/a><\/div><!-- Video Content End -->\r\n           <\/div>\r\n       <\/div>\r\n    <\/div>\r\n    <!-- Section Video End -->[\/vc_column][\/vc_row][vc_row parallax=&#8220;content-moving&#8220; parallax_image=&#8220;492&#8243; css=&#8220;.vc_custom_1478593145481{background-image: url(https:\/\/www.hotel-sabbiadoro.it\/wp-content\/uploads\/2016\/07\/coppia.jpg?id=492) !important;background-position: center;background-repeat: no-repeat !important;background-size: cover !important;}&#8220;][vc_column]<div class=\"section  vc_custom_1758187816764\" id=\"offer-section\"> <div class=\"widget-offers-grid\" data-background=\"\"> <div class=\"wrapper-inner\"><div class=\"widget-title\"><h5>DIE H\u00d6CHSTE QUALIT\u00c4T<\/h5><h2>Restaurant<\/h2><p>Das Restaurant hat einen wundersch\u00f6nen Bick auf das Meer und bietet den G\u00e4sten, Fr\u00fchst\u00fcck, Mittag- und Abendessen auf der Terasse direkt gegen\u00fcber dem Strand zu fr\u00fchst\u00fccken und zu Mittag zu essen.<\/p><\/div><div class=\"widget-inner\"> <div class=\"offers-item\"><div class=\"item-inner\"><div class=\"item-photo\" data-background=\"https:\/\/www.hotel-sabbiadoro.it\/wp-content\/uploads\/2016\/07\/of-2.jpg\"><\/div><div class=\"item-desc\"><h3>L\u2019UOMO RELAX <\/h3><p>Percorso benessere (sauna, idromassaggio, bagno turco, docce emozionali, zona relax con angolo tisaneria) \n1 Gommage corpo \n1 Massaggio antistress agli oli essenziali 50 min \n2 Massaggi a scelta (schiena, relax) 30 min \n1 Trattamento viso specifico per uomo <\/p><a href=\"http:\/\/www.hotel-sabbiadoro.it\/uomo-relax\/\"  class=\"btn-link\">SCOPRI<\/a><\/div><\/div><\/div> <div class=\"offers-item\"><div class=\"item-inner\"><div class=\"item-photo\" data-background=\"https:\/\/www.hotel-sabbiadoro.it\/wp-content\/uploads\/2016\/07\/of-1.jpg\"><\/div><div class=\"item-desc\"><h3>LA BELLEZZA AL MASCHILE <\/h3><p>Etiam posuere tortor quis nisl maximus placerat. Phasellus in magna ut libero hendrerit molestie. In placerat vulputate mi, ut placerat massa hAPercorso benessere (sauna, idromassaggio, bagno turco, docce emozionali, zona relax con angolo tisaneria) \n1 Gommage corpo \n1 Trattamento tonificante e modellante 60 min \n3 Massaggi a scelta (dimagrante, rassodante, localizzato schiena) 30 min \n1 Trattamento anti-age viso \n1 Massaggio antistress 50 min \n\u20ac 350,00<\/p><a href=\"http:\/\/www.hotel-sabbiadoro.it\/la-bellezza-al-maschile\/\"  class=\"btn-link\">SCOPRI<\/a><\/div><\/div><\/div> <div class=\"offers-item\"><div class=\"item-inner\"><div class=\"item-photo\" data-background=\"https:\/\/www.hotel-sabbiadoro.it\/wp-content\/uploads\/2016\/07\/of-3.jpg\"><\/div><div class=\"item-desc\"><h3>PACCHETTI TOTAL BEAUTY <\/h3><p>Percorso benessere (sauna, idromassaggio, bagno turco, docce emozionali, zona relax con angolo tisaneria) \n1 Massaggio relax 30 min \n1 Trattamento vasca \u201cNuvola\u201d 30 min \n1 Trattamento viso specifico 50 min \n1 Manicure \n1 Pedicure \n\u20ac 180,00 \n\nPercorso benessere (sauna, idromassaggio, bagno turco, docce emozionali, zona relax con angolo tisaneria) \n1 Massaggio corpo 50 min \n1 Trattamento specifico corpo 60 min \n1 Trattamento specifico viso 50 min \n1 Pedicure French \n1 Manicure French \n\u20ac 280,00 \n\nPercorso benessere (sauna, idromassaggio, bagno turco, docce emozionali, zona relax con angolo tisaneria) \n1 Massaggio relax 30 min \n1 Massaggio Hot Stone \n3 Massaggi localizzati a scelta (gambe\/ schiena\/ viso, collo, decolt\u00e9\/plantare\/addome) \n1 Trattamento specifico corpo 60 min \n1 Trattamento specifico viso 50 min \n1 Pedicure French \n1 Manicure French \nIn omaggio 1 confezione di Italian Dream, profumo esclusivo di Vagheggi \n\u20ac 450,00<\/p><a href=\"http:\/\/www.hotel-sabbiadoro.it\/pacchetti-total-beauty-3\/\"  class=\"btn-link\">SCOPRI<\/a><\/div><\/div><\/div> <div class=\"offers-item\"><div class=\"item-inner\"><div class=\"item-photo\" data-background=\"https:\/\/www.hotel-sabbiadoro.it\/wp-content\/uploads\/2016\/07\/of-4.jpg\"><\/div><div class=\"item-desc\"><h3>BODY SILHOUETTE <\/h3><p>1 Peeling del corpo 30 min \nPercorso benessere (sauna, idromassaggio, bagno turco, docce emozionali, zona relax con angolo tisaneria) \n2 Trattamenti specifici 50 min \n3 Massaggi specifici 30 min \n\u20ac 250,00 \n\n1 Peeling del corpo 30 min \nPercorso benessere (sauna, idromassaggio, bagno turco, docce emozionali, zona relax con angolo tisaneria) \n2 Trattamenti specifici 50 min \n2 Linfodrenaggio 70 min \n3 Massaggi specifici 30 min \nIn omaggio 1 confezione di Italian Dream, profumo esclusivo di Vagheggi \n\u20ac 380,00<\/p><a href=\"http:\/\/www.hotel-sabbiadoro.it\/body-silhouette-2\/\"  class=\"btn-link\">SCOPRI<\/a><\/div><\/div><\/div> <\/div>\r\n                <!-- Offers Content End -->\r\n            <\/div>\r\n        <\/div>\r\n    <\/div>\r\n    <!-- Section Offers End -->[\/vc_column][\/vc_row][vc_row][vc_column]<!-- Section testimonials --><div class=\"section \" id=\"testi-section\"><div class=\"widget-testimonials-carousel\"><div class=\"wrapper-inner\"><!-- testimonials Title --><div class=\"widget-title\"><h5>SIE SAGEN \u00dcBER UNS<\/h5><h2>Unsere Kunden<\/h2><p>Hotel Sabbia d'Oro ist die Verwirklichung Ihres Traums. Entdecken Sie die Erfahrungen unserer Kunden!<\/p><\/div><!-- testimonials Title End --><!-- Testimonials Carousel --><div class=\"widget-carousel owl-carousel owl-theme\"><div class=\"testimonials-item\"><div class=\"item-comment\">Quinta esperienza al Sabbia d'Oro, anche quest'anno il personale dell'albergo si e' dimostrato sempre disponibile e all'altezza delle aspettative. Novita' molto gradita e' stata la possibilita' di pranzare e cenare all'aperto sotto la nuova struttura in legno.<\/div><div class=\"item-customer\"><div class=\"customer-photo\" data-background=\"https:\/\/www.hotel-sabbiadoro.it\/wp-content\/uploads\/2016\/07\/avatar022.jpg\"><\/div><h5>Dogville1968<\/h5><h6>Tripadvisor<\/h6><\/div> <\/div><div class=\"testimonials-item\"><div class=\"item-comment\">Tornato anche quest ' anno per le vacanze la piacevole novit\u00e0 \u00e8 la nuova sala da pranzo all ' aperto che permette di godersi cene vista tramonto sul mare , ideale per chi cerca una vacanza tutta relax .<\/div><div class=\"item-customer\"><div class=\"customer-photo\" data-background=\"https:\/\/www.hotel-sabbiadoro.it\/wp-content\/uploads\/2016\/07\/paolo-z.jpg\"><\/div><h5>Paolo z<\/h5><h6>Tripadvisor<\/h6><\/div> <\/div><div class=\"testimonials-item\"><div class=\"item-comment\">hotel sul mare con ottima vista. personale cordiale e molto disponibile. camere pulite , con ogni confort . ottima la colazione per tutti i gusti dal dolce al salato. con annesso ristorante anch'esso di ottimo livello sia per il cibo che per i vini di pregio.<\/div><div class=\"item-customer\"><div class=\"customer-photo\" data-background=\"https:\/\/www.hotel-sabbiadoro.it\/wp-content\/uploads\/2016\/07\/photo-blog-2.jpg\"><\/div><h5>Orietta Z<\/h5><h6>Tripadvisor<\/h6><\/div> <\/div><\/div><!-- Testimonials Carousel End --><\/div><\/div><\/div><!-- Section Testimonials End -->[\/vc_column][\/vc_row]<\/p>\n","protected":false},"excerpt":{"rendered":"<p>[vc_row full_width=&#8220;stretch_row&#8220;][vc_column][\/vc_column][\/vc_row][vc_row el_id=&#8220;bookink_row&#8220;][vc_column][vc_column_text css=&#8220;.vc_custom_1490177930439{margin-top: -150px !important;background-color: #3a4a60 !important;}&#8220;] 1 Erwachsene2 Erwachsene3 Erwachsene4 Erwachsene5 Erwachsene -kinder-12345 [\/vc_column_text][\/vc_column][\/vc_row][vc_row][vc_column][\/vc_column][\/vc_row][vc_row][vc_column][\/vc_column][\/vc_row][vc_row][vc_column][\/vc_column][\/vc_row][vc_row][vc_column][\/vc_column][\/vc_row][vc_row][vc_column][\/vc_column][\/vc_row][vc_row parallax=&#8220;content-moving&#8220; parallax_image=&#8220;492&#8243; css=&#8220;.vc_custom_1478593145481{background-image: url(https:\/\/www.hotel-sabbiadoro.it\/wp-content\/uploads\/2016\/07\/coppia.jpg?id=492) !important;background-position: center;background-repeat: no-repeat !important;background-size: cover !important;}&#8220;][vc_column][\/vc_column][\/vc_row][vc_row][vc_column][\/vc_column][\/vc_row]<\/p>\n","protected":false},"author":2,"featured_media":0,"parent":0,"menu_order":0,"comment_status":"closed","ping_status":"closed","template":"frontpage.php","meta":{"_expiration-date-status":"","_expiration-date":0,"_expiration-date-type":"","_expiration-date-categories":[],"_expiration-date-options":[]},"yoast_head":"<!-- This site is optimized with the Yoast SEO plugin v19.10 - https:\/\/yoast.com\/wordpress\/plugins\/seo\/ -->\n<title>HOTEL SAN VINCENZO: Hotel Sabbia d&#039;Oro<\/title>\n<meta name=\"robots\" content=\"index, follow, max-snippet:-1, max-image-preview:large, max-video-preview:-1\" \/>\n<link rel=\"canonical\" href=\"https:\/\/www.hotel-sabbiadoro.it\/de\/\" \/>\n<meta property=\"og:locale\" content=\"de_DE\" \/>\n<meta property=\"og:type\" content=\"article\" \/>\n<meta property=\"og:title\" content=\"HOTEL SAN VINCENZO: Hotel Sabbia d&#039;Oro\" \/>\n<meta property=\"og:description\" content=\"[vc_row full_width=&#8220;stretch_row&#8220;][vc_column][\/vc_column][\/vc_row][vc_row el_id=&#8220;bookink_row&#8220;][vc_column][vc_column_text css=&#8220;.vc_custom_1490177930439{margin-top: -150px !important;background-color: #3a4a60 !important;}&#8220;] 1 Erwachsene2 Erwachsene3 Erwachsene4 Erwachsene5 Erwachsene -kinder-12345 [\/vc_column_text][\/vc_column][\/vc_row][vc_row][vc_column][\/vc_column][\/vc_row][vc_row][vc_column][\/vc_column][\/vc_row][vc_row][vc_column][\/vc_column][\/vc_row][vc_row][vc_column][\/vc_column][\/vc_row][vc_row][vc_column][\/vc_column][\/vc_row][vc_row parallax=&#8220;content-moving&#8220; parallax_image=&#8220;492&#8243; css=&#8220;.vc_custom_1478593145481{background-image: url(https:\/\/www.hotel-sabbiadoro.it\/wp-content\/uploads\/2016\/07\/coppia.jpg?id=492) !important;background-position: center;background-repeat: no-repeat !important;background-size: cover !important;}&#8220;][vc_column][\/vc_column][\/vc_row][vc_row][vc_column][\/vc_column][\/vc_row]\" \/>\n<meta property=\"og:url\" content=\"https:\/\/www.hotel-sabbiadoro.it\/de\/\" \/>\n<meta property=\"og:site_name\" content=\"Hotel Sabbia d&#039;Oro\" \/>\n<meta property=\"article:modified_time\" content=\"2025-09-18T09:30:23+00:00\" \/>\n<meta name=\"twitter:card\" content=\"summary_large_image\" \/>\n<meta name=\"twitter:label1\" content=\"Gesch\u00e4tzte Lesezeit\" \/>\n\t<meta name=\"twitter:data1\" content=\"2\u00a0Minuten\" \/>\n<script type=\"application\/ld+json\" class=\"yoast-schema-graph\">{\"@context\":\"https:\/\/schema.org\",\"@graph\":[{\"@type\":\"WebPage\",\"@id\":\"https:\/\/www.hotel-sabbiadoro.it\/de\/\",\"url\":\"https:\/\/www.hotel-sabbiadoro.it\/de\/\",\"name\":\"HOTEL SAN VINCENZO: Hotel Sabbia d'Oro\",\"isPartOf\":{\"@id\":\"https:\/\/www.hotel-sabbiadoro.it\/en\/#website\"},\"datePublished\":\"2017-02-22T15:53:07+00:00\",\"dateModified\":\"2025-09-18T09:30:23+00:00\",\"breadcrumb\":{\"@id\":\"https:\/\/www.hotel-sabbiadoro.it\/de\/#breadcrumb\"},\"inLanguage\":\"de\",\"potentialAction\":[{\"@type\":\"ReadAction\",\"target\":[\"https:\/\/www.hotel-sabbiadoro.it\/de\/\"]}]},{\"@type\":\"BreadcrumbList\",\"@id\":\"https:\/\/www.hotel-sabbiadoro.it\/de\/#breadcrumb\",\"itemListElement\":[{\"@type\":\"ListItem\",\"position\":1,\"name\":\"Home\",\"item\":\"https:\/\/www.hotel-sabbiadoro.it\/de\/\"},{\"@type\":\"ListItem\",\"position\":2,\"name\":\"Homepage\"}]},{\"@type\":\"WebSite\",\"@id\":\"https:\/\/www.hotel-sabbiadoro.it\/en\/#website\",\"url\":\"https:\/\/www.hotel-sabbiadoro.it\/en\/\",\"name\":\"Hotel Sabbia d&#039;Oro\",\"description\":\"Hotel con Centro Benessere\",\"potentialAction\":[{\"@type\":\"SearchAction\",\"target\":{\"@type\":\"EntryPoint\",\"urlTemplate\":\"https:\/\/www.hotel-sabbiadoro.it\/en\/?s={search_term_string}\"},\"query-input\":\"required name=search_term_string\"}],\"inLanguage\":\"de\"}]}<\/script>\n<!-- \/ Yoast SEO plugin. -->","yoast_head_json":{"title":"HOTEL SAN VINCENZO: Hotel Sabbia d'Oro","robots":{"index":"index","follow":"follow","max-snippet":"max-snippet:-1","max-image-preview":"max-image-preview:large","max-video-preview":"max-video-preview:-1"},"canonical":"https:\/\/www.hotel-sabbiadoro.it\/de\/","og_locale":"de_DE","og_type":"article","og_title":"HOTEL SAN VINCENZO: Hotel Sabbia d'Oro","og_description":"[vc_row full_width=&#8220;stretch_row&#8220;][vc_column][\/vc_column][\/vc_row][vc_row el_id=&#8220;bookink_row&#8220;][vc_column][vc_column_text css=&#8220;.vc_custom_1490177930439{margin-top: -150px !important;background-color: #3a4a60 !important;}&#8220;] 1 Erwachsene2 Erwachsene3 Erwachsene4 Erwachsene5 Erwachsene -kinder-12345 [\/vc_column_text][\/vc_column][\/vc_row][vc_row][vc_column][\/vc_column][\/vc_row][vc_row][vc_column][\/vc_column][\/vc_row][vc_row][vc_column][\/vc_column][\/vc_row][vc_row][vc_column][\/vc_column][\/vc_row][vc_row][vc_column][\/vc_column][\/vc_row][vc_row parallax=&#8220;content-moving&#8220; parallax_image=&#8220;492&#8243; css=&#8220;.vc_custom_1478593145481{background-image: url(https:\/\/www.hotel-sabbiadoro.it\/wp-content\/uploads\/2016\/07\/coppia.jpg?id=492) !important;background-position: center;background-repeat: no-repeat !important;background-size: cover !important;}&#8220;][vc_column][\/vc_column][\/vc_row][vc_row][vc_column][\/vc_column][\/vc_row]","og_url":"https:\/\/www.hotel-sabbiadoro.it\/de\/","og_site_name":"Hotel Sabbia d&#039;Oro","article_modified_time":"2025-09-18T09:30:23+00:00","twitter_card":"summary_large_image","twitter_misc":{"Gesch\u00e4tzte Lesezeit":"2\u00a0Minuten"},"schema":{"@context":"https:\/\/schema.org","@graph":[{"@type":"WebPage","@id":"https:\/\/www.hotel-sabbiadoro.it\/de\/","url":"https:\/\/www.hotel-sabbiadoro.it\/de\/","name":"HOTEL SAN VINCENZO: Hotel Sabbia d'Oro","isPartOf":{"@id":"https:\/\/www.hotel-sabbiadoro.it\/en\/#website"},"datePublished":"2017-02-22T15:53:07+00:00","dateModified":"2025-09-18T09:30:23+00:00","breadcrumb":{"@id":"https:\/\/www.hotel-sabbiadoro.it\/de\/#breadcrumb"},"inLanguage":"de","potentialAction":[{"@type":"ReadAction","target":["https:\/\/www.hotel-sabbiadoro.it\/de\/"]}]},{"@type":"BreadcrumbList","@id":"https:\/\/www.hotel-sabbiadoro.it\/de\/#breadcrumb","itemListElement":[{"@type":"ListItem","position":1,"name":"Home","item":"https:\/\/www.hotel-sabbiadoro.it\/de\/"},{"@type":"ListItem","position":2,"name":"Homepage"}]},{"@type":"WebSite","@id":"https:\/\/www.hotel-sabbiadoro.it\/en\/#website","url":"https:\/\/www.hotel-sabbiadoro.it\/en\/","name":"Hotel Sabbia d&#039;Oro","description":"Hotel con Centro Benessere","potentialAction":[{"@type":"SearchAction","target":{"@type":"EntryPoint","urlTemplate":"https:\/\/www.hotel-sabbiadoro.it\/en\/?s={search_term_string}"},"query-input":"required name=search_term_string"}],"inLanguage":"de"}]}},"_links":{"self":[{"href":"https:\/\/www.hotel-sabbiadoro.it\/de\/wp-json\/wp\/v2\/pages\/991"}],"collection":[{"href":"https:\/\/www.hotel-sabbiadoro.it\/de\/wp-json\/wp\/v2\/pages"}],"about":[{"href":"https:\/\/www.hotel-sabbiadoro.it\/de\/wp-json\/wp\/v2\/types\/page"}],"author":[{"embeddable":true,"href":"https:\/\/www.hotel-sabbiadoro.it\/de\/wp-json\/wp\/v2\/users\/2"}],"replies":[{"embeddable":true,"href":"https:\/\/www.hotel-sabbiadoro.it\/de\/wp-json\/wp\/v2\/comments?post=991"}],"version-history":[{"count":3,"href":"https:\/\/www.hotel-sabbiadoro.it\/de\/wp-json\/wp\/v2\/pages\/991\/revisions"}],"predecessor-version":[{"id":30434,"href":"https:\/\/www.hotel-sabbiadoro.it\/de\/wp-json\/wp\/v2\/pages\/991\/revisions\/30434"}],"wp:attachment":[{"href":"https:\/\/www.hotel-sabbiadoro.it\/de\/wp-json\/wp\/v2\/media?parent=991"}],"curies":[{"name":"wp","href":"https:\/\/api.w.org\/{rel}","templated":true}]}}