{"id":989,"date":"2017-02-22T17:39:08","date_gmt":"2017-02-22T15:39:08","guid":{"rendered":"http:\/\/www.hotel-sabbiadoro.it\/de\/?page_id=989"},"modified":"2024-06-03T09:49:08","modified_gmt":"2024-06-03T07:49:08","slug":"stornierungsbedingungen","status":"publish","type":"page","link":"https:\/\/www.hotel-sabbiadoro.it\/de\/stornierungsbedingungen\/","title":{"rendered":"STORNIERUNGSBEDINGUNGEN"},"content":{"rendered":"<p>[vc_row el_class=&#8220;lucaterminicondizioni&#8220;][vc_column]<!-- Section Services --><div class=\"section \" id=\"services\"><div class=\"wrapper-inner\"><!-- Services List --><div class=\"widget-services-list\"><div class=\"services-item\"><div class=\"item-photo\"><\/div><div class=\"item-desc\"><h2>ALLGEMEINE BEDINGUNGEN<\/h2>Der Antrag f\u00fcr die Verf\u00fcgbarkeit ist nicht bindend und nicht als einen Vertrag weder f\u00fcr den Kunden noch f\u00fcr das Hotel Sabbia D'Oro.\nDie Anfrage stellt ein Bestellformular aus und daher verbindlich f\u00fcr den Kunden aber nicht bindend f\u00fcr das Hotel Sabbia D'Oro, in dessen Rahmen nach wie vor frei, nicht zu akzeptieren, der auf Ihrer Buchungsbest\u00e4tigung.\nDie Best\u00e4tigung der Buchung Hotel Sabbia D'Oro an den Client gesendet wird verbindlich f\u00fcr beide Parteien und legt die Erstellung der Buchung Vertrag mit Optionen.\nWenn eine Kaution beantragt wird oder Kreditkarten-Details, der Kunde muss diese innerhalb der angegebenen Frist sollte auf die Richtung des Hotel Sabbia D'Oro in Ordnung, dass die Optionen gel\u00f6scht werden und die Buchung definitiv best\u00e4tigt.\nIn welchem Punkt Hotel Sabbia D'Oro Versprechen zu schicken dem Kunden eine Best\u00e4tigung Anschreiben und Lebenslauf Gutschein denen der Kunde muss bei der Check-in.\nDer Gesamtbetrag der Buchung best\u00e4tigt werden m\u00fcssen per E-Mail die Annahme der Stornierung Bedingungen des betreffenden Betriebs.<\/div><\/div><div class=\"services-item\"><div class=\"item-photo\"><\/div><div class=\"item-desc\"><h2>STORNIERUNGSBEDINGUNGEN<\/h2>Voraussetzungen und Bedingungen\nDie Reservierung wird verbindlich f\u00fcr unsere Struktur nur zum Zeitpunkt der Aufnahme der Anzahlung Eingang (30% des Gesamtbetrags) oder die Daten der Kreditkarte, auf die effectue die autorisierten R\u00fccknahme.\nSo weit wie Ihre Reservierung wird best\u00e4tigt, erhalten Sie einen Gutschein (Best\u00e4tigung per E-Mail), die ben\u00f6tigt werden, um am Check-in bei Ihrer Ankunft.\nAnreise (Check-In): Die Bett-Zimmer zur Verf\u00fcgung stehen am Samstag nach 15.00 Uhr, sowie vor und sp\u00e4testens 18.00 Uhr (auf jeden Fall, das Gep\u00e4ck k\u00f6nnen Sie zuvor).\nAbreise (Check-out): Zimmer und Appartements sind links vor dem 10.00.\n\nSTORNIERUNGSBEDINGUNGEN\nIm Falle einer Stornierung der Buchung wird der gesamte Betrag der Anzahlung nicht erstattet werden.<\/div><\/div><div class=\"services-item\"><div class=\"item-photo\"><\/div><div class=\"item-desc\"><h2>ZAHLUNG<\/h2>Credit Transfer\nGeleistete Anzahlungen werden kann mit Kreditkarte \u00dcberweisung in Euro auf folgendes Konto:\n\nGirokonto auf den Namen von SABBIA MARINA SRL\n\nIBAN: IT17 W084 6170 7700 0001 1000 050\nBank: CASTAGNETO BANCA 1910, Filiale San Vincenzo LI\n\nBitte senden Sie Zahlungsaufforderung per email.\n\nMehr zum Thema\nSie k\u00f6nnen die Kaution bezahlen, um mit dem Postauto, in EURO, an die folgende Adresse:\nHotel Sabbia d'Oro,\nV. della Repubblica 38,\n57027 San Vincenzo (LI)\nBitte senden Sie Zahlungsaufforderung per email.<\/div><\/div><div class=\"services-item\"><div class=\"item-photo\"><\/div><div class=\"item-desc\"><h2>Gerichte<\/h2>F\u00fcr was auch immer Kontroverse, die sich in Bezug auf Auslegung, Ausf\u00fchrung und \/ oder f\u00fcr den Abschluss der Buchung Vertrags, zu dem die vorliegenden Bedingungen angewandt werden, in denen ein Teil Hotel Sabbia D'Oro, rechtlich verantwortlich sind, werden ausschlie\u00dflich in die Zust\u00e4ndigkeit der lokalen Gerichte von Livorno<\/div><\/div> <\/div>\r\n            <!-- Services List End -->\r\n        <\/div>\r\n    <\/div>\r\n    <!-- Section Services End -->[\/vc_column][\/vc_row]<\/p>\n","protected":false},"excerpt":{"rendered":"<p>[vc_row el_class=&#8220;lucaterminicondizioni&#8220;][vc_column][\/vc_column][\/vc_row]<\/p>\n","protected":false},"author":2,"featured_media":0,"parent":0,"menu_order":0,"comment_status":"closed","ping_status":"closed","template":"frontpage.php","meta":{"_expiration-date-status":"","_expiration-date":0,"_expiration-date-type":"","_expiration-date-categories":[],"_expiration-date-options":[]},"yoast_head":"<!-- This site is optimized with the Yoast SEO plugin v19.10 - https:\/\/yoast.com\/wordpress\/plugins\/seo\/ -->\n<title>STORNIERUNGSBEDINGUNGEN - Hotel Sabbia d&#039;Oro<\/title>\n<meta name=\"robots\" content=\"index, follow, max-snippet:-1, max-image-preview:large, max-video-preview:-1\" \/>\n<link rel=\"canonical\" href=\"https:\/\/www.hotel-sabbiadoro.it\/de\/stornierungsbedingungen\/\" \/>\n<meta property=\"og:locale\" content=\"de_DE\" \/>\n<meta property=\"og:type\" content=\"article\" \/>\n<meta property=\"og:title\" content=\"STORNIERUNGSBEDINGUNGEN - Hotel Sabbia d&#039;Oro\" \/>\n<meta property=\"og:description\" content=\"[vc_row el_class=&#8220;lucaterminicondizioni&#8220;][vc_column][\/vc_column][\/vc_row]\" \/>\n<meta property=\"og:url\" content=\"https:\/\/www.hotel-sabbiadoro.it\/de\/stornierungsbedingungen\/\" \/>\n<meta property=\"og:site_name\" content=\"Hotel Sabbia d&#039;Oro\" \/>\n<meta property=\"article:modified_time\" content=\"2024-06-03T07:49:08+00:00\" \/>\n<meta name=\"twitter:card\" content=\"summary_large_image\" \/>\n<meta name=\"twitter:label1\" content=\"Gesch\u00e4tzte Lesezeit\" \/>\n\t<meta name=\"twitter:data1\" content=\"1\u00a0Minute\" \/>\n<script type=\"application\/ld+json\" class=\"yoast-schema-graph\">{\"@context\":\"https:\/\/schema.org\",\"@graph\":[{\"@type\":\"WebPage\",\"@id\":\"https:\/\/www.hotel-sabbiadoro.it\/de\/stornierungsbedingungen\/\",\"url\":\"https:\/\/www.hotel-sabbiadoro.it\/de\/stornierungsbedingungen\/\",\"name\":\"STORNIERUNGSBEDINGUNGEN - Hotel Sabbia d&#039;Oro\",\"isPartOf\":{\"@id\":\"https:\/\/www.hotel-sabbiadoro.it\/en\/#website\"},\"datePublished\":\"2017-02-22T15:39:08+00:00\",\"dateModified\":\"2024-06-03T07:49:08+00:00\",\"breadcrumb\":{\"@id\":\"https:\/\/www.hotel-sabbiadoro.it\/de\/stornierungsbedingungen\/#breadcrumb\"},\"inLanguage\":\"de\",\"potentialAction\":[{\"@type\":\"ReadAction\",\"target\":[\"https:\/\/www.hotel-sabbiadoro.it\/de\/stornierungsbedingungen\/\"]}]},{\"@type\":\"BreadcrumbList\",\"@id\":\"https:\/\/www.hotel-sabbiadoro.it\/de\/stornierungsbedingungen\/#breadcrumb\",\"itemListElement\":[{\"@type\":\"ListItem\",\"position\":1,\"name\":\"Home\",\"item\":\"https:\/\/www.hotel-sabbiadoro.it\/de\/\"},{\"@type\":\"ListItem\",\"position\":2,\"name\":\"STORNIERUNGSBEDINGUNGEN\"}]},{\"@type\":\"WebSite\",\"@id\":\"https:\/\/www.hotel-sabbiadoro.it\/en\/#website\",\"url\":\"https:\/\/www.hotel-sabbiadoro.it\/en\/\",\"name\":\"Hotel Sabbia d&#039;Oro\",\"description\":\"Hotel con Centro Benessere\",\"potentialAction\":[{\"@type\":\"SearchAction\",\"target\":{\"@type\":\"EntryPoint\",\"urlTemplate\":\"https:\/\/www.hotel-sabbiadoro.it\/en\/?s={search_term_string}\"},\"query-input\":\"required name=search_term_string\"}],\"inLanguage\":\"de\"}]}<\/script>\n<!-- \/ Yoast SEO plugin. -->","yoast_head_json":{"title":"STORNIERUNGSBEDINGUNGEN - Hotel Sabbia d&#039;Oro","robots":{"index":"index","follow":"follow","max-snippet":"max-snippet:-1","max-image-preview":"max-image-preview:large","max-video-preview":"max-video-preview:-1"},"canonical":"https:\/\/www.hotel-sabbiadoro.it\/de\/stornierungsbedingungen\/","og_locale":"de_DE","og_type":"article","og_title":"STORNIERUNGSBEDINGUNGEN - Hotel Sabbia d&#039;Oro","og_description":"[vc_row el_class=&#8220;lucaterminicondizioni&#8220;][vc_column][\/vc_column][\/vc_row]","og_url":"https:\/\/www.hotel-sabbiadoro.it\/de\/stornierungsbedingungen\/","og_site_name":"Hotel Sabbia d&#039;Oro","article_modified_time":"2024-06-03T07:49:08+00:00","twitter_card":"summary_large_image","twitter_misc":{"Gesch\u00e4tzte Lesezeit":"1\u00a0Minute"},"schema":{"@context":"https:\/\/schema.org","@graph":[{"@type":"WebPage","@id":"https:\/\/www.hotel-sabbiadoro.it\/de\/stornierungsbedingungen\/","url":"https:\/\/www.hotel-sabbiadoro.it\/de\/stornierungsbedingungen\/","name":"STORNIERUNGSBEDINGUNGEN - Hotel Sabbia d&#039;Oro","isPartOf":{"@id":"https:\/\/www.hotel-sabbiadoro.it\/en\/#website"},"datePublished":"2017-02-22T15:39:08+00:00","dateModified":"2024-06-03T07:49:08+00:00","breadcrumb":{"@id":"https:\/\/www.hotel-sabbiadoro.it\/de\/stornierungsbedingungen\/#breadcrumb"},"inLanguage":"de","potentialAction":[{"@type":"ReadAction","target":["https:\/\/www.hotel-sabbiadoro.it\/de\/stornierungsbedingungen\/"]}]},{"@type":"BreadcrumbList","@id":"https:\/\/www.hotel-sabbiadoro.it\/de\/stornierungsbedingungen\/#breadcrumb","itemListElement":[{"@type":"ListItem","position":1,"name":"Home","item":"https:\/\/www.hotel-sabbiadoro.it\/de\/"},{"@type":"ListItem","position":2,"name":"STORNIERUNGSBEDINGUNGEN"}]},{"@type":"WebSite","@id":"https:\/\/www.hotel-sabbiadoro.it\/en\/#website","url":"https:\/\/www.hotel-sabbiadoro.it\/en\/","name":"Hotel Sabbia d&#039;Oro","description":"Hotel con Centro Benessere","potentialAction":[{"@type":"SearchAction","target":{"@type":"EntryPoint","urlTemplate":"https:\/\/www.hotel-sabbiadoro.it\/en\/?s={search_term_string}"},"query-input":"required name=search_term_string"}],"inLanguage":"de"}]}},"_links":{"self":[{"href":"https:\/\/www.hotel-sabbiadoro.it\/de\/wp-json\/wp\/v2\/pages\/989"}],"collection":[{"href":"https:\/\/www.hotel-sabbiadoro.it\/de\/wp-json\/wp\/v2\/pages"}],"about":[{"href":"https:\/\/www.hotel-sabbiadoro.it\/de\/wp-json\/wp\/v2\/types\/page"}],"author":[{"embeddable":true,"href":"https:\/\/www.hotel-sabbiadoro.it\/de\/wp-json\/wp\/v2\/users\/2"}],"replies":[{"embeddable":true,"href":"https:\/\/www.hotel-sabbiadoro.it\/de\/wp-json\/wp\/v2\/comments?post=989"}],"version-history":[{"count":4,"href":"https:\/\/www.hotel-sabbiadoro.it\/de\/wp-json\/wp\/v2\/pages\/989\/revisions"}],"predecessor-version":[{"id":24012,"href":"https:\/\/www.hotel-sabbiadoro.it\/de\/wp-json\/wp\/v2\/pages\/989\/revisions\/24012"}],"wp:attachment":[{"href":"https:\/\/www.hotel-sabbiadoro.it\/de\/wp-json\/wp\/v2\/media?parent=989"}],"curies":[{"name":"wp","href":"https:\/\/api.w.org\/{rel}","templated":true}]}}