{"id":986,"date":"2017-02-22T17:34:22","date_gmt":"2017-02-22T15:34:22","guid":{"rendered":"http:\/\/www.hotel-sabbiadoro.it\/de\/?page_id=986"},"modified":"2025-09-18T11:49:27","modified_gmt":"2025-09-18T09:49:27","slug":"dienstleistungen","status":"publish","type":"page","link":"https:\/\/www.hotel-sabbiadoro.it\/de\/dienstleistungen\/","title":{"rendered":"Dienstleistungen"},"content":{"rendered":"<p>[vc_row][vc_column]<!-- Section About Promo --><div class=\"section \" id=\"about-section\" ><div class=\"widget-about-promo\" data-background=\"https:\/\/www.hotel-sabbiadoro.it\/wp-content\/uploads\/2016\/07\/photo-services-2-2-1.jpg\"><div class=\"wrapper-inner\"><div class=\"widget-inner\"><div class=\"row\"><div class=\"col-md-6\"><h5>PRIVATER STRAND UND<\/h5><h2>Sonstige Dienstleistungen<\/h2>Nach einer langen Reise mit dem Auto, dem Zug oder dem Flugzeug tr\u00e4umt jeder davon, sein Gep\u00e4ck in einem komfortablen Hotelzimmer abzustellen, auf den Balkon hinauszutreten, um den herrlichen Meerblick zu genie\u00dfen, und anschlie\u00dfend am Sandstrand entlang zu spazieren.<\/p>\n<p>Das Hotel Sabbia d\u2019Oro l\u00e4sst Ihre T\u00e4ume wahr werden.<\/p>\n<p>Hier k\u00f6nnen Sie Ihren Urlaub wirklich direkt am Meer verbringen: Auf der gro\u00dfen Terrasse direkt hinter dem Strand k\u00f6nnen Sie an der frischen Seeluft fr\u00fchst\u00fccken und zu Mittag essen oder aber an heissen Sommer- oder k\u00fchlen Herbsttagen in den gem\u00fctlichen, vor Sonne und Wind sch\u00fctzenden Gazebos entspannen.<\/div><\/div><\/div><\/div><\/div><\/div><!-- Section About Promo End -->[\/vc_column][\/vc_row][vc_row css=&#8220;.vc_custom_1478514262931{margin-top: -40px !important;margin-bottom: -50px !important;background-color: #ffffff !important;}&#8220;][vc_column]<!-- Section Services --><div class=\"section \" ><div class=\"wrapper-inner\"><!-- Services List --><div class=\"widget-services-list\"><div class=\"services-item\"><div class=\"item-photo\"><div class=\"photo-big\" data-background=\"https:\/\/www.hotel-sabbiadoro.it\/wp-content\/uploads\/2016\/07\/f.jpg\"><\/div><div class=\"photo-small\" data-background=\"https:\/\/www.hotel-sabbiadoro.it\/wp-content\/uploads\/2016\/11\/TERRAZZA-SERA.jpg\"><\/div><\/div><div class=\"item-desc\"><h2>Hotel entspannen<\/h2>Obwohl seine einzigartige Lage das Hotel nach drau\u00dfen zieht, mit dem Meer, das zu jeder Jahreszeit anzieht, wird es G\u00e4sten, die Zeit im Hotel verbringen m\u00f6chten, nicht langweilig: Das Wellnesscenter bietet eine Emotionale Reise (mit Zugang zur Finnischen Sauna und zum T\u00fcrkischen Bad). Entspannende Musik und ged\u00e4mpftes Licht schaffen eine perfekte Atmosph\u00e4re in einem Bereich, der vollst\u00e4ndig auf Ihr Wohlbefinden ausgerichtet ist, w\u00e4hrend unser erfahrenes Personal Sie durch traditionelle Massagen und K\u00f6rperbehandlungen f\u00fchrt.\n\nDenjenigen, die sich nicht von der Arbeit oder von den Freunden zu Hause trennen k\u00f6nnen oder m\u00f6chten, stellt das Hotel eine kostenlose Internetverbindung zur Verf\u00fcgung (W-LAN in den \u00f6ffentlichen Bereichen des Hotels oder per Kabel auf den Zimmern). Wer keinen Computer dabei hat, kann ein Notebook des Hauses benutzen.<\/div><\/div> <\/div>\r\n            <!-- Services List End -->\r\n        <\/div>\r\n    <\/div>\r\n    <!-- Section Services End -->[\/vc_column][\/vc_row][vc_row css=&#8220;.vc_custom_1479921681812{margin-top: -50px !important;padding-bottom: 30px !important;background-image: url(https:\/\/www.hotel-sabbiadoro.it\/wp-content\/uploads\/2016\/07\/coppia.jpg?id=492) !important;}&#8220; el_class=&#8220;lucanospaces&#8220;][vc_column]<!-- Section About Promo --><div class=\"section \"  ><div class=\"widget-about-promo\" data-background=\"\"><div class=\"wrapper-inner\"><div class=\"widget-inner\"><div class=\"row\"><div class=\"col-md-6\"><h5><\/h5><h2>Viele andere dienstleistungen ...<\/h2><\/div><\/div><\/div><\/div><\/div><\/div><!-- Section About Promo End -->[vc_empty_space height=&#8220;40px&#8220;]<div class=\"section \"  ><div class=\"widget-about-grid\"><div class=\"wrapper-inner\"><div class=\"widget-inner\"><div class=\"widget-item\"><h5>Privatstrand<\/h5><h2><\/h2>direkt mit dem Hotel verbunden<p><\/p><\/div><div class=\"widget-item\"><h5>Terrasse am Meer<\/h5><h2><\/h2>mit Pavillon und Liegen<p><\/p><\/div><div class=\"widget-item\"><h5>Restaurant<\/h5><h2><\/h2>Spezielles Men\u00fc f\u00fcr Kinder<p><\/p><\/div><\/div><\/div><\/div><\/div><div class=\"section \"  ><div class=\"widget-about-grid\"><div class=\"wrapper-inner\"><div class=\"widget-inner\"><div class=\"widget-item\"><h5>Bar<\/h5><h2><\/h2>Kaffee Zeit f\u00fcr eine Pause<p><\/p><\/div><div class=\"widget-item\"><h5>Parkplatz und Garage<\/h5><h2><\/h2> f\u00fcr unsere G\u00e4ste<p><\/p><\/div><div class=\"widget-item\"><h5>Meetingraum<\/h5><h2><\/h2>F\u00fcr Kongress<p><\/p><\/div><\/div><\/div><\/div><\/div><div class=\"section \"  ><div class=\"widget-about-grid\"><div class=\"wrapper-inner\"><div class=\"widget-inner\"><div class=\"widget-item\"><h5>Wellness<\/h5><h2><\/h2>Exklusive Spa-Pakete<p><\/p><\/div><div class=\"widget-item\"><h5>Outdoor Fitness<\/h5><h2><\/h2> mit Trainer<p><\/p><\/div><div class=\"widget-item\"><h5>Baby-Sitter<\/h5><h2><\/h2> auf Anfrage<p><\/p><\/div><\/div><\/div><\/div><\/div><div class=\"section \"  ><div class=\"widget-about-grid\"><div class=\"wrapper-inner\"><div class=\"widget-inner\"><div class=\"widget-item\"><h5>Happy Hour<\/h5><h2><\/h2>Zwei mal die Woche mit Life-Musik<p><\/p><\/div><div class=\"widget-item\"><h5>Information <\/h5><h2><\/h2>und Buchung von Ausfl\u00fcgen <p><\/p><\/div><div class=\"widget-item\"><h5><\/h5><h2><\/h2><p><\/p><\/div><\/div><\/div><\/div><\/div>[\/vc_column][\/vc_row]<\/p>\n","protected":false},"excerpt":{"rendered":"<p>[vc_row][vc_column][\/vc_column][\/vc_row][vc_row css=&#8220;.vc_custom_1478514262931{margin-top: -40px !important;margin-bottom: -50px !important;background-color: #ffffff !important;}&#8220;][vc_column][\/vc_column][\/vc_row][vc_row css=&#8220;.vc_custom_1479921681812{margin-top: -50px !important;padding-bottom: 30px !important;background-image: url(https:\/\/www.hotel-sabbiadoro.it\/wp-content\/uploads\/2016\/07\/coppia.jpg?id=492) !important;}&#8220; el_class=&#8220;lucanospaces&#8220;][vc_column][vc_empty_space height=&#8220;40px&#8220;][\/vc_column][\/vc_row]<\/p>\n","protected":false},"author":2,"featured_media":0,"parent":0,"menu_order":0,"comment_status":"closed","ping_status":"closed","template":"frontpage.php","meta":{"_expiration-date-status":"","_expiration-date":0,"_expiration-date-type":"","_expiration-date-categories":[],"_expiration-date-options":[]},"yoast_head":"<!-- This site is optimized with the Yoast SEO plugin v19.10 - https:\/\/yoast.com\/wordpress\/plugins\/seo\/ -->\n<title>Dienstleistungen - Hotel Sabbia d&#039;Oro<\/title>\n<meta name=\"robots\" content=\"index, follow, max-snippet:-1, max-image-preview:large, max-video-preview:-1\" \/>\n<link rel=\"canonical\" href=\"https:\/\/www.hotel-sabbiadoro.it\/de\/dienstleistungen\/\" \/>\n<meta property=\"og:locale\" content=\"de_DE\" \/>\n<meta property=\"og:type\" content=\"article\" \/>\n<meta property=\"og:title\" content=\"Dienstleistungen - Hotel Sabbia d&#039;Oro\" \/>\n<meta property=\"og:description\" content=\"[vc_row][vc_column][\/vc_column][\/vc_row][vc_row css=&#8220;.vc_custom_1478514262931{margin-top: -40px !important;margin-bottom: -50px !important;background-color: #ffffff !important;}&#8220;][vc_column][\/vc_column][\/vc_row][vc_row css=&#8220;.vc_custom_1479921681812{margin-top: -50px !important;padding-bottom: 30px !important;background-image: url(https:\/\/www.hotel-sabbiadoro.it\/wp-content\/uploads\/2016\/07\/coppia.jpg?id=492) !important;}&#8220; el_class=&#8220;lucanospaces&#8220;][vc_column][vc_empty_space height=&#8220;40px&#8220;][\/vc_column][\/vc_row]\" \/>\n<meta property=\"og:url\" content=\"https:\/\/www.hotel-sabbiadoro.it\/de\/dienstleistungen\/\" \/>\n<meta property=\"og:site_name\" content=\"Hotel Sabbia d&#039;Oro\" \/>\n<meta property=\"article:modified_time\" content=\"2025-09-18T09:49:27+00:00\" \/>\n<meta name=\"twitter:card\" content=\"summary_large_image\" \/>\n<meta name=\"twitter:label1\" content=\"Gesch\u00e4tzte Lesezeit\" \/>\n\t<meta name=\"twitter:data1\" content=\"1\u00a0Minute\" \/>\n<script type=\"application\/ld+json\" class=\"yoast-schema-graph\">{\"@context\":\"https:\/\/schema.org\",\"@graph\":[{\"@type\":\"WebPage\",\"@id\":\"https:\/\/www.hotel-sabbiadoro.it\/de\/dienstleistungen\/\",\"url\":\"https:\/\/www.hotel-sabbiadoro.it\/de\/dienstleistungen\/\",\"name\":\"Dienstleistungen - Hotel Sabbia d&#039;Oro\",\"isPartOf\":{\"@id\":\"https:\/\/www.hotel-sabbiadoro.it\/en\/#website\"},\"datePublished\":\"2017-02-22T15:34:22+00:00\",\"dateModified\":\"2025-09-18T09:49:27+00:00\",\"breadcrumb\":{\"@id\":\"https:\/\/www.hotel-sabbiadoro.it\/de\/dienstleistungen\/#breadcrumb\"},\"inLanguage\":\"de\",\"potentialAction\":[{\"@type\":\"ReadAction\",\"target\":[\"https:\/\/www.hotel-sabbiadoro.it\/de\/dienstleistungen\/\"]}]},{\"@type\":\"BreadcrumbList\",\"@id\":\"https:\/\/www.hotel-sabbiadoro.it\/de\/dienstleistungen\/#breadcrumb\",\"itemListElement\":[{\"@type\":\"ListItem\",\"position\":1,\"name\":\"Home\",\"item\":\"https:\/\/www.hotel-sabbiadoro.it\/de\/\"},{\"@type\":\"ListItem\",\"position\":2,\"name\":\"Dienstleistungen\"}]},{\"@type\":\"WebSite\",\"@id\":\"https:\/\/www.hotel-sabbiadoro.it\/en\/#website\",\"url\":\"https:\/\/www.hotel-sabbiadoro.it\/en\/\",\"name\":\"Hotel Sabbia d&#039;Oro\",\"description\":\"Hotel con Centro Benessere\",\"potentialAction\":[{\"@type\":\"SearchAction\",\"target\":{\"@type\":\"EntryPoint\",\"urlTemplate\":\"https:\/\/www.hotel-sabbiadoro.it\/en\/?s={search_term_string}\"},\"query-input\":\"required name=search_term_string\"}],\"inLanguage\":\"de\"}]}<\/script>\n<!-- \/ Yoast SEO plugin. -->","yoast_head_json":{"title":"Dienstleistungen - Hotel Sabbia d&#039;Oro","robots":{"index":"index","follow":"follow","max-snippet":"max-snippet:-1","max-image-preview":"max-image-preview:large","max-video-preview":"max-video-preview:-1"},"canonical":"https:\/\/www.hotel-sabbiadoro.it\/de\/dienstleistungen\/","og_locale":"de_DE","og_type":"article","og_title":"Dienstleistungen - Hotel Sabbia d&#039;Oro","og_description":"[vc_row][vc_column][\/vc_column][\/vc_row][vc_row css=&#8220;.vc_custom_1478514262931{margin-top: -40px !important;margin-bottom: -50px !important;background-color: #ffffff !important;}&#8220;][vc_column][\/vc_column][\/vc_row][vc_row css=&#8220;.vc_custom_1479921681812{margin-top: -50px !important;padding-bottom: 30px !important;background-image: url(https:\/\/www.hotel-sabbiadoro.it\/wp-content\/uploads\/2016\/07\/coppia.jpg?id=492) !important;}&#8220; el_class=&#8220;lucanospaces&#8220;][vc_column][vc_empty_space height=&#8220;40px&#8220;][\/vc_column][\/vc_row]","og_url":"https:\/\/www.hotel-sabbiadoro.it\/de\/dienstleistungen\/","og_site_name":"Hotel Sabbia d&#039;Oro","article_modified_time":"2025-09-18T09:49:27+00:00","twitter_card":"summary_large_image","twitter_misc":{"Gesch\u00e4tzte Lesezeit":"1\u00a0Minute"},"schema":{"@context":"https:\/\/schema.org","@graph":[{"@type":"WebPage","@id":"https:\/\/www.hotel-sabbiadoro.it\/de\/dienstleistungen\/","url":"https:\/\/www.hotel-sabbiadoro.it\/de\/dienstleistungen\/","name":"Dienstleistungen - Hotel Sabbia d&#039;Oro","isPartOf":{"@id":"https:\/\/www.hotel-sabbiadoro.it\/en\/#website"},"datePublished":"2017-02-22T15:34:22+00:00","dateModified":"2025-09-18T09:49:27+00:00","breadcrumb":{"@id":"https:\/\/www.hotel-sabbiadoro.it\/de\/dienstleistungen\/#breadcrumb"},"inLanguage":"de","potentialAction":[{"@type":"ReadAction","target":["https:\/\/www.hotel-sabbiadoro.it\/de\/dienstleistungen\/"]}]},{"@type":"BreadcrumbList","@id":"https:\/\/www.hotel-sabbiadoro.it\/de\/dienstleistungen\/#breadcrumb","itemListElement":[{"@type":"ListItem","position":1,"name":"Home","item":"https:\/\/www.hotel-sabbiadoro.it\/de\/"},{"@type":"ListItem","position":2,"name":"Dienstleistungen"}]},{"@type":"WebSite","@id":"https:\/\/www.hotel-sabbiadoro.it\/en\/#website","url":"https:\/\/www.hotel-sabbiadoro.it\/en\/","name":"Hotel Sabbia d&#039;Oro","description":"Hotel con Centro Benessere","potentialAction":[{"@type":"SearchAction","target":{"@type":"EntryPoint","urlTemplate":"https:\/\/www.hotel-sabbiadoro.it\/en\/?s={search_term_string}"},"query-input":"required name=search_term_string"}],"inLanguage":"de"}]}},"_links":{"self":[{"href":"https:\/\/www.hotel-sabbiadoro.it\/de\/wp-json\/wp\/v2\/pages\/986"}],"collection":[{"href":"https:\/\/www.hotel-sabbiadoro.it\/de\/wp-json\/wp\/v2\/pages"}],"about":[{"href":"https:\/\/www.hotel-sabbiadoro.it\/de\/wp-json\/wp\/v2\/types\/page"}],"author":[{"embeddable":true,"href":"https:\/\/www.hotel-sabbiadoro.it\/de\/wp-json\/wp\/v2\/users\/2"}],"replies":[{"embeddable":true,"href":"https:\/\/www.hotel-sabbiadoro.it\/de\/wp-json\/wp\/v2\/comments?post=986"}],"version-history":[{"count":1,"href":"https:\/\/www.hotel-sabbiadoro.it\/de\/wp-json\/wp\/v2\/pages\/986\/revisions"}],"predecessor-version":[{"id":30442,"href":"https:\/\/www.hotel-sabbiadoro.it\/de\/wp-json\/wp\/v2\/pages\/986\/revisions\/30442"}],"wp:attachment":[{"href":"https:\/\/www.hotel-sabbiadoro.it\/de\/wp-json\/wp\/v2\/media?parent=986"}],"curies":[{"name":"wp","href":"https:\/\/api.w.org\/{rel}","templated":true}]}}