{"id":977,"date":"2017-02-22T16:50:35","date_gmt":"2017-02-22T14:50:35","guid":{"rendered":"http:\/\/www.hotel-sabbiadoro.it\/de\/?page_id=977"},"modified":"2017-02-22T16:50:35","modified_gmt":"2017-02-22T14:50:35","slug":"san-vincenzo-4-sterne-hotel","status":"publish","type":"page","link":"https:\/\/www.hotel-sabbiadoro.it\/de\/san-vincenzo-4-sterne-hotel\/","title":{"rendered":"Zimmer"},"content":{"rendered":"<p>[vc_row grandium_select_container=&#8220;topandbottom&#8220; el_class=&#8220;lucanopadding&#8220;][vc_column]<!-- Section About Promo --><div class=\"section \"  ><div class=\"widget-about-promo\" data-background=\"\"><div class=\"wrapper-inner\"><div class=\"widget-inner\"><div class=\"row\"><div class=\"col-md-6\"><h5>MEERBLICK ZIMMER<\/h5><h2>San Vincenzo 4 Sterne Hotel<\/h2>Das Hotel hat Auswahl von verschiedenen Zimmertypen wie:<\/div><\/div><\/div><\/div><\/div><\/div><!-- Section About Promo End -->[\/vc_column][\/vc_row][vc_row grandium_select_container=&#8220;topandbottom&#8220; el_class=&#8220;lucanopadding&#8220;][vc_column]<!-- Section Rooms --><div class=\"section \" id=\"rooms\"><div class=\"wrapper-inner\"> <!-- Rooms List --><div class=\"widget-rooms-list\"><div class=\"rooms-item\"><div class=\"item-photo\"><a href=\"https:\/\/www.hotel-sabbiadoro.it\/de\/rooms\/matrimoniale-classic-piccola\/\" data-background=\"https:\/\/www.hotel-sabbiadoro.it\/wp-content\/uploads\/2019\/02\/P1070196-copia-600x600.jpg\"><\/a><\/div><div class=\"item-desc\"><h2><a href=\"https:\/\/www.hotel-sabbiadoro.it\/de\/rooms\/matrimoniale-classic-piccola\/\">Klassisches Doppelzimmer<\/a><\/h2><p>Klassisches Doppelzimmer von kleiner Gr\u00f6\u00dfe mit Balkon zum Meer Kleine Doppelzimmer, die mit Einfachheit und Harmonie eingerichtet sind und <\/p><div class=\"desc-features\"><ul> <\/ul><\/div><\/div><div class=\"item-price\"><div class=\"price-inner\"><h3>$ 200<\/h3><h4>$ 320<\/h4><h5>Per Night<\/h5><a href=\"https:\/\/www.hotel-sabbiadoro.it\/de\/rooms\/matrimoniale-classic-piccola\/\" class=\"btn\">Einzelheiten<\/a><\/div><\/div><\/div><div class=\"rooms-item\"><div class=\"item-photo\"><a href=\"https:\/\/www.hotel-sabbiadoro.it\/de\/rooms\/san-vincenzo-suite\/\" data-background=\"https:\/\/www.hotel-sabbiadoro.it\/wp-content\/uploads\/2016\/11\/IMG_4610-600x600.jpg\"><\/a><\/div><div class=\"item-desc\"><h2><a href=\"https:\/\/www.hotel-sabbiadoro.it\/de\/rooms\/san-vincenzo-suite\/\">Suite<\/a><\/h2><p>Suite Unsere Suiten sind mit einem Schlaf- und einem Wohnzimmer sowie mit 2 B\u00e4dern ausgesatten. Unsere G\u00e4sten genie\u00dfen somit alle Vorteile<\/p><div class=\"desc-features\"><ul><li><i class=\"fa fa-check\"><\/i> Klimaanlage<\/li><li><i class=\"fa fa-check\"><\/i> Heizung<\/li><li><i class=\"fa fa-check\"><\/i> Minibar<\/li><li><i class=\"fa fa-check\"><\/i> 2 LCD-Satelliten-TV<\/li><li><i class=\"fa fa-check\"><\/i> Telefon<\/li><li><i class=\"fa fa-check\"><\/i> Safe<\/li><li><i class=\"fa fa-check\"><\/i> Phon<\/li><li><i class=\"fa fa-check\"><\/i> WI-FI<\/li> <\/ul><\/div><\/div><div class=\"item-price\"><div class=\"price-inner\"><h3> <\/h3><h4> <\/h4><h5><\/h5><a href=\"https:\/\/www.hotel-sabbiadoro.it\/de\/rooms\/san-vincenzo-suite\/\" class=\"btn\">Einzelheiten<\/a><\/div><\/div><\/div><div class=\"rooms-item\"><div class=\"item-photo\"><a href=\"https:\/\/www.hotel-sabbiadoro.it\/de\/rooms\/san-vincenzo-junior-suite\/\" data-background=\"https:\/\/www.hotel-sabbiadoro.it\/wp-content\/uploads\/2016\/07\/JuniorSuite.Elegance.Suite_-600x600.jpg\"><\/a><\/div><div class=\"item-desc\"><h2><a href=\"https:\/\/www.hotel-sabbiadoro.it\/de\/rooms\/san-vincenzo-junior-suite\/\">JUNIOR SUITE<\/a><\/h2><p>JUNIOR SUITE Unsere Junior Suiten bestehen aus zwei miteinander verbundenen Doppelzimmer mit zwei separaten B\u00e4dern, daher sind sie ideal f\u00fc<\/p><div class=\"desc-features\"><ul><li><i class=\"fa fa-check\"><\/i> Klimaanlage<\/li><li><i class=\"fa fa-check\"><\/i> Minibar<\/li><li><i class=\"fa fa-check\"><\/i> 2 LCD-Satelliten-TV<\/li><li><i class=\"fa fa-check\"><\/i> Telefon<\/li><li><i class=\"fa fa-check\"><\/i> Safe<\/li><li><i class=\"fa fa-check\"><\/i> Phon<\/li><li><i class=\"fa fa-check\"><\/i> WI-FI<\/li> <\/ul><\/div><\/div><div class=\"item-price\"><div class=\"price-inner\"><h3> <\/h3><h4> <\/h4><h5><\/h5><a href=\"https:\/\/www.hotel-sabbiadoro.it\/de\/rooms\/san-vincenzo-junior-suite\/\" class=\"btn\">Einzelheiten<\/a><\/div><\/div><\/div><div class=\"rooms-item\"><div class=\"item-photo\"><a href=\"https:\/\/www.hotel-sabbiadoro.it\/de\/rooms\/san-vincenzo-doppelzimmer-elegance\/\" data-background=\"https:\/\/www.hotel-sabbiadoro.it\/wp-content\/uploads\/2016\/11\/DSCF8118-600x600.jpg\"><\/a><\/div><div class=\"item-desc\"><h2><a href=\"https:\/\/www.hotel-sabbiadoro.it\/de\/rooms\/san-vincenzo-doppelzimmer-elegance\/\">DOPPELZIMMER ELEGANCE<\/a><\/h2><p>DOPPELZIMMER ELEGANCE Die moderne und exklusive Zimmer in stillvollen Ambiente bieten Ihnen alles an, um Ihre Aufenthalt zu einen angenehmen <\/p><div class=\"desc-features\"><ul><li><i class=\"fa fa-check\"><\/i> Klimaanlage<\/li><li><i class=\"fa fa-check\"><\/i> Minibar<\/li><li><i class=\"fa fa-check\"><\/i> LCD-Satelliten-TV<\/li><li><i class=\"fa fa-check\"><\/i> Telefon<\/li><li><i class=\"fa fa-check\"><\/i> Digital Safe<\/li><li><i class=\"fa fa-check\"><\/i> Phon<\/li><li><i class=\"fa fa-check\"><\/i> WI-FI<\/li> <\/ul><\/div><\/div><div class=\"item-price\"><div class=\"price-inner\"><h3> <\/h3><h4> <\/h4><h5><\/h5><a href=\"https:\/\/www.hotel-sabbiadoro.it\/de\/rooms\/san-vincenzo-doppelzimmer-elegance\/\" class=\"btn\">Einzelheiten<\/a><\/div><\/div><\/div><div class=\"rooms-item\"><div class=\"item-photo\"><a href=\"https:\/\/www.hotel-sabbiadoro.it\/de\/rooms\/san-vincenzo-familienzimmer\/\" data-background=\"https:\/\/www.hotel-sabbiadoro.it\/wp-content\/uploads\/2016\/07\/1-600x600.jpg\"><\/a><\/div><div class=\"item-desc\"><h2><a href=\"https:\/\/www.hotel-sabbiadoro.it\/de\/rooms\/san-vincenzo-familienzimmer\/\">FAMILIENZIMMER<\/a><\/h2><p>FAMILIENZIMMER Unsere Familienzimmer sind geschmackvoll und komfortabel eingerichtet und eignen sich f\u00fcr Familien mit 3 Personen. Sie sind m<\/p><div class=\"desc-features\"><ul><li><i class=\"fa fa-check\"><\/i> Klimaanlage<\/li><li><i class=\"fa fa-check\"><\/i> Heizung<\/li><li><i class=\"fa fa-check\"><\/i> Minibar<\/li><li><i class=\"fa fa-check\"><\/i> LCD-Satelliten-TV<\/li><li><i class=\"fa fa-check\"><\/i> Telefon<\/li><li><i class=\"fa fa-check\"><\/i> Digital Safe<\/li><li><i class=\"fa fa-check\"><\/i> Phon<\/li><li><i class=\"fa fa-check\"><\/i> WI-FI<\/li> <\/ul><\/div><\/div><div class=\"item-price\"><div class=\"price-inner\"><h3> <\/h3><h4> <\/h4><h5><\/h5><a href=\"https:\/\/www.hotel-sabbiadoro.it\/de\/rooms\/san-vincenzo-familienzimmer\/\" class=\"btn\">Einzelheiten<\/a><\/div><\/div><\/div> <\/div><!-- Rooms List End --><!-- Pager --><div class=\"widget-pager\"> <\/div><!-- Pager End --> <\/div><\/div><!-- Section Rooms End -->[\/vc_column][\/vc_row]<\/p>\n","protected":false},"excerpt":{"rendered":"<p>[vc_row grandium_select_container=&#8220;topandbottom&#8220; el_class=&#8220;lucanopadding&#8220;][vc_column][\/vc_column][\/vc_row][vc_row grandium_select_container=&#8220;topandbottom&#8220; el_class=&#8220;lucanopadding&#8220;][vc_column][\/vc_column][\/vc_row]<\/p>\n","protected":false},"author":2,"featured_media":0,"parent":0,"menu_order":0,"comment_status":"closed","ping_status":"closed","template":"frontpage.php","meta":{"_expiration-date-status":"saved","_expiration-date":0,"_expiration-date-type":"","_expiration-date-categories":[],"_expiration-date-options":[]},"yoast_head":"<!-- This site is optimized with the Yoast SEO plugin v19.10 - https:\/\/yoast.com\/wordpress\/plugins\/seo\/ -->\n<title>Zimmer - Hotel Sabbia d&#039;Oro<\/title>\n<meta name=\"robots\" content=\"index, follow, max-snippet:-1, max-image-preview:large, max-video-preview:-1\" \/>\n<link rel=\"canonical\" href=\"https:\/\/www.hotel-sabbiadoro.it\/de\/san-vincenzo-4-sterne-hotel\/\" \/>\n<meta property=\"og:locale\" content=\"de_DE\" \/>\n<meta property=\"og:type\" content=\"article\" \/>\n<meta property=\"og:title\" content=\"Zimmer - Hotel Sabbia d&#039;Oro\" \/>\n<meta property=\"og:description\" content=\"[vc_row grandium_select_container=&#8220;topandbottom&#8220; el_class=&#8220;lucanopadding&#8220;][vc_column][\/vc_column][\/vc_row][vc_row grandium_select_container=&#8220;topandbottom&#8220; el_class=&#8220;lucanopadding&#8220;][vc_column][\/vc_column][\/vc_row]\" \/>\n<meta property=\"og:url\" content=\"https:\/\/www.hotel-sabbiadoro.it\/de\/san-vincenzo-4-sterne-hotel\/\" \/>\n<meta property=\"og:site_name\" content=\"Hotel Sabbia d&#039;Oro\" \/>\n<meta name=\"twitter:card\" content=\"summary_large_image\" \/>\n<script type=\"application\/ld+json\" class=\"yoast-schema-graph\">{\"@context\":\"https:\/\/schema.org\",\"@graph\":[{\"@type\":\"WebPage\",\"@id\":\"https:\/\/www.hotel-sabbiadoro.it\/de\/san-vincenzo-4-sterne-hotel\/\",\"url\":\"https:\/\/www.hotel-sabbiadoro.it\/de\/san-vincenzo-4-sterne-hotel\/\",\"name\":\"Zimmer - Hotel Sabbia d&#039;Oro\",\"isPartOf\":{\"@id\":\"https:\/\/www.hotel-sabbiadoro.it\/en\/#website\"},\"datePublished\":\"2017-02-22T14:50:35+00:00\",\"dateModified\":\"2017-02-22T14:50:35+00:00\",\"breadcrumb\":{\"@id\":\"https:\/\/www.hotel-sabbiadoro.it\/de\/san-vincenzo-4-sterne-hotel\/#breadcrumb\"},\"inLanguage\":\"de\",\"potentialAction\":[{\"@type\":\"ReadAction\",\"target\":[\"https:\/\/www.hotel-sabbiadoro.it\/de\/san-vincenzo-4-sterne-hotel\/\"]}]},{\"@type\":\"BreadcrumbList\",\"@id\":\"https:\/\/www.hotel-sabbiadoro.it\/de\/san-vincenzo-4-sterne-hotel\/#breadcrumb\",\"itemListElement\":[{\"@type\":\"ListItem\",\"position\":1,\"name\":\"Home\",\"item\":\"https:\/\/www.hotel-sabbiadoro.it\/de\/\"},{\"@type\":\"ListItem\",\"position\":2,\"name\":\"Zimmer\"}]},{\"@type\":\"WebSite\",\"@id\":\"https:\/\/www.hotel-sabbiadoro.it\/en\/#website\",\"url\":\"https:\/\/www.hotel-sabbiadoro.it\/en\/\",\"name\":\"Hotel Sabbia d&#039;Oro\",\"description\":\"Hotel con Centro Benessere\",\"potentialAction\":[{\"@type\":\"SearchAction\",\"target\":{\"@type\":\"EntryPoint\",\"urlTemplate\":\"https:\/\/www.hotel-sabbiadoro.it\/en\/?s={search_term_string}\"},\"query-input\":\"required name=search_term_string\"}],\"inLanguage\":\"de\"}]}<\/script>\n<!-- \/ Yoast SEO plugin. -->","yoast_head_json":{"title":"Zimmer - Hotel Sabbia d&#039;Oro","robots":{"index":"index","follow":"follow","max-snippet":"max-snippet:-1","max-image-preview":"max-image-preview:large","max-video-preview":"max-video-preview:-1"},"canonical":"https:\/\/www.hotel-sabbiadoro.it\/de\/san-vincenzo-4-sterne-hotel\/","og_locale":"de_DE","og_type":"article","og_title":"Zimmer - Hotel Sabbia d&#039;Oro","og_description":"[vc_row grandium_select_container=&#8220;topandbottom&#8220; el_class=&#8220;lucanopadding&#8220;][vc_column][\/vc_column][\/vc_row][vc_row grandium_select_container=&#8220;topandbottom&#8220; el_class=&#8220;lucanopadding&#8220;][vc_column][\/vc_column][\/vc_row]","og_url":"https:\/\/www.hotel-sabbiadoro.it\/de\/san-vincenzo-4-sterne-hotel\/","og_site_name":"Hotel Sabbia d&#039;Oro","twitter_card":"summary_large_image","schema":{"@context":"https:\/\/schema.org","@graph":[{"@type":"WebPage","@id":"https:\/\/www.hotel-sabbiadoro.it\/de\/san-vincenzo-4-sterne-hotel\/","url":"https:\/\/www.hotel-sabbiadoro.it\/de\/san-vincenzo-4-sterne-hotel\/","name":"Zimmer - Hotel Sabbia d&#039;Oro","isPartOf":{"@id":"https:\/\/www.hotel-sabbiadoro.it\/en\/#website"},"datePublished":"2017-02-22T14:50:35+00:00","dateModified":"2017-02-22T14:50:35+00:00","breadcrumb":{"@id":"https:\/\/www.hotel-sabbiadoro.it\/de\/san-vincenzo-4-sterne-hotel\/#breadcrumb"},"inLanguage":"de","potentialAction":[{"@type":"ReadAction","target":["https:\/\/www.hotel-sabbiadoro.it\/de\/san-vincenzo-4-sterne-hotel\/"]}]},{"@type":"BreadcrumbList","@id":"https:\/\/www.hotel-sabbiadoro.it\/de\/san-vincenzo-4-sterne-hotel\/#breadcrumb","itemListElement":[{"@type":"ListItem","position":1,"name":"Home","item":"https:\/\/www.hotel-sabbiadoro.it\/de\/"},{"@type":"ListItem","position":2,"name":"Zimmer"}]},{"@type":"WebSite","@id":"https:\/\/www.hotel-sabbiadoro.it\/en\/#website","url":"https:\/\/www.hotel-sabbiadoro.it\/en\/","name":"Hotel Sabbia d&#039;Oro","description":"Hotel con Centro Benessere","potentialAction":[{"@type":"SearchAction","target":{"@type":"EntryPoint","urlTemplate":"https:\/\/www.hotel-sabbiadoro.it\/en\/?s={search_term_string}"},"query-input":"required name=search_term_string"}],"inLanguage":"de"}]}},"_links":{"self":[{"href":"https:\/\/www.hotel-sabbiadoro.it\/de\/wp-json\/wp\/v2\/pages\/977"}],"collection":[{"href":"https:\/\/www.hotel-sabbiadoro.it\/de\/wp-json\/wp\/v2\/pages"}],"about":[{"href":"https:\/\/www.hotel-sabbiadoro.it\/de\/wp-json\/wp\/v2\/types\/page"}],"author":[{"embeddable":true,"href":"https:\/\/www.hotel-sabbiadoro.it\/de\/wp-json\/wp\/v2\/users\/2"}],"replies":[{"embeddable":true,"href":"https:\/\/www.hotel-sabbiadoro.it\/de\/wp-json\/wp\/v2\/comments?post=977"}],"version-history":[{"count":0,"href":"https:\/\/www.hotel-sabbiadoro.it\/de\/wp-json\/wp\/v2\/pages\/977\/revisions"}],"wp:attachment":[{"href":"https:\/\/www.hotel-sabbiadoro.it\/de\/wp-json\/wp\/v2\/media?parent=977"}],"curies":[{"name":"wp","href":"https:\/\/api.w.org\/{rel}","templated":true}]}}