{"id":968,"date":"2017-02-22T16:33:25","date_gmt":"2017-02-22T14:33:25","guid":{"rendered":"http:\/\/www.hotel-sabbiadoro.it\/de\/?page_id=968"},"modified":"2017-03-02T17:12:11","modified_gmt":"2017-03-02T15:12:11","slug":"wellnesszentrum","status":"publish","type":"page","link":"https:\/\/www.hotel-sabbiadoro.it\/de\/wellnesszentrum\/","title":{"rendered":"Wellnesszentrum"},"content":{"rendered":"<p>[vc_row][vc_column]<!-- Section About Promo --><div class=\"section \" id=\"about-section\" ><div class=\"widget-about-promo\" data-background=\"https:\/\/www.hotel-sabbiadoro.it\/wp-content\/uploads\/2016\/07\/spa.jpg\"><div class=\"wrapper-inner\"><div class=\"widget-inner\"><div class=\"row\"><div class=\"col-md-6\"><h5>SPA HOTEL<\/h5><h2>San Vincenzo Wellnesszentrum<\/h2>&#8222;Wir sorgen f\u00fcr Ihr Wohlbefinden&#8220;<\/p>\n<p>Mit diesem Motto empf\u00e4ngt das neue Wellness Center des Hotel Sabbia d\u2019Oro seine G\u00e4ste, f\u00fcr die ein Wellness Programm (T\u00fcrkisches Bad, Sauna, Wasserstrahlmassage, Emotionale Dusche und ein Relax-Bereich mit einer Kr\u00e4utertee-Ecke) ab 2 \u00dcbernachtungen im Preis enthalten ist.<\/p>\n<p>Sie k\u00f6nnen die regenerierende Kraft des T\u00fcrkischen Bades oder der Finnischen Sauna erleben und K\u00f6rper und Geist anschlie\u00dfend mit einer Wasserstrahlmassage oder mit einer emotionalen Dusche verw\u00f6hnen, welche die wohltuende Wirkung von D\u00fcften und Essenzen mit den stimulierenden Effekten der Farbtherapie vereint.<\/div><\/div><\/div><\/div><\/div><\/div><!-- Section About Promo End -->[\/vc_column][\/vc_row][vc_row css=&#8220;.vc_custom_1478514243251{margin-top: -50px !important;}&#8220;][vc_column]<!-- Section Gallery --><div class=\"section \" ><div class=\"widget-gallery-carousel\"><div class=\"wrapper-full-inner\"><!-- Gallery Title --><div class=\"widget-title\"><h5><\/h5><h2><\/h2><p><\/p><\/div><!-- Gallery Title End --><!-- Gallery Carousel --><div class=\"widget-carousel owl-carousel owl-theme\"><div class=\"gallery-item\"><a href=\"https:\/\/www.hotel-sabbiadoro.it\/wp-content\/uploads\/2016\/07\/Senzanome3.png\" data-background=\"https:\/\/www.hotel-sabbiadoro.it\/wp-content\/uploads\/2016\/07\/Senzanome3.png\" title=\"Wellnesszentrum\" class=\"grandium-popup-gallery\"> <\/a><\/div><div class=\"gallery-item\"><a href=\"https:\/\/www.hotel-sabbiadoro.it\/wp-content\/uploads\/2016\/07\/Senzanome1.png\" data-background=\"https:\/\/www.hotel-sabbiadoro.it\/wp-content\/uploads\/2016\/07\/Senzanome1.png\" title=\"Wellnesszentrum\" class=\"grandium-popup-gallery\"> <\/a><\/div><div class=\"gallery-item\"><a href=\"https:\/\/www.hotel-sabbiadoro.it\/wp-content\/uploads\/2016\/07\/IMG_4723.jpg\" data-background=\"https:\/\/www.hotel-sabbiadoro.it\/wp-content\/uploads\/2016\/07\/IMG_4723.jpg\" title=\"Wellnesszentrum\" class=\"grandium-popup-gallery\"> <\/a><\/div><div class=\"gallery-item\"><a href=\"https:\/\/www.hotel-sabbiadoro.it\/wp-content\/uploads\/2016\/07\/IMG_4672.jpg\" data-background=\"https:\/\/www.hotel-sabbiadoro.it\/wp-content\/uploads\/2016\/07\/IMG_4672.jpg\" title=\"Wellnesszentrum\" class=\"grandium-popup-gallery\"> <\/a><\/div><div class=\"gallery-item\"><a href=\"https:\/\/www.hotel-sabbiadoro.it\/wp-content\/uploads\/2016\/07\/Wellness-Center.jpg\" data-background=\"https:\/\/www.hotel-sabbiadoro.it\/wp-content\/uploads\/2016\/07\/Wellness-Center.jpg\" title=\"Wellnesszentrum\" class=\"grandium-popup-gallery\"> <\/a><\/div><div class=\"gallery-item\"><a href=\"https:\/\/www.hotel-sabbiadoro.it\/wp-content\/uploads\/2016\/07\/Senzanome4.png\" data-background=\"https:\/\/www.hotel-sabbiadoro.it\/wp-content\/uploads\/2016\/07\/Senzanome4.png\" title=\"Wellnesszentrum\" class=\"grandium-popup-gallery\"> <\/a><\/div><div class=\"gallery-item\"><a href=\"https:\/\/www.hotel-sabbiadoro.it\/wp-content\/uploads\/2016\/07\/Senzanome2.png\" data-background=\"https:\/\/www.hotel-sabbiadoro.it\/wp-content\/uploads\/2016\/07\/Senzanome2.png\" title=\"Wellnesszentrum\" class=\"grandium-popup-gallery\"> <\/a><\/div><\/div><!-- Gallery Carousel End --><\/div><\/div><\/div><!-- Section Gallery End -->[\/vc_column][\/vc_row]<\/p>\n","protected":false},"excerpt":{"rendered":"<p>[vc_row][vc_column][\/vc_column][\/vc_row][vc_row css=&#8220;.vc_custom_1478514243251{margin-top: -50px !important;}&#8220;][vc_column][\/vc_column][\/vc_row]<\/p>\n","protected":false},"author":2,"featured_media":0,"parent":0,"menu_order":0,"comment_status":"closed","ping_status":"closed","template":"frontpage.php","meta":{"_expiration-date-status":"saved","_expiration-date":0,"_expiration-date-type":"","_expiration-date-categories":[],"_expiration-date-options":[]},"yoast_head":"<!-- This site is optimized with the Yoast SEO plugin v19.10 - https:\/\/yoast.com\/wordpress\/plugins\/seo\/ -->\n<title>Wellnesszentrum - Hotel Sabbia d&#039;Oro<\/title>\n<meta name=\"robots\" content=\"index, follow, max-snippet:-1, max-image-preview:large, max-video-preview:-1\" \/>\n<link rel=\"canonical\" href=\"https:\/\/www.hotel-sabbiadoro.it\/de\/wellnesszentrum\/\" \/>\n<meta property=\"og:locale\" content=\"de_DE\" \/>\n<meta property=\"og:type\" content=\"article\" \/>\n<meta property=\"og:title\" content=\"Wellnesszentrum - Hotel Sabbia d&#039;Oro\" \/>\n<meta property=\"og:description\" content=\"[vc_row][vc_column][\/vc_column][\/vc_row][vc_row css=&#8220;.vc_custom_1478514243251{margin-top: -50px !important;}&#8220;][vc_column][\/vc_column][\/vc_row]\" \/>\n<meta property=\"og:url\" content=\"https:\/\/www.hotel-sabbiadoro.it\/de\/wellnesszentrum\/\" \/>\n<meta property=\"og:site_name\" content=\"Hotel Sabbia d&#039;Oro\" \/>\n<meta property=\"article:modified_time\" content=\"2017-03-02T15:12:11+00:00\" \/>\n<meta name=\"twitter:card\" content=\"summary_large_image\" \/>\n<meta name=\"twitter:label1\" content=\"Gesch\u00e4tzte Lesezeit\" \/>\n\t<meta name=\"twitter:data1\" content=\"1\u00a0Minute\" \/>\n<script type=\"application\/ld+json\" class=\"yoast-schema-graph\">{\"@context\":\"https:\/\/schema.org\",\"@graph\":[{\"@type\":\"WebPage\",\"@id\":\"https:\/\/www.hotel-sabbiadoro.it\/de\/wellnesszentrum\/\",\"url\":\"https:\/\/www.hotel-sabbiadoro.it\/de\/wellnesszentrum\/\",\"name\":\"Wellnesszentrum - Hotel Sabbia d&#039;Oro\",\"isPartOf\":{\"@id\":\"https:\/\/www.hotel-sabbiadoro.it\/en\/#website\"},\"datePublished\":\"2017-02-22T14:33:25+00:00\",\"dateModified\":\"2017-03-02T15:12:11+00:00\",\"breadcrumb\":{\"@id\":\"https:\/\/www.hotel-sabbiadoro.it\/de\/wellnesszentrum\/#breadcrumb\"},\"inLanguage\":\"de\",\"potentialAction\":[{\"@type\":\"ReadAction\",\"target\":[\"https:\/\/www.hotel-sabbiadoro.it\/de\/wellnesszentrum\/\"]}]},{\"@type\":\"BreadcrumbList\",\"@id\":\"https:\/\/www.hotel-sabbiadoro.it\/de\/wellnesszentrum\/#breadcrumb\",\"itemListElement\":[{\"@type\":\"ListItem\",\"position\":1,\"name\":\"Home\",\"item\":\"https:\/\/www.hotel-sabbiadoro.it\/de\/\"},{\"@type\":\"ListItem\",\"position\":2,\"name\":\"Wellnesszentrum\"}]},{\"@type\":\"WebSite\",\"@id\":\"https:\/\/www.hotel-sabbiadoro.it\/en\/#website\",\"url\":\"https:\/\/www.hotel-sabbiadoro.it\/en\/\",\"name\":\"Hotel Sabbia d&#039;Oro\",\"description\":\"Hotel con Centro Benessere\",\"potentialAction\":[{\"@type\":\"SearchAction\",\"target\":{\"@type\":\"EntryPoint\",\"urlTemplate\":\"https:\/\/www.hotel-sabbiadoro.it\/en\/?s={search_term_string}\"},\"query-input\":\"required name=search_term_string\"}],\"inLanguage\":\"de\"}]}<\/script>\n<!-- \/ Yoast SEO plugin. -->","yoast_head_json":{"title":"Wellnesszentrum - Hotel Sabbia d&#039;Oro","robots":{"index":"index","follow":"follow","max-snippet":"max-snippet:-1","max-image-preview":"max-image-preview:large","max-video-preview":"max-video-preview:-1"},"canonical":"https:\/\/www.hotel-sabbiadoro.it\/de\/wellnesszentrum\/","og_locale":"de_DE","og_type":"article","og_title":"Wellnesszentrum - Hotel Sabbia d&#039;Oro","og_description":"[vc_row][vc_column][\/vc_column][\/vc_row][vc_row css=&#8220;.vc_custom_1478514243251{margin-top: -50px !important;}&#8220;][vc_column][\/vc_column][\/vc_row]","og_url":"https:\/\/www.hotel-sabbiadoro.it\/de\/wellnesszentrum\/","og_site_name":"Hotel Sabbia d&#039;Oro","article_modified_time":"2017-03-02T15:12:11+00:00","twitter_card":"summary_large_image","twitter_misc":{"Gesch\u00e4tzte Lesezeit":"1\u00a0Minute"},"schema":{"@context":"https:\/\/schema.org","@graph":[{"@type":"WebPage","@id":"https:\/\/www.hotel-sabbiadoro.it\/de\/wellnesszentrum\/","url":"https:\/\/www.hotel-sabbiadoro.it\/de\/wellnesszentrum\/","name":"Wellnesszentrum - Hotel Sabbia d&#039;Oro","isPartOf":{"@id":"https:\/\/www.hotel-sabbiadoro.it\/en\/#website"},"datePublished":"2017-02-22T14:33:25+00:00","dateModified":"2017-03-02T15:12:11+00:00","breadcrumb":{"@id":"https:\/\/www.hotel-sabbiadoro.it\/de\/wellnesszentrum\/#breadcrumb"},"inLanguage":"de","potentialAction":[{"@type":"ReadAction","target":["https:\/\/www.hotel-sabbiadoro.it\/de\/wellnesszentrum\/"]}]},{"@type":"BreadcrumbList","@id":"https:\/\/www.hotel-sabbiadoro.it\/de\/wellnesszentrum\/#breadcrumb","itemListElement":[{"@type":"ListItem","position":1,"name":"Home","item":"https:\/\/www.hotel-sabbiadoro.it\/de\/"},{"@type":"ListItem","position":2,"name":"Wellnesszentrum"}]},{"@type":"WebSite","@id":"https:\/\/www.hotel-sabbiadoro.it\/en\/#website","url":"https:\/\/www.hotel-sabbiadoro.it\/en\/","name":"Hotel Sabbia d&#039;Oro","description":"Hotel con Centro Benessere","potentialAction":[{"@type":"SearchAction","target":{"@type":"EntryPoint","urlTemplate":"https:\/\/www.hotel-sabbiadoro.it\/en\/?s={search_term_string}"},"query-input":"required name=search_term_string"}],"inLanguage":"de"}]}},"_links":{"self":[{"href":"https:\/\/www.hotel-sabbiadoro.it\/de\/wp-json\/wp\/v2\/pages\/968"}],"collection":[{"href":"https:\/\/www.hotel-sabbiadoro.it\/de\/wp-json\/wp\/v2\/pages"}],"about":[{"href":"https:\/\/www.hotel-sabbiadoro.it\/de\/wp-json\/wp\/v2\/types\/page"}],"author":[{"embeddable":true,"href":"https:\/\/www.hotel-sabbiadoro.it\/de\/wp-json\/wp\/v2\/users\/2"}],"replies":[{"embeddable":true,"href":"https:\/\/www.hotel-sabbiadoro.it\/de\/wp-json\/wp\/v2\/comments?post=968"}],"version-history":[{"count":0,"href":"https:\/\/www.hotel-sabbiadoro.it\/de\/wp-json\/wp\/v2\/pages\/968\/revisions"}],"wp:attachment":[{"href":"https:\/\/www.hotel-sabbiadoro.it\/de\/wp-json\/wp\/v2\/media?parent=968"}],"curies":[{"name":"wp","href":"https:\/\/api.w.org\/{rel}","templated":true}]}}