{"id":966,"date":"2017-02-22T16:29:39","date_gmt":"2017-02-22T14:29:39","guid":{"rendered":"http:\/\/www.hotel-sabbiadoro.it\/de\/?page_id=966"},"modified":"2025-09-18T09:30:29","modified_gmt":"2025-09-18T07:30:29","slug":"kontakte","status":"publish","type":"page","link":"https:\/\/www.hotel-sabbiadoro.it\/de\/kontakte\/","title":{"rendered":"Kontakte"},"content":{"rendered":"<p>[vc_row grandium_select_container=&#8220;topandbottom&#8220;][vc_column]<!-- Section Contact --><div class=\"section \" ><div class=\"wrapper-inner\"><div class=\"row\"><div class=\"col-lg-6\"><!-- Contact Info --><div class=\"widget-contact-info\"><ul><li><h5>Hotel Sabbia d'Oro<\/h5><ul><li>Telefonnummer: +39 0565 701332<\/li><li>Fax: +39 0565 701575<\/li><li><a href=\"mailto:Mail: info@hotel-sabbiadoro.it\">Mail: info@hotel-sabbiadoro.it<\/a><\/li> <\/ul><\/li><li><h5>Wo wir sind<\/h5><ul><li>Via della Repubblica 38 - 57027 San Vincenzo (LI)<\/li><li>Koordinaten: 43.086672, 10.537782<\/li><\/ul><\/li><li><h5>CIN IT049018A16IGRA7KX<\/h5><ul><\/ul><\/li><\/ul><\/div><!-- Contact Info End --><\/div> <div class=\"col-lg-6\"><!-- Contact Form --><div class=\"widget-contact-form\"><h5>Anfrage Verf\u00fcgbarkeit<\/h5><p>F\u00fcr weitere Details \u00fcber unsere Preise und Angebote f\u00fcr Urlaub f\u00fcllen Sie das untenstehende Formular aus<\/p><div class=\"data-form\"><div role=\"form\" class=\"wpcf7\" id=\"wpcf7-f1024-o1\" lang=\"en-US\" dir=\"ltr\">\n<div class=\"screen-reader-response\"><p role=\"status\" aria-live=\"polite\" aria-atomic=\"true\"><\/p> <ul><\/ul><\/div>\n<form action=\"\/de\/wp-json\/wp\/v2\/pages\/966#wpcf7-f1024-o1\" method=\"post\" class=\"wpcf7-form init wpcf7-acceptance-as-validation\" novalidate=\"novalidate\" data-status=\"init\">\n<div style=\"display: none;\">\n<input type=\"hidden\" name=\"_wpcf7\" value=\"1024\" \/>\n<input type=\"hidden\" name=\"_wpcf7_version\" value=\"5.6.4\" \/>\n<input type=\"hidden\" name=\"_wpcf7_locale\" value=\"en_US\" \/>\n<input type=\"hidden\" name=\"_wpcf7_unit_tag\" value=\"wpcf7-f1024-o1\" \/>\n<input type=\"hidden\" name=\"_wpcf7_container_post\" value=\"0\" \/>\n<input type=\"hidden\" name=\"_wpcf7_posted_data_hash\" value=\"\" \/>\n<input type=\"hidden\" name=\"_wpcf7cf_hidden_group_fields\" value=\"[]\" \/>\n<input type=\"hidden\" name=\"_wpcf7cf_hidden_groups\" value=\"[]\" \/>\n<input type=\"hidden\" name=\"_wpcf7cf_visible_groups\" value=\"[]\" \/>\n<input type=\"hidden\" name=\"_wpcf7cf_repeaters\" value=\"[]\" \/>\n<input type=\"hidden\" name=\"_wpcf7cf_steps\" value=\"{}\" \/>\n<input type=\"hidden\" name=\"_wpcf7cf_options\" value=\"{&quot;form_id&quot;:1024,&quot;conditions&quot;:[{&quot;then_field&quot;:&quot;bambini6&quot;,&quot;and_rules&quot;:[{&quot;if_field&quot;:&quot;bambini&quot;,&quot;operator&quot;:&quot;equals&quot;,&quot;if_value&quot;:&quot;6&quot;}]},{&quot;then_field&quot;:&quot;bambini5&quot;,&quot;and_rules&quot;:[{&quot;if_field&quot;:&quot;bambini&quot;,&quot;operator&quot;:&quot;equals&quot;,&quot;if_value&quot;:&quot;5&quot;}]},{&quot;then_field&quot;:&quot;bambini4&quot;,&quot;and_rules&quot;:[{&quot;if_field&quot;:&quot;bambini&quot;,&quot;operator&quot;:&quot;equals&quot;,&quot;if_value&quot;:&quot;4&quot;}]},{&quot;then_field&quot;:&quot;bambini3&quot;,&quot;and_rules&quot;:[{&quot;if_field&quot;:&quot;bambini&quot;,&quot;operator&quot;:&quot;equals&quot;,&quot;if_value&quot;:&quot;3&quot;}]},{&quot;then_field&quot;:&quot;bambini2&quot;,&quot;and_rules&quot;:[{&quot;if_field&quot;:&quot;bambini&quot;,&quot;operator&quot;:&quot;equals&quot;,&quot;if_value&quot;:&quot;2&quot;}]},{&quot;then_field&quot;:&quot;bambini1&quot;,&quot;and_rules&quot;:[{&quot;if_field&quot;:&quot;bambini&quot;,&quot;operator&quot;:&quot;equals&quot;,&quot;if_value&quot;:&quot;1&quot;}]}],&quot;settings&quot;:{&quot;animation&quot;:&quot;yes&quot;,&quot;animation_intime&quot;:200,&quot;animation_outtime&quot;:200,&quot;conditions_ui&quot;:&quot;normal&quot;,&quot;notice_dismissed&quot;:false}}\" \/>\n<input type=\"hidden\" name=\"_wpcf7_recaptcha_response\" value=\"\" \/>\n<\/div>\n<div class=\"row\">\n<div class=\"col-md-6\">\n\t\t<span class=\"wpcf7-form-control-wrap\" data-name=\"your-name\"><input type=\"text\" name=\"your-name\" value=\"\" size=\"40\" class=\"wpcf7-form-control wpcf7-text wpcf7-validates-as-required\" aria-required=\"true\" aria-invalid=\"false\" placeholder=\"Name *\" \/><\/span>\n\t<\/div>\n<div class=\"col-md-6\">\n\t\t<span class=\"wpcf7-form-control-wrap\" data-name=\"your-surname\"><input type=\"text\" name=\"your-surname\" value=\"\" size=\"40\" class=\"wpcf7-form-control wpcf7-text wpcf7-validates-as-required\" aria-required=\"true\" aria-invalid=\"false\" placeholder=\"Familien-oder Nachname *\" \/><\/span>\n\t<\/div>\n<div class=\"col-md-6\">\n\t\t<span class=\"wpcf7-form-control-wrap\" data-name=\"your-email\"><input type=\"email\" name=\"your-email\" value=\"\" size=\"40\" class=\"wpcf7-form-control wpcf7-text wpcf7-email wpcf7-validates-as-required wpcf7-validates-as-email\" aria-required=\"true\" aria-invalid=\"false\" placeholder=\"E-Mail-Addresse *\" \/><\/span>\n\t<\/div>\n<div class=\"col-md-6\">\n\t\t<span class=\"wpcf7-form-control-wrap\" data-name=\"your-phone\"><input type=\"text\" name=\"your-phone\" value=\"\" size=\"40\" class=\"wpcf7-form-control wpcf7-text\" aria-invalid=\"false\" placeholder=\"Telefonnummer\" \/><\/span>\n\t<\/div>\n<div class=\"col-md-6\">\n<span class=\"wpcf7-form-control-wrap\" data-name=\"your-arrivo\"><input type=\"date\" name=\"your-arrivo\" value=\"\" class=\"wpcf7-form-control wpcf7-date wpcf7-validates-as-date\" id=\"checkin\" aria-invalid=\"false\" placeholder=\"Check In Date\" \/><\/span>\n\t<\/div>\n<div class=\"col-md-6\">\n<span class=\"wpcf7-form-control-wrap\" data-name=\"your-partenza\"><input type=\"date\" name=\"your-partenza\" value=\"\" class=\"wpcf7-form-control wpcf7-date wpcf7-validates-as-date\" id=\"checkout\" aria-invalid=\"false\" placeholder=\"Check Out Date\" \/><\/span>\n\t<\/div>\n<div class=\"col-md-6\">\n\t\tErwachsene<br \/><span class=\"wpcf7-form-control-wrap\" data-name=\"adulti\"><select name=\"adulti\" class=\"wpcf7-form-control wpcf7-select\" aria-invalid=\"false\"><option value=\"1\">1<\/option><option value=\"2\">2<\/option><option value=\"3\">3<\/option><option value=\"4\">4<\/option><option value=\"5\">5<\/option><option value=\"6\">6<\/option><option value=\"7\">7<\/option><option value=\"8\">8<\/option><option value=\"9\">9<\/option><option value=\"10\">10<\/option><\/select><\/span>\n\t<\/div>\n<div class=\"col-md-6\">\n\t\tKinder<br \/><span class=\"wpcf7-form-control-wrap\" data-name=\"bambini\"><select name=\"bambini\" class=\"wpcf7-form-control wpcf7-select\" aria-invalid=\"false\"><option value=\"0\">0<\/option><option value=\"1\">1<\/option><option value=\"2\">2<\/option><option value=\"3\">3<\/option><option value=\"4\">4<\/option><option value=\"5\">5<\/option><option value=\"6\">6<\/option><\/select><\/span>\n\t<\/div>\n<div class=\"row\">\n<div data-id=\"bambini1\" data-orig_data_id=\"bambini1\"  data-class=\"wpcf7cf_group\">\n<div class=\"col-md-4\">\n\t\t<span class=\"wpcf7-form-control-wrap\" data-name=\"etabambini1\"><select name=\"etabambini1\" class=\"wpcf7-form-control wpcf7-select\" aria-invalid=\"false\"><option value=\"Kind 1 Alter\">Kind 1 Alter<\/option><option value=\"1\">1<\/option><option value=\"2\">2<\/option><option value=\"3\">3<\/option><option value=\"4\">4<\/option><option value=\"5\">5<\/option><option value=\"6\">6<\/option><option value=\"7\">7<\/option><option value=\"8\">8<\/option><option value=\"9\">9<\/option><option value=\"10\">10<\/option><option value=\"11\">11<\/option><option value=\"12\">12<\/option><option value=\"13\">13<\/option><option value=\"14\">14<\/option><option value=\"15\">15<\/option><option value=\"16\">16<\/option><option value=\"17\">17<\/option><\/select><\/span>\n\t<\/div>\n<div data-id=\"bambini2\" data-orig_data_id=\"bambini2\"  data-class=\"wpcf7cf_group\">\n<div class=\"col-md-4\">\n\t\t\t<span class=\"wpcf7-form-control-wrap\" data-name=\"etabambini2\"><select name=\"etabambini2\" class=\"wpcf7-form-control wpcf7-select\" aria-invalid=\"false\"><option value=\"Kind 2 Alter\">Kind 2 Alter<\/option><option value=\"1\">1<\/option><option value=\"2\">2<\/option><option value=\"3\">3<\/option><option value=\"4\">4<\/option><option value=\"5\">5<\/option><option value=\"6\">6<\/option><option value=\"7\">7<\/option><option value=\"8\">8<\/option><option value=\"9\">9<\/option><option value=\"10\">10<\/option><option value=\"11\">11<\/option><option value=\"12\">12<\/option><option value=\"13\">13<\/option><option value=\"14\">14<\/option><option value=\"15\">15<\/option><option value=\"16\">16<\/option><option value=\"17\">17<\/option><\/select><\/span>\n\t\t<\/div>\n<div data-id=\"bambini3\" data-orig_data_id=\"bambini3\"  data-class=\"wpcf7cf_group\">\n<div class=\"col-md-4\">\n\t\t\t\t<span class=\"wpcf7-form-control-wrap\" data-name=\"etabambini3\"><select name=\"etabambini3\" class=\"wpcf7-form-control wpcf7-select\" aria-invalid=\"false\"><option value=\"Kind 3 Alter\">Kind 3 Alter<\/option><option value=\"1\">1<\/option><option value=\"2\">2<\/option><option value=\"3\">3<\/option><option value=\"4\">4<\/option><option value=\"5\">5<\/option><option value=\"6\">6<\/option><option value=\"7\">7<\/option><option value=\"8\">8<\/option><option value=\"9\">9<\/option><option value=\"10\">10<\/option><option value=\"11\">11<\/option><option value=\"12\">12<\/option><option value=\"13\">13<\/option><option value=\"14\">14<\/option><option value=\"15\">15<\/option><option value=\"16\">16<\/option><option value=\"17\">17<\/option><\/select><\/span>\n\t\t\t<\/div>\n<div data-id=\"bambini4\" data-orig_data_id=\"bambini4\"  data-class=\"wpcf7cf_group\">\n<div class=\"col-md-4\">\n\t\t\t\t\t<span class=\"wpcf7-form-control-wrap\" data-name=\"etabambini4\"><select name=\"etabambini4\" class=\"wpcf7-form-control wpcf7-select\" aria-invalid=\"false\"><option value=\"Kind 4 Alter\">Kind 4 Alter<\/option><option value=\"1\">1<\/option><option value=\"2\">2<\/option><option value=\"3\">3<\/option><option value=\"4\">4<\/option><option value=\"5\">5<\/option><option value=\"6\">6<\/option><option value=\"7\">7<\/option><option value=\"8\">8<\/option><option value=\"9\">9<\/option><option value=\"10\">10<\/option><option value=\"11\">11<\/option><option value=\"12\">12<\/option><option value=\"13\">13<\/option><option value=\"14\">14<\/option><option value=\"15\">15<\/option><option value=\"16\">16<\/option><option value=\"17\">17<\/option><\/select><\/span>\n\t\t\t\t<\/div>\n<div data-id=\"bambini5\" data-orig_data_id=\"bambini5\"  data-class=\"wpcf7cf_group\">\n<div class=\"col-md-4\">\n\t\t\t\t\t\t<span class=\"wpcf7-form-control-wrap\" data-name=\"etabambini5\"><select name=\"etabambini5\" class=\"wpcf7-form-control wpcf7-select\" aria-invalid=\"false\"><option value=\"Kind 5 Alter\">Kind 5 Alter<\/option><option value=\"1\">1<\/option><option value=\"2\">2<\/option><option value=\"3\">3<\/option><option value=\"4\">4<\/option><option value=\"5\">5<\/option><option value=\"6\">6<\/option><option value=\"7\">7<\/option><option value=\"8\">8<\/option><option value=\"9\">9<\/option><option value=\"10\">10<\/option><option value=\"11\">11<\/option><option value=\"12\">12<\/option><option value=\"13\">13<\/option><option value=\"14\">14<\/option><option value=\"15\">15<\/option><option value=\"16\">16<\/option><option value=\"17\">17<\/option><\/select><\/span>\n\t\t\t\t\t<\/div>\n<div data-id=\"bambini6\" data-orig_data_id=\"bambini6\"  data-class=\"wpcf7cf_group\">\n<div class=\"col-md-4\">\n\t\t\t\t\t\t\t<span class=\"wpcf7-form-control-wrap\" data-name=\"etabambini6\"><select name=\"etabambini6\" class=\"wpcf7-form-control wpcf7-select\" aria-invalid=\"false\"><option value=\"Kind 6 Alter\">Kind 6 Alter<\/option><option value=\"1\">1<\/option><option value=\"2\">2<\/option><option value=\"3\">3<\/option><option value=\"4\">4<\/option><option value=\"5\">5<\/option><option value=\"6\">6<\/option><option value=\"7\">7<\/option><option value=\"8\">8<\/option><option value=\"9\">9<\/option><option value=\"10\">10<\/option><option value=\"11\">11<\/option><option value=\"12\">12<\/option><option value=\"13\">13<\/option><option value=\"14\">14<\/option><option value=\"15\">15<\/option><option value=\"16\">16<\/option><option value=\"17\">17<\/option><\/select><\/span>\n\t\t\t\t\t\t<\/div>\n<\/div>\n<\/div>\n<\/div>\n<\/div>\n<\/div>\n<\/div>\n<\/div>\n<div class=\"col-md-12\">\n\t\t<span class=\"wpcf7-form-control-wrap\" data-name=\"your-message\"><textarea name=\"your-message\" cols=\"40\" rows=\"10\" class=\"wpcf7-form-control wpcf7-textarea form-textarea\" aria-invalid=\"false\" placeholder=\"Nachricht\"><\/textarea><\/span><\/textarea>\n\t<\/div>\n<div class=\"col-md-6\">\n<p class=\"note\">* Ben\u00f6tigte Felder<\/p>\n<\/div>\n<p><span class=\"wpcf7-form-control-wrap\" data-name=\"acceptance-305\"><span class=\"wpcf7-form-control wpcf7-acceptance\"><span class=\"wpcf7-list-item\"><label><input type=\"checkbox\" name=\"acceptance-305\" value=\"1\" aria-invalid=\"false\" \/><span class=\"wpcf7-list-item-label\">Ich erm\u00e4chtige die Website, meine Daten zu verwalten, um auf meine Anfrage zu antworten. Die Daten werden m\u00f6glicherweise auf dieser Website gespeichert, k\u00f6nnen aber m\u00f6glicherweise wie auf der Seite <a href=\"\/privacy\/\"> Datenschutz <\/a> beschrieben gel\u00f6scht werden<\/span><\/label><\/span><\/span><\/span><\/p>\n<div class=\"col-md-6 align-right\">\n\t\t<input type=\"submit\" value=\"Anfrage senden\" class=\"wpcf7-form-control has-spinner wpcf7-submit btn\" \/>\n\t<\/div>\n<\/div>\n<div class=\"wpcf7-response-output\" aria-hidden=\"true\"><\/div><\/form><\/div><\/div><\/div> <!-- Contact Form End --> <\/div><div class=\"col-lg-12\"><!-- Contact Review --><div class=\"widget-contact-review\"><div class=\"row\"><div class=\"col-lg-3 col-md-6 col-sm-6\"><div class=\"review-item\"><div class=\"item-inner\"><a href=\"https:\/\/www.facebook.com\/pages\/Hotel-Sabbia-dOro\/312873632098251\" target=\" _blank\"><i class=\"fa fa-facebook\"><\/i> <\/a><\/div> <\/div><\/div><div class=\"col-lg-3 col-md-6 col-sm-6\"><div class=\"review-item\"><div class=\"item-inner\"><a href=\"https:\/\/twitter.com\/HotelSabbiadOro\" target=\" _blank\"><i class=\"fa fa-twitter\"><\/i> <\/a><\/div> <\/div><\/div><div class=\"col-lg-3 col-md-6 col-sm-6\"><div class=\"review-item\"><div class=\"item-inner\"><a href=\"https:\/\/www.youtube.com\/channel\/UCy8huJ68w-yARc6vzgQst2w\" target=\" _blank\"><i class=\"fa fa-youtube\"><\/i> <\/a><\/div> <\/div><\/div><div class=\"col-lg-3 col-md-6 col-sm-6\"><div class=\"review-item\"><div class=\"item-inner\"><a href=\"mailto:info@hotel-sabbiadoro.it\" target=\"\"><i class=\"fa fa-envelope\"><\/i> <\/a><\/div> <\/div><\/div> <\/div> <\/div> <!-- Contact Review End --><\/div><\/div><\/div><\/div><!-- Section Contact End --><div class=\"section\"><div class=\"wrapper-full\"><div class=\"widget-google-map\"><div class=\"map-title\"><i class=\"fa fa-map-marker\"><\/i><h5>MAP<\/h5><\/div><\/div><\/div><\/div>[\/vc_column][\/vc_row][vc_row][vc_column width=&#8220;2\/3&#8243;][vc_gmaps link=&#8220;#E-8_JTNDaWZyYW1lJTIwc3JjJTNEJTIyaHR0cHMlM0ElMkYlMkZ3d3cuZ29vZ2xlLmNvbSUyRm1hcHMlMkZlbWJlZCUzRnBiJTNEJTIxMW0xOCUyMTFtMTIlMjExbTMlMjExZDcyOC40NjIwOTQ4MDQzMDI2JTIxMmQxMC41MzcyMjk4MjkxODU4OSUyMTNkNDMuMDg2NjgyODc4MTMzNzQlMjEybTMlMjExZjAlMjEyZjAlMjEzZjAlMjEzbTIlMjExaTEwMjQlMjEyaTc2OCUyMTRmMTMuMSUyMTNtMyUyMTFtMiUyMTFzMHgxMmQ2MWMwZWY3ZmRmYTNmJTI1M0EweDkwMTVlYjJiZjQ5YjkyMDYlMjEyc0hvdGVsJTJCU2FiYmlhJTJCZCUyNiUyMzM5JTNCT3JvJTIxNWUwJTIxM20yJTIxMXNpdCUyMTJzdXMlMjE0djE0NzkzODAwNDExMDElMjIlMjB3aWR0aCUzRCUyMjgwMCUyMiUyMGhlaWdodCUzRCUyMjYwMCUyMiUyMGZyYW1lYm9yZGVyJTNEJTIyMCUyMiUyMHN0eWxlJTNEJTIyYm9yZGVyJTNBMCUyMiUyMGFsbG93ZnVsbHNjcmVlbiUzRSUzQyUyRmlmcmFtZSUzRQ==&#8220; size=&#8220;410&#8243;][\/vc_column][vc_column width=&#8220;1\/3&#8243; css=&#8220;.vc_custom_1479392490960{padding-top: 0px !important;padding-right: 0px !important;padding-bottom: 0px !important;padding-left: 0px !important;}&#8220;]<!-- Section About Promo --><div class=\"section \" id=\"lucacss\" ><div class=\"widget-about-promo\" data-background=\"\"><div class=\"wrapper-inner\"><div class=\"widget-inner\"><div class=\"row\"><div class=\"col-md-6\"><h5>Mit dem Auto<\/h5><h2><\/h2><strong>Von Norden:<\/strong> auf der Autobahn A12 Genova &#8211; Livorno &#8211; Rosignano Marittimo, Ausfahrt Rosignano Marittimo, Weiterfahrt in Richtung Rom, danach auf der Staatsstra\u00dfe SS 1, Ausfahrt San Vincenzo Nord; sodann weiterfahren Richtung San Vincenzo SP 39.<\/p>\n<p><strong>Von S\u00fcden:<\/strong> in Rom auf der Autobahn A12 in Richtung Civitavecchia, Weiterfahrt auf der SS 1 Richtung Grosseto, Ausfahrt San Vincenzo Nord, sodann weiterfahren Richtung San Vincenzo SP 39.<\/div><\/div><\/div><\/div><\/div><\/div><!-- Section About Promo End --><!-- Section About Promo --><div class=\"section \" id=\"lucacss\" ><div class=\"widget-about-promo\" data-background=\"\"><div class=\"wrapper-inner\"><div class=\"widget-inner\"><div class=\"row\"><div class=\"col-md-6\"><h5>Mit dem Zug<\/h5><h2><\/h2>Alight at San Vincenzo railway station<br \/>\n* Von Norden: Strecke Pisa &#8211; Livorno &#8211; Grosseto<br \/>\n* Von S\u00fcden: Strecke Rom &#8211; Grosseto &#8211; Livorno <\/div><\/div><\/div><\/div><\/div><\/div><!-- Section About Promo End --><!-- Section About Promo --><div class=\"section \" id=\"lucacss\" ><div class=\"widget-about-promo\" data-background=\"\"><div class=\"wrapper-inner\"><div class=\"widget-inner\"><div class=\"row\"><div class=\"col-md-6\"><h5>Mit dem Flugzeug<\/h5><h2><\/h2>* Flughafen Pisa (ungef\u00e4hr 85 km)<br \/>\n* Flughafen Florenz (ungef\u00e4hr 140 km)<\/div><\/div><\/div><\/div><\/div><\/div><!-- Section About Promo End --><!-- Section About Promo --><div class=\"section \" id=\"lucacss\" ><div class=\"widget-about-promo\" data-background=\"\"><div class=\"wrapper-inner\"><div class=\"widget-inner\"><div class=\"row\"><div class=\"col-md-6\"><h5>Mit dem Schiff <\/h5><h2><\/h2>F\u00e4hrverbindungen vom Hafen von Livorno<\/div><\/div><\/div><\/div><\/div><\/div><!-- Section About Promo End -->[\/vc_column][\/vc_row]<\/p>\n","protected":false},"excerpt":{"rendered":"<p>[vc_row grandium_select_container=&#8220;topandbottom&#8220;][vc_column][\/vc_column][\/vc_row][vc_row][vc_column width=&#8220;2\/3&#8243;][vc_gmaps link=&#8220;#E-8_JTNDaWZyYW1lJTIwc3JjJTNEJTIyaHR0cHMlM0ElMkYlMkZ3d3cuZ29vZ2xlLmNvbSUyRm1hcHMlMkZlbWJlZCUzRnBiJTNEJTIxMW0xOCUyMTFtMTIlMjExbTMlMjExZDcyOC40NjIwOTQ4MDQzMDI2JTIxMmQxMC41MzcyMjk4MjkxODU4OSUyMTNkNDMuMDg2NjgyODc4MTMzNzQlMjEybTMlMjExZjAlMjEyZjAlMjEzZjAlMjEzbTIlMjExaTEwMjQlMjEyaTc2OCUyMTRmMTMuMSUyMTNtMyUyMTFtMiUyMTFzMHgxMmQ2MWMwZWY3ZmRmYTNmJTI1M0EweDkwMTVlYjJiZjQ5YjkyMDYlMjEyc0hvdGVsJTJCU2FiYmlhJTJCZCUyNiUyMzM5JTNCT3JvJTIxNWUwJTIxM20yJTIxMXNpdCUyMTJzdXMlMjE0djE0NzkzODAwNDExMDElMjIlMjB3aWR0aCUzRCUyMjgwMCUyMiUyMGhlaWdodCUzRCUyMjYwMCUyMiUyMGZyYW1lYm9yZGVyJTNEJTIyMCUyMiUyMHN0eWxlJTNEJTIyYm9yZGVyJTNBMCUyMiUyMGFsbG93ZnVsbHNjcmVlbiUzRSUzQyUyRmlmcmFtZSUzRQ==&#8220; size=&#8220;410&#8243;][\/vc_column][vc_column width=&#8220;1\/3&#8243; css=&#8220;.vc_custom_1479392490960{padding-top: 0px !important;padding-right: 0px !important;padding-bottom: 0px !important;padding-left: 0px !important;}&#8220;][\/vc_column][\/vc_row]<\/p>\n","protected":false},"author":2,"featured_media":0,"parent":0,"menu_order":0,"comment_status":"closed","ping_status":"closed","template":"frontpage.php","meta":{"_expiration-date-status":"","_expiration-date":0,"_expiration-date-type":"","_expiration-date-categories":[],"_expiration-date-options":[]},"yoast_head":"<!-- This site is optimized with the Yoast SEO plugin v19.10 - https:\/\/yoast.com\/wordpress\/plugins\/seo\/ -->\n<title>Kontakte - Hotel Sabbia d&#039;Oro<\/title>\n<meta name=\"robots\" content=\"index, follow, max-snippet:-1, max-image-preview:large, max-video-preview:-1\" \/>\n<link rel=\"canonical\" href=\"https:\/\/www.hotel-sabbiadoro.it\/de\/kontakte\/\" \/>\n<meta property=\"og:locale\" content=\"de_DE\" \/>\n<meta property=\"og:type\" content=\"article\" \/>\n<meta property=\"og:title\" content=\"Kontakte - Hotel Sabbia d&#039;Oro\" \/>\n<meta property=\"og:description\" content=\"[vc_row grandium_select_container=&#8220;topandbottom&#8220;][vc_column][\/vc_column][\/vc_row][vc_row][vc_column width=&#8220;2\/3&#8243;][vc_gmaps link=&#8220;#E-8_JTNDaWZyYW1lJTIwc3JjJTNEJTIyaHR0cHMlM0ElMkYlMkZ3d3cuZ29vZ2xlLmNvbSUyRm1hcHMlMkZlbWJlZCUzRnBiJTNEJTIxMW0xOCUyMTFtMTIlMjExbTMlMjExZDcyOC40NjIwOTQ4MDQzMDI2JTIxMmQxMC41MzcyMjk4MjkxODU4OSUyMTNkNDMuMDg2NjgyODc4MTMzNzQlMjEybTMlMjExZjAlMjEyZjAlMjEzZjAlMjEzbTIlMjExaTEwMjQlMjEyaTc2OCUyMTRmMTMuMSUyMTNtMyUyMTFtMiUyMTFzMHgxMmQ2MWMwZWY3ZmRmYTNmJTI1M0EweDkwMTVlYjJiZjQ5YjkyMDYlMjEyc0hvdGVsJTJCU2FiYmlhJTJCZCUyNiUyMzM5JTNCT3JvJTIxNWUwJTIxM20yJTIxMXNpdCUyMTJzdXMlMjE0djE0NzkzODAwNDExMDElMjIlMjB3aWR0aCUzRCUyMjgwMCUyMiUyMGhlaWdodCUzRCUyMjYwMCUyMiUyMGZyYW1lYm9yZGVyJTNEJTIyMCUyMiUyMHN0eWxlJTNEJTIyYm9yZGVyJTNBMCUyMiUyMGFsbG93ZnVsbHNjcmVlbiUzRSUzQyUyRmlmcmFtZSUzRQ==&#8220; size=&#8220;410&#8243;][\/vc_column][vc_column width=&#8220;1\/3&#8243; css=&#8220;.vc_custom_1479392490960{padding-top: 0px !important;padding-right: 0px !important;padding-bottom: 0px !important;padding-left: 0px !important;}&#8220;][\/vc_column][\/vc_row]\" \/>\n<meta property=\"og:url\" content=\"https:\/\/www.hotel-sabbiadoro.it\/de\/kontakte\/\" \/>\n<meta property=\"og:site_name\" content=\"Hotel Sabbia d&#039;Oro\" \/>\n<meta property=\"article:modified_time\" content=\"2025-09-18T07:30:29+00:00\" \/>\n<meta name=\"twitter:card\" content=\"summary_large_image\" \/>\n<meta name=\"twitter:label1\" content=\"Gesch\u00e4tzte Lesezeit\" \/>\n\t<meta name=\"twitter:data1\" content=\"1\u00a0Minute\" \/>\n<script type=\"application\/ld+json\" class=\"yoast-schema-graph\">{\"@context\":\"https:\/\/schema.org\",\"@graph\":[{\"@type\":\"WebPage\",\"@id\":\"https:\/\/www.hotel-sabbiadoro.it\/de\/kontakte\/\",\"url\":\"https:\/\/www.hotel-sabbiadoro.it\/de\/kontakte\/\",\"name\":\"Kontakte - Hotel Sabbia d&#039;Oro\",\"isPartOf\":{\"@id\":\"https:\/\/www.hotel-sabbiadoro.it\/en\/#website\"},\"datePublished\":\"2017-02-22T14:29:39+00:00\",\"dateModified\":\"2025-09-18T07:30:29+00:00\",\"breadcrumb\":{\"@id\":\"https:\/\/www.hotel-sabbiadoro.it\/de\/kontakte\/#breadcrumb\"},\"inLanguage\":\"de\",\"potentialAction\":[{\"@type\":\"ReadAction\",\"target\":[\"https:\/\/www.hotel-sabbiadoro.it\/de\/kontakte\/\"]}]},{\"@type\":\"BreadcrumbList\",\"@id\":\"https:\/\/www.hotel-sabbiadoro.it\/de\/kontakte\/#breadcrumb\",\"itemListElement\":[{\"@type\":\"ListItem\",\"position\":1,\"name\":\"Home\",\"item\":\"https:\/\/www.hotel-sabbiadoro.it\/de\/\"},{\"@type\":\"ListItem\",\"position\":2,\"name\":\"Kontakte\"}]},{\"@type\":\"WebSite\",\"@id\":\"https:\/\/www.hotel-sabbiadoro.it\/en\/#website\",\"url\":\"https:\/\/www.hotel-sabbiadoro.it\/en\/\",\"name\":\"Hotel Sabbia d&#039;Oro\",\"description\":\"Hotel con Centro Benessere\",\"potentialAction\":[{\"@type\":\"SearchAction\",\"target\":{\"@type\":\"EntryPoint\",\"urlTemplate\":\"https:\/\/www.hotel-sabbiadoro.it\/en\/?s={search_term_string}\"},\"query-input\":\"required name=search_term_string\"}],\"inLanguage\":\"de\"}]}<\/script>\n<!-- \/ Yoast SEO plugin. -->","yoast_head_json":{"title":"Kontakte - Hotel Sabbia d&#039;Oro","robots":{"index":"index","follow":"follow","max-snippet":"max-snippet:-1","max-image-preview":"max-image-preview:large","max-video-preview":"max-video-preview:-1"},"canonical":"https:\/\/www.hotel-sabbiadoro.it\/de\/kontakte\/","og_locale":"de_DE","og_type":"article","og_title":"Kontakte - Hotel Sabbia d&#039;Oro","og_description":"[vc_row grandium_select_container=&#8220;topandbottom&#8220;][vc_column][\/vc_column][\/vc_row][vc_row][vc_column width=&#8220;2\/3&#8243;][vc_gmaps link=&#8220;#E-8_JTNDaWZyYW1lJTIwc3JjJTNEJTIyaHR0cHMlM0ElMkYlMkZ3d3cuZ29vZ2xlLmNvbSUyRm1hcHMlMkZlbWJlZCUzRnBiJTNEJTIxMW0xOCUyMTFtMTIlMjExbTMlMjExZDcyOC40NjIwOTQ4MDQzMDI2JTIxMmQxMC41MzcyMjk4MjkxODU4OSUyMTNkNDMuMDg2NjgyODc4MTMzNzQlMjEybTMlMjExZjAlMjEyZjAlMjEzZjAlMjEzbTIlMjExaTEwMjQlMjEyaTc2OCUyMTRmMTMuMSUyMTNtMyUyMTFtMiUyMTFzMHgxMmQ2MWMwZWY3ZmRmYTNmJTI1M0EweDkwMTVlYjJiZjQ5YjkyMDYlMjEyc0hvdGVsJTJCU2FiYmlhJTJCZCUyNiUyMzM5JTNCT3JvJTIxNWUwJTIxM20yJTIxMXNpdCUyMTJzdXMlMjE0djE0NzkzODAwNDExMDElMjIlMjB3aWR0aCUzRCUyMjgwMCUyMiUyMGhlaWdodCUzRCUyMjYwMCUyMiUyMGZyYW1lYm9yZGVyJTNEJTIyMCUyMiUyMHN0eWxlJTNEJTIyYm9yZGVyJTNBMCUyMiUyMGFsbG93ZnVsbHNjcmVlbiUzRSUzQyUyRmlmcmFtZSUzRQ==&#8220; size=&#8220;410&#8243;][\/vc_column][vc_column width=&#8220;1\/3&#8243; css=&#8220;.vc_custom_1479392490960{padding-top: 0px !important;padding-right: 0px !important;padding-bottom: 0px !important;padding-left: 0px !important;}&#8220;][\/vc_column][\/vc_row]","og_url":"https:\/\/www.hotel-sabbiadoro.it\/de\/kontakte\/","og_site_name":"Hotel Sabbia d&#039;Oro","article_modified_time":"2025-09-18T07:30:29+00:00","twitter_card":"summary_large_image","twitter_misc":{"Gesch\u00e4tzte Lesezeit":"1\u00a0Minute"},"schema":{"@context":"https:\/\/schema.org","@graph":[{"@type":"WebPage","@id":"https:\/\/www.hotel-sabbiadoro.it\/de\/kontakte\/","url":"https:\/\/www.hotel-sabbiadoro.it\/de\/kontakte\/","name":"Kontakte - Hotel Sabbia d&#039;Oro","isPartOf":{"@id":"https:\/\/www.hotel-sabbiadoro.it\/en\/#website"},"datePublished":"2017-02-22T14:29:39+00:00","dateModified":"2025-09-18T07:30:29+00:00","breadcrumb":{"@id":"https:\/\/www.hotel-sabbiadoro.it\/de\/kontakte\/#breadcrumb"},"inLanguage":"de","potentialAction":[{"@type":"ReadAction","target":["https:\/\/www.hotel-sabbiadoro.it\/de\/kontakte\/"]}]},{"@type":"BreadcrumbList","@id":"https:\/\/www.hotel-sabbiadoro.it\/de\/kontakte\/#breadcrumb","itemListElement":[{"@type":"ListItem","position":1,"name":"Home","item":"https:\/\/www.hotel-sabbiadoro.it\/de\/"},{"@type":"ListItem","position":2,"name":"Kontakte"}]},{"@type":"WebSite","@id":"https:\/\/www.hotel-sabbiadoro.it\/en\/#website","url":"https:\/\/www.hotel-sabbiadoro.it\/en\/","name":"Hotel Sabbia d&#039;Oro","description":"Hotel con Centro Benessere","potentialAction":[{"@type":"SearchAction","target":{"@type":"EntryPoint","urlTemplate":"https:\/\/www.hotel-sabbiadoro.it\/en\/?s={search_term_string}"},"query-input":"required name=search_term_string"}],"inLanguage":"de"}]}},"_links":{"self":[{"href":"https:\/\/www.hotel-sabbiadoro.it\/de\/wp-json\/wp\/v2\/pages\/966"}],"collection":[{"href":"https:\/\/www.hotel-sabbiadoro.it\/de\/wp-json\/wp\/v2\/pages"}],"about":[{"href":"https:\/\/www.hotel-sabbiadoro.it\/de\/wp-json\/wp\/v2\/types\/page"}],"author":[{"embeddable":true,"href":"https:\/\/www.hotel-sabbiadoro.it\/de\/wp-json\/wp\/v2\/users\/2"}],"replies":[{"embeddable":true,"href":"https:\/\/www.hotel-sabbiadoro.it\/de\/wp-json\/wp\/v2\/comments?post=966"}],"version-history":[{"count":1,"href":"https:\/\/www.hotel-sabbiadoro.it\/de\/wp-json\/wp\/v2\/pages\/966\/revisions"}],"predecessor-version":[{"id":30419,"href":"https:\/\/www.hotel-sabbiadoro.it\/de\/wp-json\/wp\/v2\/pages\/966\/revisions\/30419"}],"wp:attachment":[{"href":"https:\/\/www.hotel-sabbiadoro.it\/de\/wp-json\/wp\/v2\/media?parent=966"}],"curies":[{"name":"wp","href":"https:\/\/api.w.org\/{rel}","templated":true}]}}